{"id":1822,"date":"2025-10-09T13:24:29","date_gmt":"2025-10-09T13:24:29","guid":{"rendered":"https:\/\/genoks.com.tr\/%d8%a7%d9%84%d8%a3%d8%b3%d8%a6%d9%84%d8%a9-%d8%a7%d9%84%d8%b4%d8%a7%d8%a6%d8%b9%d8%a9\/"},"modified":"2026-04-30T18:12:50","modified_gmt":"2026-04-30T18:12:50","slug":"%d8%a7%d9%84%d8%a3%d8%b3%d8%a6%d9%84%d8%a9-%d8%a7%d9%84%d8%b4%d8%a7%d8%a6%d8%b9%d8%a9","status":"publish","type":"page","link":"https:\/\/genoks.com.tr\/ar\/%d8%a7%d9%84%d8%a3%d8%b3%d8%a6%d9%84%d8%a9-%d8%a7%d9%84%d8%b4%d8%a7%d8%a6%d8%b9%d8%a9\/","title":{"rendered":"\u0627\u0644\u0623\u0633\u0626\u0644\u0629 \u0627\u0644\u0645\u062a\u062f\u0627\u0648\u0644\u0629"},"content":{"rendered":"","protected":false},"excerpt":{"rendered":"","protected":false},"author":1,"featured_media":0,"parent":0,"menu_order":0,"comment_status":"closed","ping_status":"closed","template":"","meta":{"footnotes":""},"class_list":["post-1822","page","type-page","status-publish","hentry"],"aioseo_notices":[],"aioseo_head":"\n\t\t<!-- All in One SEO Pro 4.9.5.2 - aioseo.com -->\n\t<meta name=\"robots\" content=\"max-image-preview:large\" \/>\n\t<link rel=\"canonical\" href=\"https:\/\/genoks.com.tr\/ar\/%d8%a7%d9%84%d8%a3%d8%b3%d8%a6%d9%84%d8%a9-%d8%a7%d9%84%d8%b4%d8%a7%d8%a6%d8%b9%d8%a9\/\" \/>\n\t<meta name=\"generator\" content=\"All in One SEO Pro (AIOSEO) 4.9.5.2\" \/>\n\t\t<meta property=\"og:locale\" content=\"ar_AR\" \/>\n\t\t<meta property=\"og:site_name\" content=\"Genoks Genetics | NIPT\u060c \u0641\u062d\u0635 \u0627\u0644\u062d\u0627\u0645\u0644\u064a\u0646\u060c \u0639\u0644\u0645 \u0627\u0644\u0648\u0631\u0627\u062b\u0629 \u0627\u0644\u0648\u0631\u0645\u064a \u0648\u062e\u062f\u0645\u0627\u062a WES - \u0646\u064f\u0633\u0644\u0650\u0651\u0637 \u0627\u0644\u0636\u0648\u0621 \u0639\u0644\u0649 \u062c\u064a\u0646\u0627\u062a\u0643!\" \/>\n\t\t<meta property=\"og:type\" content=\"article\" \/>\n\t\t<meta property=\"og:title\" content=\"\u0627\u0644\u0623\u0633\u0626\u0644\u0629 \u0627\u0644\u0645\u062a\u062f\u0627\u0648\u0644\u0629 - Genoks Genetics | NIPT\u060c \u0641\u062d\u0635 \u0627\u0644\u062d\u0627\u0645\u0644\u064a\u0646\u060c \u0639\u0644\u0645 \u0627\u0644\u0648\u0631\u0627\u062b\u0629 \u0627\u0644\u0648\u0631\u0645\u064a \u0648\u062e\u062f\u0645\u0627\u062a WES\" \/>\n\t\t<meta property=\"og:url\" content=\"https:\/\/genoks.com.tr\/ar\/%d8%a7%d9%84%d8%a3%d8%b3%d8%a6%d9%84%d8%a9-%d8%a7%d9%84%d8%b4%d8%a7%d8%a6%d8%b9%d8%a9\/\" \/>\n\t\t<meta property=\"og:image\" content=\"https:\/\/genoks.com.tr\/wp-content\/uploads\/2025\/06\/genoks.svg\" \/>\n\t\t<meta property=\"og:image:secure_url\" content=\"https:\/\/genoks.com.tr\/wp-content\/uploads\/2025\/06\/genoks.svg\" \/>\n\t\t<meta property=\"article:published_time\" content=\"2025-10-09T13:24:29+00:00\" \/>\n\t\t<meta property=\"article:modified_time\" content=\"2026-04-30T18:12:50+00:00\" \/>\n\t\t<meta property=\"article:publisher\" content=\"https:\/\/www.facebook.com\/GenoksGHTM\" \/>\n\t\t<meta name=\"twitter:card\" content=\"summary_large_image\" \/>\n\t\t<meta name=\"twitter:site\" content=\"@Genoks_GHTM\" \/>\n\t\t<meta name=\"twitter:title\" content=\"\u0627\u0644\u0623\u0633\u0626\u0644\u0629 \u0627\u0644\u0645\u062a\u062f\u0627\u0648\u0644\u0629 - Genoks Genetics | NIPT\u060c \u0641\u062d\u0635 \u0627\u0644\u062d\u0627\u0645\u0644\u064a\u0646\u060c \u0639\u0644\u0645 \u0627\u0644\u0648\u0631\u0627\u062b\u0629 \u0627\u0644\u0648\u0631\u0645\u064a \u0648\u062e\u062f\u0645\u0627\u062a WES\" \/>\n\t\t<meta name=\"twitter:creator\" content=\"@Genoks_GHTM\" \/>\n\t\t<meta name=\"twitter:image\" content=\"https:\/\/genoks.com.tr\/wp-content\/uploads\/2025\/06\/genoks.svg\" \/>\n\t\t<script type=\"application\/ld+json\" class=\"aioseo-schema\">\n\t\t\t{\"@context\":\"https:\\\/\\\/schema.org\",\"@graph\":[{\"@type\":\"BreadcrumbList\",\"@id\":\"https:\\\/\\\/genoks.com.tr\\\/ar\\\/%d8%a7%d9%84%d8%a3%d8%b3%d8%a6%d9%84%d8%a9-%d8%a7%d9%84%d8%b4%d8%a7%d8%a6%d8%b9%d8%a9\\\/#breadcrumblist\",\"itemListElement\":[{\"@type\":\"ListItem\",\"@id\":\"https:\\\/\\\/genoks.com.tr\\\/ar\\\/#listItem\",\"position\":1,\"name\":\"Home\",\"item\":\"https:\\\/\\\/genoks.com.tr\\\/ar\\\/\",\"nextItem\":{\"@type\":\"ListItem\",\"@id\":\"https:\\\/\\\/genoks.com.tr\\\/ar\\\/%d8%a7%d9%84%d8%a3%d8%b3%d8%a6%d9%84%d8%a9-%d8%a7%d9%84%d8%b4%d8%a7%d8%a6%d8%b9%d8%a9\\\/#listItem\",\"name\":\"\\u0627\\u0644\\u0623\\u0633\\u0626\\u0644\\u0629 \\u0627\\u0644\\u0645\\u062a\\u062f\\u0627\\u0648\\u0644\\u0629\"}},{\"@type\":\"ListItem\",\"@id\":\"https:\\\/\\\/genoks.com.tr\\\/ar\\\/%d8%a7%d9%84%d8%a3%d8%b3%d8%a6%d9%84%d8%a9-%d8%a7%d9%84%d8%b4%d8%a7%d8%a6%d8%b9%d8%a9\\\/#listItem\",\"position\":2,\"name\":\"\\u0627\\u0644\\u0623\\u0633\\u0626\\u0644\\u0629 \\u0627\\u0644\\u0645\\u062a\\u062f\\u0627\\u0648\\u0644\\u0629\",\"previousItem\":{\"@type\":\"ListItem\",\"@id\":\"https:\\\/\\\/genoks.com.tr\\\/ar\\\/#listItem\",\"name\":\"Home\"}}]},{\"@type\":\"Organization\",\"@id\":\"https:\\\/\\\/genoks.com.tr\\\/ar\\\/#organization\",\"name\":\"Genoks Genetics | NIPT\\u060c \\u0641\\u062d\\u0635 \\u0627\\u0644\\u062d\\u0627\\u0645\\u0644\\u064a\\u0646\\u060c \\u0639\\u0644\\u0645 \\u0627\\u0644\\u0648\\u0631\\u0627\\u062b\\u0629 \\u0627\\u0644\\u0648\\u0631\\u0645\\u064a \\u0648\\u062e\\u062f\\u0645\\u0627\\u062a WES\",\"description\":\"\\u0646\\u064f\\u0633\\u0644\\u0650\\u0651\\u0637 \\u0627\\u0644\\u0636\\u0648\\u0621 \\u0639\\u0644\\u0649 \\u062c\\u064a\\u0646\\u0627\\u062a\\u0643!\",\"url\":\"https:\\\/\\\/genoks.com.tr\\\/ar\\\/\",\"telephone\":\"+904448732\",\"foundingDate\":\"2014-12-01\",\"numberOfEmployees\":{\"@type\":\"QuantitativeValue\",\"value\":160},\"logo\":{\"@type\":\"ImageObject\",\"url\":\"https:\\\/\\\/genoks.com.tr\\\/wp-content\\\/uploads\\\/2025\\\/06\\\/genoks.svg\",\"@id\":\"https:\\\/\\\/genoks.com.tr\\\/ar\\\/%d8%a7%d9%84%d8%a3%d8%b3%d8%a6%d9%84%d8%a9-%d8%a7%d9%84%d8%b4%d8%a7%d8%a6%d8%b9%d8%a9\\\/#organizationLogo\",\"caption\":\"RapidNIPT testi ile yap\\u0131lan NIPT taramas\\u0131 sayesinde gebelikte 90'dan fazla kromozomal hastal\\u0131k risksiz ve erken d\\u00f6nemde tespit edilir.\"},\"image\":{\"@id\":\"https:\\\/\\\/genoks.com.tr\\\/ar\\\/%d8%a7%d9%84%d8%a3%d8%b3%d8%a6%d9%84%d8%a9-%d8%a7%d9%84%d8%b4%d8%a7%d8%a6%d8%b9%d8%a9\\\/#organizationLogo\"},\"sameAs\":[\"https:\\\/\\\/www.facebook.com\\\/GenoksGHTM\",\"https:\\\/\\\/x.com\\\/Genoks_GHTM\",\"https:\\\/\\\/www.instagram.com\\\/genoks_ghtm\\\/\",\"https:\\\/\\\/www.linkedin.com\\\/in\\\/genoks\\\/\"]},{\"@type\":\"WebPage\",\"@id\":\"https:\\\/\\\/genoks.com.tr\\\/ar\\\/%d8%a7%d9%84%d8%a3%d8%b3%d8%a6%d9%84%d8%a9-%d8%a7%d9%84%d8%b4%d8%a7%d8%a6%d8%b9%d8%a9\\\/#webpage\",\"url\":\"https:\\\/\\\/genoks.com.tr\\\/ar\\\/%d8%a7%d9%84%d8%a3%d8%b3%d8%a6%d9%84%d8%a9-%d8%a7%d9%84%d8%b4%d8%a7%d8%a6%d8%b9%d8%a9\\\/\",\"name\":\"\\u0627\\u0644\\u0623\\u0633\\u0626\\u0644\\u0629 \\u0627\\u0644\\u0645\\u062a\\u062f\\u0627\\u0648\\u0644\\u0629 - Genoks Genetics | NIPT\\u060c \\u0641\\u062d\\u0635 \\u0627\\u0644\\u062d\\u0627\\u0645\\u0644\\u064a\\u0646\\u060c \\u0639\\u0644\\u0645 \\u0627\\u0644\\u0648\\u0631\\u0627\\u062b\\u0629 \\u0627\\u0644\\u0648\\u0631\\u0645\\u064a \\u0648\\u062e\\u062f\\u0645\\u0627\\u062a WES\",\"inLanguage\":\"ar\",\"isPartOf\":{\"@id\":\"https:\\\/\\\/genoks.com.tr\\\/ar\\\/#website\"},\"breadcrumb\":{\"@id\":\"https:\\\/\\\/genoks.com.tr\\\/ar\\\/%d8%a7%d9%84%d8%a3%d8%b3%d8%a6%d9%84%d8%a9-%d8%a7%d9%84%d8%b4%d8%a7%d8%a6%d8%b9%d8%a9\\\/#breadcrumblist\"},\"datePublished\":\"2025-10-09T13:24:29+00:00\",\"dateModified\":\"2026-04-30T18:12:50+00:00\"},{\"@type\":\"WebSite\",\"@id\":\"https:\\\/\\\/genoks.com.tr\\\/ar\\\/#website\",\"url\":\"https:\\\/\\\/genoks.com.tr\\\/ar\\\/\",\"name\":\"Genoks Genetics | NIPT\\u060c \\u0641\\u062d\\u0635 \\u0627\\u0644\\u062d\\u0627\\u0645\\u0644\\u064a\\u0646\\u060c \\u0639\\u0644\\u0645 \\u0627\\u0644\\u0648\\u0631\\u0627\\u062b\\u0629 \\u0627\\u0644\\u0648\\u0631\\u0645\\u064a \\u0648\\u062e\\u062f\\u0645\\u0627\\u062a WES\",\"description\":\"\\u0646\\u064f\\u0633\\u0644\\u0650\\u0651\\u0637 \\u0627\\u0644\\u0636\\u0648\\u0621 \\u0639\\u0644\\u0649 \\u062c\\u064a\\u0646\\u0627\\u062a\\u0643!\",\"inLanguage\":\"ar\",\"publisher\":{\"@id\":\"https:\\\/\\\/genoks.com.tr\\\/ar\\\/#organization\"}}]}\n\t\t<\/script>\n\t\t<!-- All in One SEO Pro -->\r\n\t\t<title>\u0627\u0644\u0623\u0633\u0626\u0644\u0629 \u0627\u0644\u0645\u062a\u062f\u0627\u0648\u0644\u0629 - Genoks Genetics | NIPT\u060c \u0641\u062d\u0635 \u0627\u0644\u062d\u0627\u0645\u0644\u064a\u0646\u060c \u0639\u0644\u0645 \u0627\u0644\u0648\u0631\u0627\u062b\u0629 \u0627\u0644\u0648\u0631\u0645\u064a \u0648\u062e\u062f\u0645\u0627\u062a WES<\/title>\n\n","aioseo_head_json":{"title":"\u0627\u0644\u0623\u0633\u0626\u0644\u0629 \u0627\u0644\u0645\u062a\u062f\u0627\u0648\u0644\u0629 - Genoks Genetics | NIPT\u060c \u0641\u062d\u0635 \u0627\u0644\u062d\u0627\u0645\u0644\u064a\u0646\u060c \u0639\u0644\u0645 \u0627\u0644\u0648\u0631\u0627\u062b\u0629 \u0627\u0644\u0648\u0631\u0645\u064a \u0648\u062e\u062f\u0645\u0627\u062a WES","description":"","canonical_url":"https:\/\/genoks.com.tr\/ar\/%d8%a7%d9%84%d8%a3%d8%b3%d8%a6%d9%84%d8%a9-%d8%a7%d9%84%d8%b4%d8%a7%d8%a6%d8%b9%d8%a9\/","robots":"max-image-preview:large","keywords":"","webmasterTools":{"miscellaneous":""},"schema":{"@context":"https:\/\/schema.org","@graph":[{"@type":"BreadcrumbList","@id":"https:\/\/genoks.com.tr\/ar\/%d8%a7%d9%84%d8%a3%d8%b3%d8%a6%d9%84%d8%a9-%d8%a7%d9%84%d8%b4%d8%a7%d8%a6%d8%b9%d8%a9\/#breadcrumblist","itemListElement":[{"@type":"ListItem","@id":"https:\/\/genoks.com.tr\/ar\/#listItem","position":1,"name":"Home","item":"https:\/\/genoks.com.tr\/ar\/","nextItem":{"@type":"ListItem","@id":"https:\/\/genoks.com.tr\/ar\/%d8%a7%d9%84%d8%a3%d8%b3%d8%a6%d9%84%d8%a9-%d8%a7%d9%84%d8%b4%d8%a7%d8%a6%d8%b9%d8%a9\/#listItem","name":"\u0627\u0644\u0623\u0633\u0626\u0644\u0629 \u0627\u0644\u0645\u062a\u062f\u0627\u0648\u0644\u0629"}},{"@type":"ListItem","@id":"https:\/\/genoks.com.tr\/ar\/%d8%a7%d9%84%d8%a3%d8%b3%d8%a6%d9%84%d8%a9-%d8%a7%d9%84%d8%b4%d8%a7%d8%a6%d8%b9%d8%a9\/#listItem","position":2,"name":"\u0627\u0644\u0623\u0633\u0626\u0644\u0629 \u0627\u0644\u0645\u062a\u062f\u0627\u0648\u0644\u0629","previousItem":{"@type":"ListItem","@id":"https:\/\/genoks.com.tr\/ar\/#listItem","name":"Home"}}]},{"@type":"Organization","@id":"https:\/\/genoks.com.tr\/ar\/#organization","name":"Genoks Genetics | NIPT\u060c \u0641\u062d\u0635 \u0627\u0644\u062d\u0627\u0645\u0644\u064a\u0646\u060c \u0639\u0644\u0645 \u0627\u0644\u0648\u0631\u0627\u062b\u0629 \u0627\u0644\u0648\u0631\u0645\u064a \u0648\u062e\u062f\u0645\u0627\u062a WES","description":"\u0646\u064f\u0633\u0644\u0650\u0651\u0637 \u0627\u0644\u0636\u0648\u0621 \u0639\u0644\u0649 \u062c\u064a\u0646\u0627\u062a\u0643!","url":"https:\/\/genoks.com.tr\/ar\/","telephone":"+904448732","foundingDate":"2014-12-01","numberOfEmployees":{"@type":"QuantitativeValue","value":160},"logo":{"@type":"ImageObject","url":"https:\/\/genoks.com.tr\/wp-content\/uploads\/2025\/06\/genoks.svg","@id":"https:\/\/genoks.com.tr\/ar\/%d8%a7%d9%84%d8%a3%d8%b3%d8%a6%d9%84%d8%a9-%d8%a7%d9%84%d8%b4%d8%a7%d8%a6%d8%b9%d8%a9\/#organizationLogo","caption":"RapidNIPT testi ile yap\u0131lan NIPT taramas\u0131 sayesinde gebelikte 90'dan fazla kromozomal hastal\u0131k risksiz ve erken d\u00f6nemde tespit edilir."},"image":{"@id":"https:\/\/genoks.com.tr\/ar\/%d8%a7%d9%84%d8%a3%d8%b3%d8%a6%d9%84%d8%a9-%d8%a7%d9%84%d8%b4%d8%a7%d8%a6%d8%b9%d8%a9\/#organizationLogo"},"sameAs":["https:\/\/www.facebook.com\/GenoksGHTM","https:\/\/x.com\/Genoks_GHTM","https:\/\/www.instagram.com\/genoks_ghtm\/","https:\/\/www.linkedin.com\/in\/genoks\/"]},{"@type":"WebPage","@id":"https:\/\/genoks.com.tr\/ar\/%d8%a7%d9%84%d8%a3%d8%b3%d8%a6%d9%84%d8%a9-%d8%a7%d9%84%d8%b4%d8%a7%d8%a6%d8%b9%d8%a9\/#webpage","url":"https:\/\/genoks.com.tr\/ar\/%d8%a7%d9%84%d8%a3%d8%b3%d8%a6%d9%84%d8%a9-%d8%a7%d9%84%d8%b4%d8%a7%d8%a6%d8%b9%d8%a9\/","name":"\u0627\u0644\u0623\u0633\u0626\u0644\u0629 \u0627\u0644\u0645\u062a\u062f\u0627\u0648\u0644\u0629 - Genoks Genetics | NIPT\u060c \u0641\u062d\u0635 \u0627\u0644\u062d\u0627\u0645\u0644\u064a\u0646\u060c \u0639\u0644\u0645 \u0627\u0644\u0648\u0631\u0627\u062b\u0629 \u0627\u0644\u0648\u0631\u0645\u064a \u0648\u062e\u062f\u0645\u0627\u062a WES","inLanguage":"ar","isPartOf":{"@id":"https:\/\/genoks.com.tr\/ar\/#website"},"breadcrumb":{"@id":"https:\/\/genoks.com.tr\/ar\/%d8%a7%d9%84%d8%a3%d8%b3%d8%a6%d9%84%d8%a9-%d8%a7%d9%84%d8%b4%d8%a7%d8%a6%d8%b9%d8%a9\/#breadcrumblist"},"datePublished":"2025-10-09T13:24:29+00:00","dateModified":"2026-04-30T18:12:50+00:00"},{"@type":"WebSite","@id":"https:\/\/genoks.com.tr\/ar\/#website","url":"https:\/\/genoks.com.tr\/ar\/","name":"Genoks Genetics | NIPT\u060c \u0641\u062d\u0635 \u0627\u0644\u062d\u0627\u0645\u0644\u064a\u0646\u060c \u0639\u0644\u0645 \u0627\u0644\u0648\u0631\u0627\u062b\u0629 \u0627\u0644\u0648\u0631\u0645\u064a \u0648\u062e\u062f\u0645\u0627\u062a WES","description":"\u0646\u064f\u0633\u0644\u0650\u0651\u0637 \u0627\u0644\u0636\u0648\u0621 \u0639\u0644\u0649 \u062c\u064a\u0646\u0627\u062a\u0643!","inLanguage":"ar","publisher":{"@id":"https:\/\/genoks.com.tr\/ar\/#organization"}}]},"og:locale":"ar_AR","og:site_name":"Genoks Genetics | NIPT\u060c \u0641\u062d\u0635 \u0627\u0644\u062d\u0627\u0645\u0644\u064a\u0646\u060c \u0639\u0644\u0645 \u0627\u0644\u0648\u0631\u0627\u062b\u0629 \u0627\u0644\u0648\u0631\u0645\u064a \u0648\u062e\u062f\u0645\u0627\u062a WES - \u0646\u064f\u0633\u0644\u0650\u0651\u0637 \u0627\u0644\u0636\u0648\u0621 \u0639\u0644\u0649 \u062c\u064a\u0646\u0627\u062a\u0643!","og:type":"article","og:title":"\u0627\u0644\u0623\u0633\u0626\u0644\u0629 \u0627\u0644\u0645\u062a\u062f\u0627\u0648\u0644\u0629 - Genoks Genetics | NIPT\u060c \u0641\u062d\u0635 \u0627\u0644\u062d\u0627\u0645\u0644\u064a\u0646\u060c \u0639\u0644\u0645 \u0627\u0644\u0648\u0631\u0627\u062b\u0629 \u0627\u0644\u0648\u0631\u0645\u064a \u0648\u062e\u062f\u0645\u0627\u062a WES","og:url":"https:\/\/genoks.com.tr\/ar\/%d8%a7%d9%84%d8%a3%d8%b3%d8%a6%d9%84%d8%a9-%d8%a7%d9%84%d8%b4%d8%a7%d8%a6%d8%b9%d8%a9\/","og:image":"https:\/\/genoks.com.tr\/wp-content\/uploads\/2025\/06\/genoks.svg","og:image:secure_url":"https:\/\/genoks.com.tr\/wp-content\/uploads\/2025\/06\/genoks.svg","article:published_time":"2025-10-09T13:24:29+00:00","article:modified_time":"2026-04-30T18:12:50+00:00","article:publisher":"https:\/\/www.facebook.com\/GenoksGHTM","twitter:card":"summary_large_image","twitter:site":"@Genoks_GHTM","twitter:title":"\u0627\u0644\u0623\u0633\u0626\u0644\u0629 \u0627\u0644\u0645\u062a\u062f\u0627\u0648\u0644\u0629 - Genoks Genetics | NIPT\u060c \u0641\u062d\u0635 \u0627\u0644\u062d\u0627\u0645\u0644\u064a\u0646\u060c \u0639\u0644\u0645 \u0627\u0644\u0648\u0631\u0627\u062b\u0629 \u0627\u0644\u0648\u0631\u0645\u064a \u0648\u062e\u062f\u0645\u0627\u062a WES","twitter:creator":"@Genoks_GHTM","twitter:image":"https:\/\/genoks.com.tr\/wp-content\/uploads\/2025\/06\/genoks.svg"},"aioseo_meta_data":{"post_id":"1822","title":null,"description":null,"keywords":null,"keyphrases":{"focus":{"keyphrase":"","score":0,"analysis":{"keyphraseInTitle":{"score":0,"maxScore":9,"error":1}}},"additional":[]},"primary_term":null,"canonical_url":null,"og_title":null,"og_description":null,"og_object_type":"default","og_image_type":"default","og_image_url":null,"og_image_width":null,"og_image_height":null,"og_image_custom_url":null,"og_image_custom_fields":null,"og_video":"","og_custom_url":null,"og_article_section":null,"og_article_tags":null,"twitter_use_og":false,"twitter_card":"default","twitter_image_type":"default","twitter_image_url":null,"twitter_image_custom_url":null,"twitter_image_custom_fields":null,"twitter_title":null,"twitter_description":null,"schema":{"blockGraphs":[],"customGraphs":[],"default":{"data":{"Article":[],"Course":[],"Dataset":[],"FAQPage":[],"Movie":[],"Person":[],"Product":[],"ProductReview":[],"Car":[],"Recipe":[],"Service":[],"SoftwareApplication":[],"WebPage":[]},"graphName":"WebPage","isEnabled":true},"graphs":[]},"schema_type":"default","schema_type_options":null,"pillar_content":false,"robots_default":true,"robots_noindex":false,"robots_noarchive":false,"robots_nosnippet":false,"robots_nofollow":false,"robots_noimageindex":false,"robots_noodp":false,"robots_notranslate":false,"robots_max_snippet":"-1","robots_max_videopreview":"-1","robots_max_imagepreview":"large","priority":null,"frequency":"default","local_seo":null,"seo_analyzer_scan_date":"2026-04-30 19:12:16","breadcrumb_settings":null,"limit_modified_date":false,"reviewed_by":"0","open_ai":null,"ai":{"faqs":[],"keyPoints":[],"titles":[],"descriptions":[],"socialPosts":{"email":[],"linkedin":[],"twitter":[],"facebook":[],"instagram":[]}},"created":"2025-12-13 15:51:31","updated":"2026-04-30 20:20:56"},"aioseo_breadcrumb":"<div class=\"aioseo-breadcrumbs\"><span class=\"aioseo-breadcrumb\">\n\t<a href=\"https:\/\/genoks.com.tr\/ar\/\" title=\"Home\">Home<\/a>\n<\/span><span class=\"aioseo-breadcrumb-separator\">&raquo;<\/span><span class=\"aioseo-breadcrumb\">\n\t\u0627\u0644\u0623\u0633\u0626\u0644\u0629 \u0627\u0644\u0645\u062a\u062f\u0627\u0648\u0644\u0629\n<\/span><\/div>","aioseo_breadcrumb_json":[{"label":"Home","link":"https:\/\/genoks.com.tr\/ar\/"},{"label":"\u0627\u0644\u0623\u0633\u0626\u0644\u0629 \u0627\u0644\u0645\u062a\u062f\u0627\u0648\u0644\u0629","link":"https:\/\/genoks.com.tr\/ar\/%d8%a7%d9%84%d8%a3%d8%b3%d8%a6%d9%84%d8%a9-%d8%a7%d9%84%d8%b4%d8%a7%d8%a6%d8%b9%d8%a9\/"}],"_links":{"self":[{"href":"https:\/\/genoks.com.tr\/ar\/wp-json\/wp\/v2\/pages\/1822","targetHints":{"allow":["GET"]}}],"collection":[{"href":"https:\/\/genoks.com.tr\/ar\/wp-json\/wp\/v2\/pages"}],"about":[{"href":"https:\/\/genoks.com.tr\/ar\/wp-json\/wp\/v2\/types\/page"}],"author":[{"embeddable":true,"href":"https:\/\/genoks.com.tr\/ar\/wp-json\/wp\/v2\/users\/1"}],"replies":[{"embeddable":true,"href":"https:\/\/genoks.com.tr\/ar\/wp-json\/wp\/v2\/comments?post=1822"}],"version-history":[{"count":1,"href":"https:\/\/genoks.com.tr\/ar\/wp-json\/wp\/v2\/pages\/1822\/revisions"}],"predecessor-version":[{"id":2653,"href":"https:\/\/genoks.com.tr\/ar\/wp-json\/wp\/v2\/pages\/1822\/revisions\/2653"}],"wp:attachment":[{"href":"https:\/\/genoks.com.tr\/ar\/wp-json\/wp\/v2\/media?parent=1822"}],"curies":[{"name":"wp","href":"https:\/\/api.w.org\/{rel}","templated":true}]}}