{"id":1733,"date":"2023-01-25T15:21:13","date_gmt":"2023-01-25T15:21:13","guid":{"rendered":"https:\/\/genoks.com.tr\/esas-s%c9%99hif%c9%99\/"},"modified":"2023-01-25T15:21:13","modified_gmt":"2023-01-25T15:21:13","slug":"esas-s%c9%99hif%c9%99","status":"publish","type":"page","link":"https:\/\/genoks.com.tr\/az\/","title":{"rendered":"\u018fsas S\u0259hif\u0259"},"content":{"rendered":"","protected":false},"excerpt":{"rendered":"","protected":false},"author":1,"featured_media":0,"parent":0,"menu_order":0,"comment_status":"open","ping_status":"closed","template":"","meta":{"footnotes":""},"class_list":["post-1733","page","type-page","status-publish","hentry"],"aioseo_notices":[],"aioseo_head":"\n\t\t<!-- All in One SEO Pro 4.9.5.2 - aioseo.com -->\n\t<meta name=\"description\" content=\"Genoks; NIPT, WES, da\u015f\u0131y\u0131c\u0131 tarama, onkogenetik, CES, x\u0259r\u00e7\u0259ng v\u0259 genetik testl\u0259rl\u0259 \u015f\u0259xs\u0259 \u00f6z\u0259l h\u0259ll\u0259r t\u0259qdim edir. Genetik sa\u011flaml\u0131\u011f\u0131n\u0131z \u00fc\u00e7\u00fcn Genoks yan\u0131n\u0131zdad\u0131r.\" \/>\n\t<meta name=\"robots\" content=\"max-image-preview:large\" \/>\n\t<link rel=\"canonical\" href=\"https:\/\/genoks.com.tr\/az\/\" \/>\n\t<meta name=\"generator\" content=\"All in One SEO Pro (AIOSEO) 4.9.5.2\" \/>\n\t\t<meta property=\"og:locale\" content=\"az_AZ\" \/>\n\t\t<meta property=\"og:site_name\" content=\"Genoks Genetika | NIPT, Da\u015f\u0131y\u0131c\u0131 Tarama, Onkogenetika v\u0259 WES Xidm\u0259tl\u0259ri - Genl\u0259riniz\u0259 \u0130\u015f\u0131q Sa\u00e7\u0131r\u0131q!\" \/>\n\t\t<meta property=\"og:type\" content=\"website\" \/>\n\t\t<meta property=\"og:title\" content=\"Genoks | NIPT, Da\u015f\u0131y\u0131c\u0131 Tarama, Onkogenetik, WES Xidm\u0259tl\u0259ri\" \/>\n\t\t<meta property=\"og:description\" content=\"Genoks; NIPT, WES, da\u015f\u0131y\u0131c\u0131 tarama, onkogenetik, CES, x\u0259r\u00e7\u0259ng v\u0259 genetik testl\u0259rl\u0259 \u015f\u0259xs\u0259 \u00f6z\u0259l h\u0259ll\u0259r t\u0259qdim edir. Genetik sa\u011flaml\u0131\u011f\u0131n\u0131z \u00fc\u00e7\u00fcn Genoks yan\u0131n\u0131zdad\u0131r.\" \/>\n\t\t<meta property=\"og:url\" content=\"https:\/\/genoks.com.tr\/az\/\" \/>\n\t\t<meta property=\"og:image\" content=\"https:\/\/genoks.com.tr\/wp-content\/uploads\/2025\/06\/genoks.svg\" \/>\n\t\t<meta property=\"og:image:secure_url\" content=\"https:\/\/genoks.com.tr\/wp-content\/uploads\/2025\/06\/genoks.svg\" \/>\n\t\t<meta name=\"twitter:card\" content=\"summary_large_image\" \/>\n\t\t<meta name=\"twitter:site\" content=\"@Genoks_GHTM\" \/>\n\t\t<meta name=\"twitter:title\" content=\"Genoks | NIPT, Da\u015f\u0131y\u0131c\u0131 Tarama, Onkogenetik, WES Xidm\u0259tl\u0259ri\" \/>\n\t\t<meta name=\"twitter:description\" content=\"Genoks; NIPT, WES, da\u015f\u0131y\u0131c\u0131 tarama, onkogenetik, CES, x\u0259r\u00e7\u0259ng v\u0259 genetik testl\u0259rl\u0259 \u015f\u0259xs\u0259 \u00f6z\u0259l h\u0259ll\u0259r t\u0259qdim edir. Genetik sa\u011flaml\u0131\u011f\u0131n\u0131z \u00fc\u00e7\u00fcn Genoks yan\u0131n\u0131zdad\u0131r.\" \/>\n\t\t<meta name=\"twitter:creator\" content=\"@Genoks_GHTM\" \/>\n\t\t<meta name=\"twitter:image\" content=\"https:\/\/genoks.com.tr\/wp-content\/uploads\/2025\/06\/genoks.svg\" \/>\n\t\t<script type=\"application\/ld+json\" class=\"aioseo-schema\">\n\t\t\t{\"@context\":\"https:\\\/\\\/schema.org\",\"@graph\":[{\"@type\":\"BreadcrumbList\",\"@id\":\"https:\\\/\\\/genoks.com.tr\\\/az\\\/#breadcrumblist\",\"itemListElement\":[{\"@type\":\"ListItem\",\"@id\":\"https:\\\/\\\/genoks.com.tr\\\/az\\\/#listItem\",\"position\":1,\"name\":\"Home\",\"item\":\"https:\\\/\\\/genoks.com.tr\\\/az\\\/\",\"nextItem\":{\"@type\":\"ListItem\",\"@id\":\"https:\\\/\\\/genoks.com.tr\\\/az\\\/#listItem\",\"name\":\"\\u018fsas S\\u0259hif\\u0259\"}},{\"@type\":\"ListItem\",\"@id\":\"https:\\\/\\\/genoks.com.tr\\\/az\\\/#listItem\",\"position\":2,\"name\":\"\\u018fsas S\\u0259hif\\u0259\",\"previousItem\":{\"@type\":\"ListItem\",\"@id\":\"https:\\\/\\\/genoks.com.tr\\\/az\\\/#listItem\",\"name\":\"Home\"}}]},{\"@type\":\"Organization\",\"@id\":\"https:\\\/\\\/genoks.com.tr\\\/az\\\/#organization\",\"name\":\"Genoks Genetika | NIPT, Da\\u015f\\u0131y\\u0131c\\u0131 Tarama, Onkogenetika v\\u0259 WES Xidm\\u0259tl\\u0259ri\",\"description\":\"Genl\\u0259riniz\\u0259 \\u0130\\u015f\\u0131q Sa\\u00e7\\u0131r\\u0131q!\",\"url\":\"https:\\\/\\\/genoks.com.tr\\\/az\\\/\",\"telephone\":\"+904448732\",\"foundingDate\":\"2014-12-01\",\"numberOfEmployees\":{\"@type\":\"QuantitativeValue\",\"value\":160},\"logo\":{\"@type\":\"ImageObject\",\"url\":\"https:\\\/\\\/genoks.com.tr\\\/wp-content\\\/uploads\\\/2025\\\/06\\\/genoks.svg\",\"@id\":\"https:\\\/\\\/genoks.com.tr\\\/az\\\/#organizationLogo\",\"caption\":\"RapidNIPT testi ile yap\\u0131lan NIPT taramas\\u0131 sayesinde gebelikte 90'dan fazla kromozomal hastal\\u0131k risksiz ve erken d\\u00f6nemde tespit edilir.\"},\"image\":{\"@id\":\"https:\\\/\\\/genoks.com.tr\\\/az\\\/#organizationLogo\"},\"sameAs\":[\"https:\\\/\\\/www.facebook.com\\\/GenoksGHTM\",\"https:\\\/\\\/x.com\\\/Genoks_GHTM\",\"https:\\\/\\\/www.instagram.com\\\/genoks_ghtm\\\/\",\"https:\\\/\\\/www.linkedin.com\\\/in\\\/genoks\\\/\"]},{\"@type\":\"WebPage\",\"@id\":\"https:\\\/\\\/genoks.com.tr\\\/az\\\/#webpage\",\"url\":\"https:\\\/\\\/genoks.com.tr\\\/az\\\/\",\"name\":\"Genoks | NIPT, Da\\u015f\\u0131y\\u0131c\\u0131 Tarama, Onkogenetik, WES Xidm\\u0259tl\\u0259ri\",\"description\":\"Genoks; NIPT, WES, da\\u015f\\u0131y\\u0131c\\u0131 tarama, onkogenetik, CES, x\\u0259r\\u00e7\\u0259ng v\\u0259 genetik testl\\u0259rl\\u0259 \\u015f\\u0259xs\\u0259 \\u00f6z\\u0259l h\\u0259ll\\u0259r t\\u0259qdim edir. Genetik sa\\u011flaml\\u0131\\u011f\\u0131n\\u0131z \\u00fc\\u00e7\\u00fcn Genoks yan\\u0131n\\u0131zdad\\u0131r.\",\"inLanguage\":\"az\",\"isPartOf\":{\"@id\":\"https:\\\/\\\/genoks.com.tr\\\/az\\\/#website\"},\"breadcrumb\":{\"@id\":\"https:\\\/\\\/genoks.com.tr\\\/az\\\/#breadcrumblist\"},\"datePublished\":\"2023-01-25T15:21:13+00:00\",\"dateModified\":\"2023-01-25T15:21:13+00:00\"},{\"@type\":\"WebSite\",\"@id\":\"https:\\\/\\\/genoks.com.tr\\\/az\\\/#website\",\"url\":\"https:\\\/\\\/genoks.com.tr\\\/az\\\/\",\"name\":\"Genoks Genetika | NIPT, Da\\u015f\\u0131y\\u0131c\\u0131 Tarama, Onkogenetika v\\u0259 WES Xidm\\u0259tl\\u0259ri\",\"description\":\"Genl\\u0259riniz\\u0259 \\u0130\\u015f\\u0131q Sa\\u00e7\\u0131r\\u0131q!\",\"inLanguage\":\"az\",\"publisher\":{\"@id\":\"https:\\\/\\\/genoks.com.tr\\\/az\\\/#organization\"}}]}\n\t\t<\/script>\n\t\t<!-- All in One SEO Pro -->\r\n\t\t<title>Genoks | NIPT, Da\u015f\u0131y\u0131c\u0131 Tarama, Onkogenetik, WES Xidm\u0259tl\u0259ri<\/title>\n\n","aioseo_head_json":{"title":"Genoks | NIPT, Da\u015f\u0131y\u0131c\u0131 Tarama, Onkogenetik, WES Xidm\u0259tl\u0259ri","description":"Genoks; NIPT, WES, da\u015f\u0131y\u0131c\u0131 tarama, onkogenetik, CES, x\u0259r\u00e7\u0259ng v\u0259 genetik testl\u0259rl\u0259 \u015f\u0259xs\u0259 \u00f6z\u0259l h\u0259ll\u0259r t\u0259qdim edir. Genetik sa\u011flaml\u0131\u011f\u0131n\u0131z \u00fc\u00e7\u00fcn Genoks yan\u0131n\u0131zdad\u0131r.","canonical_url":"https:\/\/genoks.com.tr\/az\/","robots":"max-image-preview:large","keywords":"","webmasterTools":{"miscellaneous":""},"schema":{"@context":"https:\/\/schema.org","@graph":[{"@type":"BreadcrumbList","@id":"https:\/\/genoks.com.tr\/az\/#breadcrumblist","itemListElement":[{"@type":"ListItem","@id":"https:\/\/genoks.com.tr\/az\/#listItem","position":1,"name":"Home","item":"https:\/\/genoks.com.tr\/az\/","nextItem":{"@type":"ListItem","@id":"https:\/\/genoks.com.tr\/az\/#listItem","name":"\u018fsas S\u0259hif\u0259"}},{"@type":"ListItem","@id":"https:\/\/genoks.com.tr\/az\/#listItem","position":2,"name":"\u018fsas S\u0259hif\u0259","previousItem":{"@type":"ListItem","@id":"https:\/\/genoks.com.tr\/az\/#listItem","name":"Home"}}]},{"@type":"Organization","@id":"https:\/\/genoks.com.tr\/az\/#organization","name":"Genoks Genetika | NIPT, Da\u015f\u0131y\u0131c\u0131 Tarama, Onkogenetika v\u0259 WES Xidm\u0259tl\u0259ri","description":"Genl\u0259riniz\u0259 \u0130\u015f\u0131q Sa\u00e7\u0131r\u0131q!","url":"https:\/\/genoks.com.tr\/az\/","telephone":"+904448732","foundingDate":"2014-12-01","numberOfEmployees":{"@type":"QuantitativeValue","value":160},"logo":{"@type":"ImageObject","url":"https:\/\/genoks.com.tr\/wp-content\/uploads\/2025\/06\/genoks.svg","@id":"https:\/\/genoks.com.tr\/az\/#organizationLogo","caption":"RapidNIPT testi ile yap\u0131lan NIPT taramas\u0131 sayesinde gebelikte 90'dan fazla kromozomal hastal\u0131k risksiz ve erken d\u00f6nemde tespit edilir."},"image":{"@id":"https:\/\/genoks.com.tr\/az\/#organizationLogo"},"sameAs":["https:\/\/www.facebook.com\/GenoksGHTM","https:\/\/x.com\/Genoks_GHTM","https:\/\/www.instagram.com\/genoks_ghtm\/","https:\/\/www.linkedin.com\/in\/genoks\/"]},{"@type":"WebPage","@id":"https:\/\/genoks.com.tr\/az\/#webpage","url":"https:\/\/genoks.com.tr\/az\/","name":"Genoks | NIPT, Da\u015f\u0131y\u0131c\u0131 Tarama, Onkogenetik, WES Xidm\u0259tl\u0259ri","description":"Genoks; NIPT, WES, da\u015f\u0131y\u0131c\u0131 tarama, onkogenetik, CES, x\u0259r\u00e7\u0259ng v\u0259 genetik testl\u0259rl\u0259 \u015f\u0259xs\u0259 \u00f6z\u0259l h\u0259ll\u0259r t\u0259qdim edir. Genetik sa\u011flaml\u0131\u011f\u0131n\u0131z \u00fc\u00e7\u00fcn Genoks yan\u0131n\u0131zdad\u0131r.","inLanguage":"az","isPartOf":{"@id":"https:\/\/genoks.com.tr\/az\/#website"},"breadcrumb":{"@id":"https:\/\/genoks.com.tr\/az\/#breadcrumblist"},"datePublished":"2023-01-25T15:21:13+00:00","dateModified":"2023-01-25T15:21:13+00:00"},{"@type":"WebSite","@id":"https:\/\/genoks.com.tr\/az\/#website","url":"https:\/\/genoks.com.tr\/az\/","name":"Genoks Genetika | NIPT, Da\u015f\u0131y\u0131c\u0131 Tarama, Onkogenetika v\u0259 WES Xidm\u0259tl\u0259ri","description":"Genl\u0259riniz\u0259 \u0130\u015f\u0131q Sa\u00e7\u0131r\u0131q!","inLanguage":"az","publisher":{"@id":"https:\/\/genoks.com.tr\/az\/#organization"}}]},"og:locale":"az_AZ","og:site_name":"Genoks Genetika | NIPT, Da\u015f\u0131y\u0131c\u0131 Tarama, Onkogenetika v\u0259 WES Xidm\u0259tl\u0259ri - Genl\u0259riniz\u0259 \u0130\u015f\u0131q Sa\u00e7\u0131r\u0131q!","og:type":"website","og:title":"Genoks | NIPT, Da\u015f\u0131y\u0131c\u0131 Tarama, Onkogenetik, WES Xidm\u0259tl\u0259ri","og:description":"Genoks; NIPT, WES, da\u015f\u0131y\u0131c\u0131 tarama, onkogenetik, CES, x\u0259r\u00e7\u0259ng v\u0259 genetik testl\u0259rl\u0259 \u015f\u0259xs\u0259 \u00f6z\u0259l h\u0259ll\u0259r t\u0259qdim edir. Genetik sa\u011flaml\u0131\u011f\u0131n\u0131z \u00fc\u00e7\u00fcn Genoks yan\u0131n\u0131zdad\u0131r.","og:url":"https:\/\/genoks.com.tr\/az\/","og:image":"https:\/\/genoks.com.tr\/wp-content\/uploads\/2025\/06\/genoks.svg","og:image:secure_url":"https:\/\/genoks.com.tr\/wp-content\/uploads\/2025\/06\/genoks.svg","twitter:card":"summary_large_image","twitter:site":"@Genoks_GHTM","twitter:title":"Genoks | NIPT, Da\u015f\u0131y\u0131c\u0131 Tarama, Onkogenetik, WES Xidm\u0259tl\u0259ri","twitter:description":"Genoks; NIPT, WES, da\u015f\u0131y\u0131c\u0131 tarama, onkogenetik, CES, x\u0259r\u00e7\u0259ng v\u0259 genetik testl\u0259rl\u0259 \u015f\u0259xs\u0259 \u00f6z\u0259l h\u0259ll\u0259r t\u0259qdim edir. Genetik sa\u011flaml\u0131\u011f\u0131n\u0131z \u00fc\u00e7\u00fcn Genoks yan\u0131n\u0131zdad\u0131r.","twitter:creator":"@Genoks_GHTM","twitter:image":"https:\/\/genoks.com.tr\/wp-content\/uploads\/2025\/06\/genoks.svg"},"aioseo_meta_data":{"post_id":"1733","title":"Genoks | NIPT, Da\u015f\u0131y\u0131c\u0131 Tarama, Onkogenetik, WES Xidm\u0259tl\u0259ri","description":"Genoks; NIPT, WES, da\u015f\u0131y\u0131c\u0131 tarama, onkogenetik, CES, x\u0259r\u00e7\u0259ng v\u0259 genetik testl\u0259rl\u0259 \u015f\u0259xs\u0259 \u00f6z\u0259l h\u0259ll\u0259r t\u0259qdim edir. Genetik sa\u011flaml\u0131\u011f\u0131n\u0131z \u00fc\u00e7\u00fcn Genoks yan\u0131n\u0131zdad\u0131r.","keywords":null,"keyphrases":{"focus":{"keyphrase":"NIPT","score":100,"analysis":{"keyphraseInTitle":{"score":9,"maxScore":9,"error":0},"keyphraseInDescription":{"score":9,"maxScore":9,"error":0},"keyphraseLength":{"score":9,"maxScore":9,"error":0,"length":1}}},"additional":[{"keyphrase":"WES","score":100,"analysis":{"keyphraseInDescription":{"score":9,"maxScore":9,"error":0},"keyphraseLength":{"score":9,"maxScore":9,"error":0,"length":1}}},{"keyphrase":"Ta\u015f\u0131y\u0131c\u0131","score":100,"analysis":{"keyphraseInDescription":{"score":9,"maxScore":9,"error":0},"keyphraseLength":{"score":9,"maxScore":9,"error":0,"length":3}}},{"keyphrase":"tarama","score":100,"analysis":{"keyphraseInDescription":{"score":9,"maxScore":9,"error":0},"keyphraseLength":{"score":9,"maxScore":9,"error":0,"length":1}}},{"keyphrase":"kanser","score":100,"analysis":{"keyphraseInDescription":{"score":9,"maxScore":9,"error":0},"keyphraseLength":{"score":9,"maxScore":9,"error":0,"length":1}}},{"keyphrase":"genetik","score":100,"analysis":{"keyphraseInDescription":{"score":9,"maxScore":9,"error":0},"keyphraseLength":{"score":9,"maxScore":9,"error":0,"length":1}}},{"keyphrase":"Onkogenetik","score":100,"analysis":{"keyphraseInDescription":{"score":9,"maxScore":9,"error":0},"keyphraseLength":{"score":9,"maxScore":9,"error":0,"length":1}}},{"keyphrase":"CES","score":100,"analysis":{"keyphraseInDescription":{"score":9,"maxScore":9,"error":0},"keyphraseLength":{"score":9,"maxScore":9,"error":0,"length":1}}},{"keyphrase":"nipt test","score":67,"analysis":{"keyphraseInDescription":{"score":3,"maxScore":9,"error":1},"keyphraseLength":{"score":9,"maxScore":9,"error":0,"length":2}}},{"keyphrase":"nipt testi yapt\u0131ran kad\u0131nlar kul\u00fcb\u00fc","score":50,"analysis":{"keyphraseInDescription":{"score":3,"maxScore":9,"error":1},"keyphraseLength":{"score":6,"maxScore":9,"error":1,"length":8}}},{"keyphrase":"nipt testi ne zaman yap\u0131l\u0131r","score":50,"analysis":{"keyphraseInDescription":{"score":3,"maxScore":9,"error":1},"keyphraseLength":{"score":6,"maxScore":9,"error":1,"length":7}}}]},"primary_term":null,"canonical_url":null,"og_title":null,"og_description":null,"og_object_type":"website","og_image_type":"default","og_image_url":null,"og_image_width":null,"og_image_height":null,"og_image_custom_url":null,"og_image_custom_fields":null,"og_video":"","og_custom_url":null,"og_article_section":null,"og_article_tags":null,"twitter_use_og":false,"twitter_card":"default","twitter_image_type":"default","twitter_image_url":null,"twitter_image_custom_url":null,"twitter_image_custom_fields":null,"twitter_title":null,"twitter_description":null,"schema":{"blockGraphs":[],"customGraphs":[],"default":{"data":{"Article":[],"Course":[],"Dataset":[],"FAQPage":[],"Movie":[],"Person":[],"Product":[],"ProductReview":[],"Car":[],"Recipe":[],"Service":[],"SoftwareApplication":[],"WebPage":[]},"graphName":"WebPage","isEnabled":true},"graphs":[]},"schema_type":"default","schema_type_options":null,"pillar_content":false,"robots_default":true,"robots_noindex":false,"robots_noarchive":false,"robots_nosnippet":false,"robots_nofollow":false,"robots_noimageindex":false,"robots_noodp":false,"robots_notranslate":false,"robots_max_snippet":"-1","robots_max_videopreview":"-1","robots_max_imagepreview":"large","priority":null,"frequency":"default","local_seo":null,"seo_analyzer_scan_date":"2025-12-13 14:50:22","breadcrumb_settings":null,"limit_modified_date":false,"reviewed_by":"0","open_ai":null,"ai":{"faqs":[],"keyPoints":[],"titles":[],"descriptions":[],"socialPosts":{"email":[],"linkedin":[],"twitter":[],"facebook":[],"instagram":[]}},"created":"2025-12-13 15:48:12","updated":"2025-12-13 15:48:13"},"aioseo_breadcrumb":"<div class=\"aioseo-breadcrumbs\"><span class=\"aioseo-breadcrumb\">\n\t<a href=\"https:\/\/genoks.com.tr\/az\/\" title=\"Home\">Home<\/a>\n<\/span><span class=\"aioseo-breadcrumb-separator\">&raquo;<\/span><span class=\"aioseo-breadcrumb\">\n\t\u018fsas S\u0259hif\u0259\n<\/span><\/div>","aioseo_breadcrumb_json":[{"label":"Home","link":"https:\/\/genoks.com.tr\/az\/"},{"label":"\u018fsas S\u0259hif\u0259","link":"https:\/\/genoks.com.tr\/az\/"}],"_links":{"self":[{"href":"https:\/\/genoks.com.tr\/az\/wp-json\/wp\/v2\/pages\/1733","targetHints":{"allow":["GET"]}}],"collection":[{"href":"https:\/\/genoks.com.tr\/az\/wp-json\/wp\/v2\/pages"}],"about":[{"href":"https:\/\/genoks.com.tr\/az\/wp-json\/wp\/v2\/types\/page"}],"author":[{"embeddable":true,"href":"https:\/\/genoks.com.tr\/az\/wp-json\/wp\/v2\/users\/1"}],"replies":[{"embeddable":true,"href":"https:\/\/genoks.com.tr\/az\/wp-json\/wp\/v2\/comments?post=1733"}],"version-history":[{"count":0,"href":"https:\/\/genoks.com.tr\/az\/wp-json\/wp\/v2\/pages\/1733\/revisions"}],"wp:attachment":[{"href":"https:\/\/genoks.com.tr\/az\/wp-json\/wp\/v2\/media?parent=1733"}],"curies":[{"name":"wp","href":"https:\/\/api.w.org\/{rel}","templated":true}]}}