{"id":1878,"date":"2025-10-08T16:42:16","date_gmt":"2025-10-08T16:42:16","guid":{"rendered":"https:\/\/genoks.com.tr\/insan-resurslari\/"},"modified":"2025-10-08T16:42:16","modified_gmt":"2025-10-08T16:42:16","slug":"insan-resurslari","status":"publish","type":"page","link":"https:\/\/genoks.com.tr\/az\/insan-resurslari\/","title":{"rendered":"\u0130nsan Resurslar\u0131"},"content":{"rendered":"","protected":false},"excerpt":{"rendered":"","protected":false},"author":1,"featured_media":0,"parent":0,"menu_order":0,"comment_status":"closed","ping_status":"closed","template":"","meta":{"footnotes":""},"class_list":["post-1878","page","type-page","status-publish","hentry"],"aioseo_notices":[],"aioseo_head":"\n\t\t<!-- All in One SEO Pro 4.9.5.2 - aioseo.com -->\n\t<meta name=\"description\" content=\"\u0130nsan Resurslar\u0131 s\u0259hif\u0259sind\u0259n i\u015f\u0259 v\u0259 ya t\u0259cr\u00fcb\u0259 proqram\u0131na m\u00fcraci\u0259t edin. Elmi m\u00fck\u0259mm\u0259llik v\u0259 karyera imkanlar\u0131 il\u0259 g\u0259l\u0259c\u0259yin genetika d\u00fcnyas\u0131nda yerinizi al\u0131n!\" \/>\n\t<meta name=\"robots\" content=\"max-image-preview:large\" \/>\n\t<link rel=\"canonical\" href=\"https:\/\/genoks.com.tr\/az\/insan-resurslari\/\" \/>\n\t<meta name=\"generator\" content=\"All in One SEO Pro (AIOSEO) 4.9.5.2\" \/>\n\t\t<meta property=\"og:locale\" content=\"az_AZ\" \/>\n\t\t<meta property=\"og:site_name\" content=\"Genoks Genetika | NIPT, Da\u015f\u0131y\u0131c\u0131 Tarama, Onkogenetika v\u0259 WES Xidm\u0259tl\u0259ri - Genl\u0259riniz\u0259 \u0130\u015f\u0131q Sa\u00e7\u0131r\u0131q!\" \/>\n\t\t<meta property=\"og:type\" content=\"article\" \/>\n\t\t<meta property=\"og:title\" content=\"\u0130nsan Resurslar\u0131 | \u0130\u015f v\u0259 T\u0259cr\u00fcb\u0259 Proqram\u0131na M\u00fcraci\u0259t Formu\" \/>\n\t\t<meta property=\"og:description\" content=\"\u0130nsan Resurslar\u0131 s\u0259hif\u0259sind\u0259n i\u015f\u0259 v\u0259 ya t\u0259cr\u00fcb\u0259 proqram\u0131na m\u00fcraci\u0259t edin. Elmi m\u00fck\u0259mm\u0259llik v\u0259 karyera imkanlar\u0131 il\u0259 g\u0259l\u0259c\u0259yin genetika d\u00fcnyas\u0131nda yerinizi al\u0131n!\" \/>\n\t\t<meta property=\"og:url\" content=\"https:\/\/genoks.com.tr\/az\/insan-resurslari\/\" \/>\n\t\t<meta property=\"og:image\" content=\"https:\/\/genoks.com.tr\/wp-content\/uploads\/2025\/06\/genoks.svg\" \/>\n\t\t<meta property=\"og:image:secure_url\" content=\"https:\/\/genoks.com.tr\/wp-content\/uploads\/2025\/06\/genoks.svg\" \/>\n\t\t<meta property=\"article:published_time\" content=\"2025-10-08T16:42:16+00:00\" \/>\n\t\t<meta property=\"article:modified_time\" content=\"2025-10-08T16:42:16+00:00\" \/>\n\t\t<meta property=\"article:publisher\" content=\"https:\/\/www.facebook.com\/GenoksGHTM\" \/>\n\t\t<meta name=\"twitter:card\" content=\"summary_large_image\" \/>\n\t\t<meta name=\"twitter:site\" content=\"@Genoks_GHTM\" \/>\n\t\t<meta name=\"twitter:title\" content=\"\u0130nsan Resurslar\u0131 | \u0130\u015f v\u0259 T\u0259cr\u00fcb\u0259 Proqram\u0131na M\u00fcraci\u0259t Formu\" \/>\n\t\t<meta name=\"twitter:description\" content=\"\u0130nsan Resurslar\u0131 s\u0259hif\u0259sind\u0259n i\u015f\u0259 v\u0259 ya t\u0259cr\u00fcb\u0259 proqram\u0131na m\u00fcraci\u0259t edin. Elmi m\u00fck\u0259mm\u0259llik v\u0259 karyera imkanlar\u0131 il\u0259 g\u0259l\u0259c\u0259yin genetika d\u00fcnyas\u0131nda yerinizi al\u0131n!\" \/>\n\t\t<meta name=\"twitter:creator\" content=\"@Genoks_GHTM\" \/>\n\t\t<meta name=\"twitter:image\" content=\"https:\/\/genoks.com.tr\/wp-content\/uploads\/2025\/06\/genoks.svg\" \/>\n\t\t<script type=\"application\/ld+json\" class=\"aioseo-schema\">\n\t\t\t{\"@context\":\"https:\\\/\\\/schema.org\",\"@graph\":[{\"@type\":\"BreadcrumbList\",\"@id\":\"https:\\\/\\\/genoks.com.tr\\\/az\\\/insan-resurslari\\\/#breadcrumblist\",\"itemListElement\":[{\"@type\":\"ListItem\",\"@id\":\"https:\\\/\\\/genoks.com.tr\\\/az\\\/#listItem\",\"position\":1,\"name\":\"Home\",\"item\":\"https:\\\/\\\/genoks.com.tr\\\/az\\\/\",\"nextItem\":{\"@type\":\"ListItem\",\"@id\":\"https:\\\/\\\/genoks.com.tr\\\/az\\\/insan-resurslari\\\/#listItem\",\"name\":\"\\u0130nsan Resurslar\\u0131\"}},{\"@type\":\"ListItem\",\"@id\":\"https:\\\/\\\/genoks.com.tr\\\/az\\\/insan-resurslari\\\/#listItem\",\"position\":2,\"name\":\"\\u0130nsan Resurslar\\u0131\",\"previousItem\":{\"@type\":\"ListItem\",\"@id\":\"https:\\\/\\\/genoks.com.tr\\\/az\\\/#listItem\",\"name\":\"Home\"}}]},{\"@type\":\"Organization\",\"@id\":\"https:\\\/\\\/genoks.com.tr\\\/az\\\/#organization\",\"name\":\"Genoks Genetika | NIPT, Da\\u015f\\u0131y\\u0131c\\u0131 Tarama, Onkogenetika v\\u0259 WES Xidm\\u0259tl\\u0259ri\",\"description\":\"Genl\\u0259riniz\\u0259 \\u0130\\u015f\\u0131q Sa\\u00e7\\u0131r\\u0131q!\",\"url\":\"https:\\\/\\\/genoks.com.tr\\\/az\\\/\",\"telephone\":\"+904448732\",\"foundingDate\":\"2014-12-01\",\"numberOfEmployees\":{\"@type\":\"QuantitativeValue\",\"value\":160},\"logo\":{\"@type\":\"ImageObject\",\"url\":\"https:\\\/\\\/genoks.com.tr\\\/wp-content\\\/uploads\\\/2025\\\/06\\\/genoks.svg\",\"@id\":\"https:\\\/\\\/genoks.com.tr\\\/az\\\/insan-resurslari\\\/#organizationLogo\",\"caption\":\"RapidNIPT testi ile yap\\u0131lan NIPT taramas\\u0131 sayesinde gebelikte 90'dan fazla kromozomal hastal\\u0131k risksiz ve erken d\\u00f6nemde tespit edilir.\"},\"image\":{\"@id\":\"https:\\\/\\\/genoks.com.tr\\\/az\\\/insan-resurslari\\\/#organizationLogo\"},\"sameAs\":[\"https:\\\/\\\/www.facebook.com\\\/GenoksGHTM\",\"https:\\\/\\\/x.com\\\/Genoks_GHTM\",\"https:\\\/\\\/www.instagram.com\\\/genoks_ghtm\\\/\",\"https:\\\/\\\/www.linkedin.com\\\/in\\\/genoks\\\/\"]},{\"@type\":\"WebPage\",\"@id\":\"https:\\\/\\\/genoks.com.tr\\\/az\\\/insan-resurslari\\\/#webpage\",\"url\":\"https:\\\/\\\/genoks.com.tr\\\/az\\\/insan-resurslari\\\/\",\"name\":\"\\u0130nsan Resurslar\\u0131 | \\u0130\\u015f v\\u0259 T\\u0259cr\\u00fcb\\u0259 Proqram\\u0131na M\\u00fcraci\\u0259t Formu\",\"description\":\"\\u0130nsan Resurslar\\u0131 s\\u0259hif\\u0259sind\\u0259n i\\u015f\\u0259 v\\u0259 ya t\\u0259cr\\u00fcb\\u0259 proqram\\u0131na m\\u00fcraci\\u0259t edin. Elmi m\\u00fck\\u0259mm\\u0259llik v\\u0259 karyera imkanlar\\u0131 il\\u0259 g\\u0259l\\u0259c\\u0259yin genetika d\\u00fcnyas\\u0131nda yerinizi al\\u0131n!\",\"inLanguage\":\"az\",\"isPartOf\":{\"@id\":\"https:\\\/\\\/genoks.com.tr\\\/az\\\/#website\"},\"breadcrumb\":{\"@id\":\"https:\\\/\\\/genoks.com.tr\\\/az\\\/insan-resurslari\\\/#breadcrumblist\"},\"datePublished\":\"2025-10-08T16:42:16+00:00\",\"dateModified\":\"2025-10-08T16:42:16+00:00\"},{\"@type\":\"WebSite\",\"@id\":\"https:\\\/\\\/genoks.com.tr\\\/az\\\/#website\",\"url\":\"https:\\\/\\\/genoks.com.tr\\\/az\\\/\",\"name\":\"Genoks Genetika | NIPT, Da\\u015f\\u0131y\\u0131c\\u0131 Tarama, Onkogenetika v\\u0259 WES Xidm\\u0259tl\\u0259ri\",\"description\":\"Genl\\u0259riniz\\u0259 \\u0130\\u015f\\u0131q Sa\\u00e7\\u0131r\\u0131q!\",\"inLanguage\":\"az\",\"publisher\":{\"@id\":\"https:\\\/\\\/genoks.com.tr\\\/az\\\/#organization\"}}]}\n\t\t<\/script>\n\t\t<!-- All in One SEO Pro -->\r\n\t\t<title>\u0130nsan Resurslar\u0131 | \u0130\u015f v\u0259 T\u0259cr\u00fcb\u0259 Proqram\u0131na M\u00fcraci\u0259t Formu<\/title>\n\n","aioseo_head_json":{"title":"\u0130nsan Resurslar\u0131 | \u0130\u015f v\u0259 T\u0259cr\u00fcb\u0259 Proqram\u0131na M\u00fcraci\u0259t Formu","description":"\u0130nsan Resurslar\u0131 s\u0259hif\u0259sind\u0259n i\u015f\u0259 v\u0259 ya t\u0259cr\u00fcb\u0259 proqram\u0131na m\u00fcraci\u0259t edin. Elmi m\u00fck\u0259mm\u0259llik v\u0259 karyera imkanlar\u0131 il\u0259 g\u0259l\u0259c\u0259yin genetika d\u00fcnyas\u0131nda yerinizi al\u0131n!","canonical_url":"https:\/\/genoks.com.tr\/az\/insan-resurslari\/","robots":"max-image-preview:large","keywords":"","webmasterTools":{"miscellaneous":""},"schema":{"@context":"https:\/\/schema.org","@graph":[{"@type":"BreadcrumbList","@id":"https:\/\/genoks.com.tr\/az\/insan-resurslari\/#breadcrumblist","itemListElement":[{"@type":"ListItem","@id":"https:\/\/genoks.com.tr\/az\/#listItem","position":1,"name":"Home","item":"https:\/\/genoks.com.tr\/az\/","nextItem":{"@type":"ListItem","@id":"https:\/\/genoks.com.tr\/az\/insan-resurslari\/#listItem","name":"\u0130nsan Resurslar\u0131"}},{"@type":"ListItem","@id":"https:\/\/genoks.com.tr\/az\/insan-resurslari\/#listItem","position":2,"name":"\u0130nsan Resurslar\u0131","previousItem":{"@type":"ListItem","@id":"https:\/\/genoks.com.tr\/az\/#listItem","name":"Home"}}]},{"@type":"Organization","@id":"https:\/\/genoks.com.tr\/az\/#organization","name":"Genoks Genetika | NIPT, Da\u015f\u0131y\u0131c\u0131 Tarama, Onkogenetika v\u0259 WES Xidm\u0259tl\u0259ri","description":"Genl\u0259riniz\u0259 \u0130\u015f\u0131q Sa\u00e7\u0131r\u0131q!","url":"https:\/\/genoks.com.tr\/az\/","telephone":"+904448732","foundingDate":"2014-12-01","numberOfEmployees":{"@type":"QuantitativeValue","value":160},"logo":{"@type":"ImageObject","url":"https:\/\/genoks.com.tr\/wp-content\/uploads\/2025\/06\/genoks.svg","@id":"https:\/\/genoks.com.tr\/az\/insan-resurslari\/#organizationLogo","caption":"RapidNIPT testi ile yap\u0131lan NIPT taramas\u0131 sayesinde gebelikte 90'dan fazla kromozomal hastal\u0131k risksiz ve erken d\u00f6nemde tespit edilir."},"image":{"@id":"https:\/\/genoks.com.tr\/az\/insan-resurslari\/#organizationLogo"},"sameAs":["https:\/\/www.facebook.com\/GenoksGHTM","https:\/\/x.com\/Genoks_GHTM","https:\/\/www.instagram.com\/genoks_ghtm\/","https:\/\/www.linkedin.com\/in\/genoks\/"]},{"@type":"WebPage","@id":"https:\/\/genoks.com.tr\/az\/insan-resurslari\/#webpage","url":"https:\/\/genoks.com.tr\/az\/insan-resurslari\/","name":"\u0130nsan Resurslar\u0131 | \u0130\u015f v\u0259 T\u0259cr\u00fcb\u0259 Proqram\u0131na M\u00fcraci\u0259t Formu","description":"\u0130nsan Resurslar\u0131 s\u0259hif\u0259sind\u0259n i\u015f\u0259 v\u0259 ya t\u0259cr\u00fcb\u0259 proqram\u0131na m\u00fcraci\u0259t edin. Elmi m\u00fck\u0259mm\u0259llik v\u0259 karyera imkanlar\u0131 il\u0259 g\u0259l\u0259c\u0259yin genetika d\u00fcnyas\u0131nda yerinizi al\u0131n!","inLanguage":"az","isPartOf":{"@id":"https:\/\/genoks.com.tr\/az\/#website"},"breadcrumb":{"@id":"https:\/\/genoks.com.tr\/az\/insan-resurslari\/#breadcrumblist"},"datePublished":"2025-10-08T16:42:16+00:00","dateModified":"2025-10-08T16:42:16+00:00"},{"@type":"WebSite","@id":"https:\/\/genoks.com.tr\/az\/#website","url":"https:\/\/genoks.com.tr\/az\/","name":"Genoks Genetika | NIPT, Da\u015f\u0131y\u0131c\u0131 Tarama, Onkogenetika v\u0259 WES Xidm\u0259tl\u0259ri","description":"Genl\u0259riniz\u0259 \u0130\u015f\u0131q Sa\u00e7\u0131r\u0131q!","inLanguage":"az","publisher":{"@id":"https:\/\/genoks.com.tr\/az\/#organization"}}]},"og:locale":"az_AZ","og:site_name":"Genoks Genetika | NIPT, Da\u015f\u0131y\u0131c\u0131 Tarama, Onkogenetika v\u0259 WES Xidm\u0259tl\u0259ri - Genl\u0259riniz\u0259 \u0130\u015f\u0131q Sa\u00e7\u0131r\u0131q!","og:type":"article","og:title":"\u0130nsan Resurslar\u0131 | \u0130\u015f v\u0259 T\u0259cr\u00fcb\u0259 Proqram\u0131na M\u00fcraci\u0259t Formu","og:description":"\u0130nsan Resurslar\u0131 s\u0259hif\u0259sind\u0259n i\u015f\u0259 v\u0259 ya t\u0259cr\u00fcb\u0259 proqram\u0131na m\u00fcraci\u0259t edin. Elmi m\u00fck\u0259mm\u0259llik v\u0259 karyera imkanlar\u0131 il\u0259 g\u0259l\u0259c\u0259yin genetika d\u00fcnyas\u0131nda yerinizi al\u0131n!","og:url":"https:\/\/genoks.com.tr\/az\/insan-resurslari\/","og:image":"https:\/\/genoks.com.tr\/wp-content\/uploads\/2025\/06\/genoks.svg","og:image:secure_url":"https:\/\/genoks.com.tr\/wp-content\/uploads\/2025\/06\/genoks.svg","article:published_time":"2025-10-08T16:42:16+00:00","article:modified_time":"2025-10-08T16:42:16+00:00","article:publisher":"https:\/\/www.facebook.com\/GenoksGHTM","twitter:card":"summary_large_image","twitter:site":"@Genoks_GHTM","twitter:title":"\u0130nsan Resurslar\u0131 | \u0130\u015f v\u0259 T\u0259cr\u00fcb\u0259 Proqram\u0131na M\u00fcraci\u0259t Formu","twitter:description":"\u0130nsan Resurslar\u0131 s\u0259hif\u0259sind\u0259n i\u015f\u0259 v\u0259 ya t\u0259cr\u00fcb\u0259 proqram\u0131na m\u00fcraci\u0259t edin. Elmi m\u00fck\u0259mm\u0259llik v\u0259 karyera imkanlar\u0131 il\u0259 g\u0259l\u0259c\u0259yin genetika d\u00fcnyas\u0131nda yerinizi al\u0131n!","twitter:creator":"@Genoks_GHTM","twitter:image":"https:\/\/genoks.com.tr\/wp-content\/uploads\/2025\/06\/genoks.svg"},"aioseo_meta_data":{"post_id":"1878","title":"\u0130nsan Resurslar\u0131 | \u0130\u015f v\u0259 T\u0259cr\u00fcb\u0259 Proqram\u0131na M\u00fcraci\u0259t Formu","description":"\u0130nsan Resurslar\u0131 s\u0259hif\u0259sind\u0259n i\u015f\u0259 v\u0259 ya t\u0259cr\u00fcb\u0259 proqram\u0131na m\u00fcraci\u0259t edin. Elmi m\u00fck\u0259mm\u0259llik v\u0259 karyera imkanlar\u0131 il\u0259 g\u0259l\u0259c\u0259yin genetika d\u00fcnyas\u0131nda yerinizi al\u0131n! ","keywords":null,"keyphrases":{"focus":{"keyphrase":"\u0130nsan Kaynaklar\u0131","score":100,"analysis":{"keyphraseInTitle":{"score":9,"maxScore":9,"error":0},"keyphraseInDescription":{"score":9,"maxScore":9,"error":0},"keyphraseLength":{"score":9,"maxScore":9,"error":0,"length":2},"keyphraseInURL":{"score":5,"maxScore":5,"error":0}}},"additional":[{"keyphrase":"genoks i\u015f ba\u015fvurusu","score":67,"analysis":{"keyphraseInDescription":{"score":3,"maxScore":9,"error":1},"keyphraseLength":{"score":9,"maxScore":9,"error":0,"length":4}}},{"keyphrase":"genoks staj ba\u015fvurusu","score":67,"analysis":{"keyphraseInDescription":{"score":3,"maxScore":9,"error":1},"keyphraseLength":{"score":9,"maxScore":9,"error":0,"length":4}}},{"keyphrase":"genetik laboratuvar kariyer","score":67,"analysis":{"keyphraseInDescription":{"score":3,"maxScore":9,"error":1},"keyphraseLength":{"score":9,"maxScore":9,"error":0,"length":3}}},{"keyphrase":"insan kaynaklar\u0131 ba\u015fvuru formu","score":50,"analysis":{"keyphraseInDescription":{"score":3,"maxScore":9,"error":1},"keyphraseLength":{"score":6,"maxScore":9,"error":1,"length":5}}},{"keyphrase":"genetik test merkezi i\u015f ilan\u0131","score":50,"analysis":{"keyphraseInDescription":{"score":3,"maxScore":9,"error":1},"keyphraseLength":{"score":6,"maxScore":9,"error":1,"length":5}}},{"keyphrase":"genetik staj program\u0131","score":67,"analysis":{"keyphraseInDescription":{"score":3,"maxScore":9,"error":1},"keyphraseLength":{"score":9,"maxScore":9,"error":0,"length":3}}},{"keyphrase":"genoks kariyer","score":67,"analysis":{"keyphraseInDescription":{"score":3,"maxScore":9,"error":1},"keyphraseLength":{"score":9,"maxScore":9,"error":0,"length":2}}},{"keyphrase":"i\u015f ve staj ba\u015fvurusu genoks","score":50,"analysis":{"keyphraseInDescription":{"score":3,"maxScore":9,"error":1},"keyphraseLength":{"score":6,"maxScore":9,"error":1,"length":6}}}]},"primary_term":null,"canonical_url":null,"og_title":null,"og_description":null,"og_object_type":"default","og_image_type":"default","og_image_url":null,"og_image_width":null,"og_image_height":null,"og_image_custom_url":null,"og_image_custom_fields":null,"og_video":"","og_custom_url":null,"og_article_section":null,"og_article_tags":null,"twitter_use_og":false,"twitter_card":"default","twitter_image_type":"default","twitter_image_url":null,"twitter_image_custom_url":null,"twitter_image_custom_fields":null,"twitter_title":null,"twitter_description":null,"schema":{"blockGraphs":[],"customGraphs":[],"default":{"data":{"Article":[],"Course":[],"Dataset":[],"FAQPage":[],"Movie":[],"Person":[],"Product":[],"ProductReview":[],"Car":[],"Recipe":[],"Service":[],"SoftwareApplication":[],"WebPage":[]},"graphName":"WebPage","isEnabled":true},"graphs":[]},"schema_type":"default","schema_type_options":null,"pillar_content":false,"robots_default":true,"robots_noindex":false,"robots_noarchive":false,"robots_nosnippet":false,"robots_nofollow":false,"robots_noimageindex":false,"robots_noodp":false,"robots_notranslate":false,"robots_max_snippet":"-1","robots_max_videopreview":"-1","robots_max_imagepreview":"large","priority":null,"frequency":"default","local_seo":null,"seo_analyzer_scan_date":"2025-10-08 18:07:51","breadcrumb_settings":null,"limit_modified_date":false,"reviewed_by":"0","open_ai":null,"ai":{"faqs":[],"keyPoints":[],"titles":[],"descriptions":[],"socialPosts":{"email":[],"linkedin":[],"twitter":[],"facebook":[],"instagram":[]}},"created":"2025-12-13 15:55:11","updated":"2025-12-13 15:55:11"},"aioseo_breadcrumb":"<div class=\"aioseo-breadcrumbs\"><span class=\"aioseo-breadcrumb\">\n\t<a href=\"https:\/\/genoks.com.tr\/az\/\" title=\"Home\">Home<\/a>\n<\/span><span class=\"aioseo-breadcrumb-separator\">&raquo;<\/span><span class=\"aioseo-breadcrumb\">\n\t\u0130nsan Resurslar\u0131\n<\/span><\/div>","aioseo_breadcrumb_json":[{"label":"Home","link":"https:\/\/genoks.com.tr\/az\/"},{"label":"\u0130nsan Resurslar\u0131","link":"https:\/\/genoks.com.tr\/az\/insan-resurslari\/"}],"_links":{"self":[{"href":"https:\/\/genoks.com.tr\/az\/wp-json\/wp\/v2\/pages\/1878","targetHints":{"allow":["GET"]}}],"collection":[{"href":"https:\/\/genoks.com.tr\/az\/wp-json\/wp\/v2\/pages"}],"about":[{"href":"https:\/\/genoks.com.tr\/az\/wp-json\/wp\/v2\/types\/page"}],"author":[{"embeddable":true,"href":"https:\/\/genoks.com.tr\/az\/wp-json\/wp\/v2\/users\/1"}],"replies":[{"embeddable":true,"href":"https:\/\/genoks.com.tr\/az\/wp-json\/wp\/v2\/comments?post=1878"}],"version-history":[{"count":0,"href":"https:\/\/genoks.com.tr\/az\/wp-json\/wp\/v2\/pages\/1878\/revisions"}],"wp:attachment":[{"href":"https:\/\/genoks.com.tr\/az\/wp-json\/wp\/v2\/media?parent=1878"}],"curies":[{"name":"wp","href":"https:\/\/api.w.org\/{rel}","templated":true}]}}