{"id":2228,"date":"2026-04-30T11:02:36","date_gmt":"2026-04-30T11:02:36","guid":{"rendered":"https:\/\/genoks.com.tr\/?p=2228"},"modified":"2026-04-30T11:02:36","modified_gmt":"2026-04-30T11:02:36","slug":"mexfilik-siyaseti","status":"publish","type":"page","link":"https:\/\/genoks.com.tr\/az\/mexfilik-siyaseti\/","title":{"rendered":"M\u0259xfilik Siyas\u0259ti"},"content":{"rendered":"<h2>M\u0259xfilik Siyas\u0259ti<\/h2>\n<p>Genoks Sa\u011fl\u0131k A\u015e (&#8220;Genoks&#8221;, &#8220;biz&#8221;) m\u0259xfiliyiniz\u0259 d\u0259y\u0259r verir v\u0259 \u015f\u0259xsi m\u0259lumatlar\u0131n\u0131z\u0131 qoruma\u011f\u0131 \u00f6hd\u0259sin\u0259 g\u00f6t\u00fcr\u00fcr. Bu M\u0259xfilik Siyas\u0259ti veb sayt\u0131m\u0131z, xidm\u0259tl\u0259rimiz v\u0259 m\u0259hsullar\u0131m\u0131zdan istifad\u0259 etdiyiniz zaman m\u0259lumatlar\u0131n nec\u0259 topland\u0131\u011f\u0131n\u0131, istifad\u0259 edildiyini, saxland\u0131\u011f\u0131n\u0131 v\u0259 payla\u015f\u0131ld\u0131\u011f\u0131n\u0131 izah edir.<\/p>\n<h3>1. Toplad\u0131\u011f\u0131m\u0131z M\u0259lumatlar<\/h3>\n<ul>\n<li><strong>\u015e\u0259xsiyy\u0259t v\u0259 \u0259laq\u0259 m\u0259lumatlar\u0131<\/strong> (ad, e-po\u00e7t, telefon, \u00fcnvan)<\/li>\n<li><strong>Sa\u011flaml\u0131q v\u0259 genetik m\u0259lumatlar<\/strong> \u2014 genetik test xidm\u0259tl\u0259rinin t\u0259min edilm\u0259si \u00fc\u00e7\u00fcn laz\u0131md\u0131r, a\u00e7\u0131q raz\u0131l\u0131q v\u0259 m\u00fcvafiq s\u0259hiyy\u0259 qaydalar\u0131 alt\u0131nda i\u015fl\u0259nir<\/li>\n<li><strong>Texniki m\u0259lumatlar<\/strong> \u2014 IP \u00fcnvan\u0131, cihaz, brauzer, ziyar\u0259t edil\u0259n s\u0259hif\u0259l\u0259r (kuki v\u0259 analitika vasit\u0259sil\u0259)<\/li>\n<\/ul>\n<h3>2. M\u0259lumatlar\u0131 Nec\u0259 \u0130stifad\u0259 Edirik<\/h3>\n<ul>\n<li>Genetik test xidm\u0259tl\u0259rimizi t\u0259min etm\u0259k, yerin\u0259 yetirm\u0259k v\u0259 t\u0259kmill\u0259\u015fdirm\u0259k<\/li>\n<li>Sor\u011fu v\u0259 d\u0259st\u0259k t\u0259l\u0259bl\u0259rin\u0259 cavab verm\u0259k<\/li>\n<li>T\u00fcrkiy\u0259 KVKK (Qanun No. 6698) v\u0259 m\u00fcvafiq s\u0259hiyy\u0259 qanunvericiliyi \u00fczr\u0259 h\u00fcquqi \u00f6hd\u0259likl\u0259rimiz\u0259 \u0259m\u0259l etm\u0259k<\/li>\n<li>Raz\u0131la\u015fd\u0131\u011f\u0131n\u0131z xidm\u0259tl\u0259 ba\u011fl\u0131 m\u0259lumatlar\u0131 g\u00f6nd\u0259rm\u0259k<\/li>\n<\/ul>\n<h3>3. Payla\u015fma<\/h3>\n<p>\u015e\u0259xsi m\u0259lumatlar\u0131n\u0131z\u0131 satm\u0131r\u0131q. M\u0259lumatlar\u0131 yaln\u0131z xidm\u0259ti t\u0259min etm\u0259k \u00fc\u00e7\u00fcn laz\u0131m olan s\u0259lahiyy\u0259tli klinik t\u0259r\u0259fda\u015flar, qanuni t\u0259l\u0259b olunduqda t\u0259nziml\u0259yici orqanlar v\u0259 m\u0259lumat i\u015fl\u0259m\u0259 m\u00fcqavil\u0259l\u0259ri alt\u0131nda f\u0259aliyy\u0259t g\u00f6st\u0259r\u0259n xidm\u0259t t\u0259minat\u00e7\u0131lar\u0131 il\u0259 payla\u015f\u0131r\u0131q.<\/p>\n<h3>4. Saxlanma v\u0259 T\u0259hl\u00fck\u0259sizlik<\/h3>\n<p>\u015e\u0259xsi v\u0259 genetik m\u0259lumatlar Genoks-un n\u0259zar\u0259tind\u0259ki infrastrukturda m\u0259lumatlar\u0131n h\u0259ssasl\u0131\u011f\u0131na uy\u011fun texniki v\u0259 t\u0259\u015fkilati t\u0259hl\u00fck\u0259sizlik t\u0259dbirl\u0259ri il\u0259 saxlan\u0131l\u0131r v\u0259 yaln\u0131z m\u00fcvafiq qanunlar v\u0259 xidm\u0259t m\u00fcqavil\u0259l\u0259rimizin t\u0259l\u0259b etdiyi m\u00fcdd\u0259t \u0259rzind\u0259 saxlan\u0131l\u0131r.<\/p>\n<h3>5. H\u00fcquqlar\u0131n\u0131z<\/h3>\n<p>KVKK v\u0259 m\u00fcvafiq qanunvericilik alt\u0131nda \u015f\u0259xsi m\u0259lumatlar\u0131n\u0131za giri\u015f, d\u00fcz\u0259ltm\u0259, silm\u0259, m\u0259hdudla\u015fd\u0131rma v\u0259 i\u015fl\u0259nm\u0259y\u0259 etiraz etm\u0259k h\u00fcquqlar\u0131n\u0131z vard\u0131r.<\/p>\n<h3>6. \u018flaq\u0259<\/h3>\n<p>Genoks Sa\u011fl\u0131k A\u015e \u2014 Silahtar Cad. No:67, Ankara, T\u00fcrkiy\u0259. M\u0259xfilik suallar\u0131 \u00fc\u00e7\u00fcn l\u00fctf\u0259n vebsayt\u0131n \u0259laq\u0259 formu vasit\u0259sil\u0259 m\u0259lumatlar\u0131n qorunmas\u0131 \u00fczr\u0259 m\u0259sul \u015f\u0259xsl\u0259 \u0259laq\u0259 saxlay\u0131n.<\/p>\n","protected":false},"excerpt":{"rendered":"<p>Genoks-un \u015f\u0259xsi v\u0259 genetik m\u0259lumatlar\u0131 nec\u0259 toplad\u0131\u011f\u0131, istifad\u0259 etdiyi, saxlad\u0131\u011f\u0131 v\u0259 payla\u015fd\u0131\u011f\u0131, eyni zamanda KVKK v\u0259 m\u00fcvafiq qanunlar alt\u0131nda h\u00fcquqlar\u0131n\u0131z.<\/p>\n","protected":false},"author":1,"featured_media":0,"parent":0,"menu_order":0,"comment_status":"closed","ping_status":"closed","template":"","meta":{"footnotes":""},"class_list":["post-2228","page","type-page","status-publish","hentry"],"aioseo_notices":[],"aioseo_head":"\n\t\t<!-- All in One SEO Pro 4.9.5.2 - aioseo.com -->\n\t<meta name=\"description\" content=\"Genoks-un \u015f\u0259xsi v\u0259 genetik m\u0259lumatlar\u0131 nec\u0259 toplad\u0131\u011f\u0131, istifad\u0259 etdiyi, saxlad\u0131\u011f\u0131 v\u0259 payla\u015fd\u0131\u011f\u0131, eyni zamanda KVKK v\u0259 m\u00fcvafiq qanunlar alt\u0131nda h\u00fcquqlar\u0131n\u0131z.\" \/>\n\t<meta name=\"robots\" content=\"max-image-preview:large\" \/>\n\t<link rel=\"canonical\" href=\"https:\/\/genoks.com.tr\/az\/mexfilik-siyaseti\/\" \/>\n\t<meta name=\"generator\" content=\"All in One SEO Pro (AIOSEO) 4.9.5.2\" \/>\n\t\t<meta property=\"og:locale\" content=\"az_AZ\" \/>\n\t\t<meta property=\"og:site_name\" content=\"Genoks Genetika | NIPT, Da\u015f\u0131y\u0131c\u0131 Tarama, Onkogenetika v\u0259 WES Xidm\u0259tl\u0259ri - Genl\u0259riniz\u0259 \u0130\u015f\u0131q Sa\u00e7\u0131r\u0131q!\" \/>\n\t\t<meta property=\"og:type\" content=\"article\" \/>\n\t\t<meta property=\"og:title\" content=\"M\u0259xfilik Siyas\u0259ti - Genoks Genetika | NIPT, Da\u015f\u0131y\u0131c\u0131 Tarama, Onkogenetika v\u0259 WES Xidm\u0259tl\u0259ri\" \/>\n\t\t<meta property=\"og:description\" content=\"Genoks-un \u015f\u0259xsi v\u0259 genetik m\u0259lumatlar\u0131 nec\u0259 toplad\u0131\u011f\u0131, istifad\u0259 etdiyi, saxlad\u0131\u011f\u0131 v\u0259 payla\u015fd\u0131\u011f\u0131, eyni zamanda KVKK v\u0259 m\u00fcvafiq qanunlar alt\u0131nda h\u00fcquqlar\u0131n\u0131z.\" \/>\n\t\t<meta property=\"og:url\" content=\"https:\/\/genoks.com.tr\/az\/mexfilik-siyaseti\/\" \/>\n\t\t<meta property=\"og:image\" content=\"https:\/\/genoks.com.tr\/wp-content\/uploads\/2025\/06\/genoks.svg\" \/>\n\t\t<meta property=\"og:image:secure_url\" content=\"https:\/\/genoks.com.tr\/wp-content\/uploads\/2025\/06\/genoks.svg\" \/>\n\t\t<meta property=\"article:published_time\" content=\"2026-04-30T11:02:36+00:00\" \/>\n\t\t<meta property=\"article:modified_time\" content=\"2026-04-30T11:02:36+00:00\" \/>\n\t\t<meta property=\"article:publisher\" content=\"https:\/\/www.facebook.com\/GenoksGHTM\" \/>\n\t\t<meta name=\"twitter:card\" content=\"summary_large_image\" \/>\n\t\t<meta name=\"twitter:site\" content=\"@Genoks_GHTM\" \/>\n\t\t<meta name=\"twitter:title\" content=\"M\u0259xfilik Siyas\u0259ti - Genoks Genetika | NIPT, Da\u015f\u0131y\u0131c\u0131 Tarama, Onkogenetika v\u0259 WES Xidm\u0259tl\u0259ri\" \/>\n\t\t<meta name=\"twitter:description\" content=\"Genoks-un \u015f\u0259xsi v\u0259 genetik m\u0259lumatlar\u0131 nec\u0259 toplad\u0131\u011f\u0131, istifad\u0259 etdiyi, saxlad\u0131\u011f\u0131 v\u0259 payla\u015fd\u0131\u011f\u0131, eyni zamanda KVKK v\u0259 m\u00fcvafiq qanunlar alt\u0131nda h\u00fcquqlar\u0131n\u0131z.\" \/>\n\t\t<meta name=\"twitter:creator\" content=\"@Genoks_GHTM\" \/>\n\t\t<meta name=\"twitter:image\" content=\"https:\/\/genoks.com.tr\/wp-content\/uploads\/2025\/06\/genoks.svg\" \/>\n\t\t<script type=\"application\/ld+json\" class=\"aioseo-schema\">\n\t\t\t{\"@context\":\"https:\\\/\\\/schema.org\",\"@graph\":[{\"@type\":\"BreadcrumbList\",\"@id\":\"https:\\\/\\\/genoks.com.tr\\\/az\\\/mexfilik-siyaseti\\\/#breadcrumblist\",\"itemListElement\":[{\"@type\":\"ListItem\",\"@id\":\"https:\\\/\\\/genoks.com.tr\\\/az\\\/#listItem\",\"position\":1,\"name\":\"Home\",\"item\":\"https:\\\/\\\/genoks.com.tr\\\/az\\\/\",\"nextItem\":{\"@type\":\"ListItem\",\"@id\":\"https:\\\/\\\/genoks.com.tr\\\/az\\\/mexfilik-siyaseti\\\/#listItem\",\"name\":\"M\\u0259xfilik Siyas\\u0259ti\"}},{\"@type\":\"ListItem\",\"@id\":\"https:\\\/\\\/genoks.com.tr\\\/az\\\/mexfilik-siyaseti\\\/#listItem\",\"position\":2,\"name\":\"M\\u0259xfilik Siyas\\u0259ti\",\"previousItem\":{\"@type\":\"ListItem\",\"@id\":\"https:\\\/\\\/genoks.com.tr\\\/az\\\/#listItem\",\"name\":\"Home\"}}]},{\"@type\":\"Organization\",\"@id\":\"https:\\\/\\\/genoks.com.tr\\\/az\\\/#organization\",\"name\":\"Genoks Genetika | NIPT, Da\\u015f\\u0131y\\u0131c\\u0131 Tarama, Onkogenetika v\\u0259 WES Xidm\\u0259tl\\u0259ri\",\"description\":\"Genl\\u0259riniz\\u0259 \\u0130\\u015f\\u0131q Sa\\u00e7\\u0131r\\u0131q!\",\"url\":\"https:\\\/\\\/genoks.com.tr\\\/az\\\/\",\"telephone\":\"+904448732\",\"foundingDate\":\"2014-12-01\",\"numberOfEmployees\":{\"@type\":\"QuantitativeValue\",\"value\":160},\"logo\":{\"@type\":\"ImageObject\",\"url\":\"https:\\\/\\\/genoks.com.tr\\\/wp-content\\\/uploads\\\/2025\\\/06\\\/genoks.svg\",\"@id\":\"https:\\\/\\\/genoks.com.tr\\\/az\\\/mexfilik-siyaseti\\\/#organizationLogo\",\"caption\":\"RapidNIPT testi ile yap\\u0131lan NIPT taramas\\u0131 sayesinde gebelikte 90'dan fazla kromozomal hastal\\u0131k risksiz ve erken d\\u00f6nemde tespit edilir.\"},\"image\":{\"@id\":\"https:\\\/\\\/genoks.com.tr\\\/az\\\/mexfilik-siyaseti\\\/#organizationLogo\"},\"sameAs\":[\"https:\\\/\\\/www.facebook.com\\\/GenoksGHTM\",\"https:\\\/\\\/x.com\\\/Genoks_GHTM\",\"https:\\\/\\\/www.instagram.com\\\/genoks_ghtm\\\/\",\"https:\\\/\\\/www.linkedin.com\\\/in\\\/genoks\\\/\"]},{\"@type\":\"WebPage\",\"@id\":\"https:\\\/\\\/genoks.com.tr\\\/az\\\/mexfilik-siyaseti\\\/#webpage\",\"url\":\"https:\\\/\\\/genoks.com.tr\\\/az\\\/mexfilik-siyaseti\\\/\",\"name\":\"M\\u0259xfilik Siyas\\u0259ti - Genoks Genetika | NIPT, Da\\u015f\\u0131y\\u0131c\\u0131 Tarama, Onkogenetika v\\u0259 WES Xidm\\u0259tl\\u0259ri\",\"description\":\"Genoks-un \\u015f\\u0259xsi v\\u0259 genetik m\\u0259lumatlar\\u0131 nec\\u0259 toplad\\u0131\\u011f\\u0131, istifad\\u0259 etdiyi, saxlad\\u0131\\u011f\\u0131 v\\u0259 payla\\u015fd\\u0131\\u011f\\u0131, eyni zamanda KVKK v\\u0259 m\\u00fcvafiq qanunlar alt\\u0131nda h\\u00fcquqlar\\u0131n\\u0131z.\",\"inLanguage\":\"az\",\"isPartOf\":{\"@id\":\"https:\\\/\\\/genoks.com.tr\\\/az\\\/#website\"},\"breadcrumb\":{\"@id\":\"https:\\\/\\\/genoks.com.tr\\\/az\\\/mexfilik-siyaseti\\\/#breadcrumblist\"},\"datePublished\":\"2026-04-30T11:02:36+00:00\",\"dateModified\":\"2026-04-30T11:02:36+00:00\"},{\"@type\":\"WebSite\",\"@id\":\"https:\\\/\\\/genoks.com.tr\\\/az\\\/#website\",\"url\":\"https:\\\/\\\/genoks.com.tr\\\/az\\\/\",\"name\":\"Genoks Genetika | NIPT, Da\\u015f\\u0131y\\u0131c\\u0131 Tarama, Onkogenetika v\\u0259 WES Xidm\\u0259tl\\u0259ri\",\"description\":\"Genl\\u0259riniz\\u0259 \\u0130\\u015f\\u0131q Sa\\u00e7\\u0131r\\u0131q!\",\"inLanguage\":\"az\",\"publisher\":{\"@id\":\"https:\\\/\\\/genoks.com.tr\\\/az\\\/#organization\"}}]}\n\t\t<\/script>\n\t\t<!-- All in One SEO Pro -->\r\n\t\t<title>M\u0259xfilik Siyas\u0259ti - Genoks Genetika | NIPT, Da\u015f\u0131y\u0131c\u0131 Tarama, Onkogenetika v\u0259 WES Xidm\u0259tl\u0259ri<\/title>\n\n","aioseo_head_json":{"title":"M\u0259xfilik Siyas\u0259ti - Genoks Genetika | NIPT, Da\u015f\u0131y\u0131c\u0131 Tarama, Onkogenetika v\u0259 WES Xidm\u0259tl\u0259ri","description":"Genoks-un \u015f\u0259xsi v\u0259 genetik m\u0259lumatlar\u0131 nec\u0259 toplad\u0131\u011f\u0131, istifad\u0259 etdiyi, saxlad\u0131\u011f\u0131 v\u0259 payla\u015fd\u0131\u011f\u0131, eyni zamanda KVKK v\u0259 m\u00fcvafiq qanunlar alt\u0131nda h\u00fcquqlar\u0131n\u0131z.","canonical_url":"https:\/\/genoks.com.tr\/az\/mexfilik-siyaseti\/","robots":"max-image-preview:large","keywords":"","webmasterTools":{"miscellaneous":""},"schema":{"@context":"https:\/\/schema.org","@graph":[{"@type":"BreadcrumbList","@id":"https:\/\/genoks.com.tr\/az\/mexfilik-siyaseti\/#breadcrumblist","itemListElement":[{"@type":"ListItem","@id":"https:\/\/genoks.com.tr\/az\/#listItem","position":1,"name":"Home","item":"https:\/\/genoks.com.tr\/az\/","nextItem":{"@type":"ListItem","@id":"https:\/\/genoks.com.tr\/az\/mexfilik-siyaseti\/#listItem","name":"M\u0259xfilik Siyas\u0259ti"}},{"@type":"ListItem","@id":"https:\/\/genoks.com.tr\/az\/mexfilik-siyaseti\/#listItem","position":2,"name":"M\u0259xfilik Siyas\u0259ti","previousItem":{"@type":"ListItem","@id":"https:\/\/genoks.com.tr\/az\/#listItem","name":"Home"}}]},{"@type":"Organization","@id":"https:\/\/genoks.com.tr\/az\/#organization","name":"Genoks Genetika | NIPT, Da\u015f\u0131y\u0131c\u0131 Tarama, Onkogenetika v\u0259 WES Xidm\u0259tl\u0259ri","description":"Genl\u0259riniz\u0259 \u0130\u015f\u0131q Sa\u00e7\u0131r\u0131q!","url":"https:\/\/genoks.com.tr\/az\/","telephone":"+904448732","foundingDate":"2014-12-01","numberOfEmployees":{"@type":"QuantitativeValue","value":160},"logo":{"@type":"ImageObject","url":"https:\/\/genoks.com.tr\/wp-content\/uploads\/2025\/06\/genoks.svg","@id":"https:\/\/genoks.com.tr\/az\/mexfilik-siyaseti\/#organizationLogo","caption":"RapidNIPT testi ile yap\u0131lan NIPT taramas\u0131 sayesinde gebelikte 90'dan fazla kromozomal hastal\u0131k risksiz ve erken d\u00f6nemde tespit edilir."},"image":{"@id":"https:\/\/genoks.com.tr\/az\/mexfilik-siyaseti\/#organizationLogo"},"sameAs":["https:\/\/www.facebook.com\/GenoksGHTM","https:\/\/x.com\/Genoks_GHTM","https:\/\/www.instagram.com\/genoks_ghtm\/","https:\/\/www.linkedin.com\/in\/genoks\/"]},{"@type":"WebPage","@id":"https:\/\/genoks.com.tr\/az\/mexfilik-siyaseti\/#webpage","url":"https:\/\/genoks.com.tr\/az\/mexfilik-siyaseti\/","name":"M\u0259xfilik Siyas\u0259ti - Genoks Genetika | NIPT, Da\u015f\u0131y\u0131c\u0131 Tarama, Onkogenetika v\u0259 WES Xidm\u0259tl\u0259ri","description":"Genoks-un \u015f\u0259xsi v\u0259 genetik m\u0259lumatlar\u0131 nec\u0259 toplad\u0131\u011f\u0131, istifad\u0259 etdiyi, saxlad\u0131\u011f\u0131 v\u0259 payla\u015fd\u0131\u011f\u0131, eyni zamanda KVKK v\u0259 m\u00fcvafiq qanunlar alt\u0131nda h\u00fcquqlar\u0131n\u0131z.","inLanguage":"az","isPartOf":{"@id":"https:\/\/genoks.com.tr\/az\/#website"},"breadcrumb":{"@id":"https:\/\/genoks.com.tr\/az\/mexfilik-siyaseti\/#breadcrumblist"},"datePublished":"2026-04-30T11:02:36+00:00","dateModified":"2026-04-30T11:02:36+00:00"},{"@type":"WebSite","@id":"https:\/\/genoks.com.tr\/az\/#website","url":"https:\/\/genoks.com.tr\/az\/","name":"Genoks Genetika | NIPT, Da\u015f\u0131y\u0131c\u0131 Tarama, Onkogenetika v\u0259 WES Xidm\u0259tl\u0259ri","description":"Genl\u0259riniz\u0259 \u0130\u015f\u0131q Sa\u00e7\u0131r\u0131q!","inLanguage":"az","publisher":{"@id":"https:\/\/genoks.com.tr\/az\/#organization"}}]},"og:locale":"az_AZ","og:site_name":"Genoks Genetika | NIPT, Da\u015f\u0131y\u0131c\u0131 Tarama, Onkogenetika v\u0259 WES Xidm\u0259tl\u0259ri - Genl\u0259riniz\u0259 \u0130\u015f\u0131q Sa\u00e7\u0131r\u0131q!","og:type":"article","og:title":"M\u0259xfilik Siyas\u0259ti - Genoks Genetika | NIPT, Da\u015f\u0131y\u0131c\u0131 Tarama, Onkogenetika v\u0259 WES Xidm\u0259tl\u0259ri","og:description":"Genoks-un \u015f\u0259xsi v\u0259 genetik m\u0259lumatlar\u0131 nec\u0259 toplad\u0131\u011f\u0131, istifad\u0259 etdiyi, saxlad\u0131\u011f\u0131 v\u0259 payla\u015fd\u0131\u011f\u0131, eyni zamanda KVKK v\u0259 m\u00fcvafiq qanunlar alt\u0131nda h\u00fcquqlar\u0131n\u0131z.","og:url":"https:\/\/genoks.com.tr\/az\/mexfilik-siyaseti\/","og:image":"https:\/\/genoks.com.tr\/wp-content\/uploads\/2025\/06\/genoks.svg","og:image:secure_url":"https:\/\/genoks.com.tr\/wp-content\/uploads\/2025\/06\/genoks.svg","article:published_time":"2026-04-30T11:02:36+00:00","article:modified_time":"2026-04-30T11:02:36+00:00","article:publisher":"https:\/\/www.facebook.com\/GenoksGHTM","twitter:card":"summary_large_image","twitter:site":"@Genoks_GHTM","twitter:title":"M\u0259xfilik Siyas\u0259ti - Genoks Genetika | NIPT, Da\u015f\u0131y\u0131c\u0131 Tarama, Onkogenetika v\u0259 WES Xidm\u0259tl\u0259ri","twitter:description":"Genoks-un \u015f\u0259xsi v\u0259 genetik m\u0259lumatlar\u0131 nec\u0259 toplad\u0131\u011f\u0131, istifad\u0259 etdiyi, saxlad\u0131\u011f\u0131 v\u0259 payla\u015fd\u0131\u011f\u0131, eyni zamanda KVKK v\u0259 m\u00fcvafiq qanunlar alt\u0131nda h\u00fcquqlar\u0131n\u0131z.","twitter:creator":"@Genoks_GHTM","twitter:image":"https:\/\/genoks.com.tr\/wp-content\/uploads\/2025\/06\/genoks.svg"},"aioseo_meta_data":{"post_id":"2228","title":null,"description":null,"keywords":null,"keyphrases":null,"primary_term":null,"canonical_url":null,"og_title":null,"og_description":null,"og_object_type":"default","og_image_type":"default","og_image_url":null,"og_image_width":null,"og_image_height":null,"og_image_custom_url":null,"og_image_custom_fields":null,"og_video":null,"og_custom_url":null,"og_article_section":null,"og_article_tags":null,"twitter_use_og":false,"twitter_card":"default","twitter_image_type":"default","twitter_image_url":null,"twitter_image_custom_url":null,"twitter_image_custom_fields":null,"twitter_title":null,"twitter_description":null,"schema":{"blockGraphs":[],"customGraphs":[],"default":{"data":{"Article":[],"Course":[],"Dataset":[],"FAQPage":[],"Movie":[],"Person":[],"Product":[],"ProductReview":[],"Car":[],"Recipe":[],"Service":[],"SoftwareApplication":[],"WebPage":[]},"graphName":"","isEnabled":true},"graphs":[]},"schema_type":"default","schema_type_options":null,"pillar_content":false,"robots_default":true,"robots_noindex":false,"robots_noarchive":false,"robots_nosnippet":false,"robots_nofollow":false,"robots_noimageindex":false,"robots_noodp":false,"robots_notranslate":false,"robots_max_snippet":null,"robots_max_videopreview":null,"robots_max_imagepreview":"large","priority":null,"frequency":null,"local_seo":null,"seo_analyzer_scan_date":"2026-04-30 11:37:04","breadcrumb_settings":null,"limit_modified_date":false,"reviewed_by":null,"open_ai":null,"ai":null,"created":"2026-04-30 11:23:19","updated":"2026-04-30 11:37:04"},"aioseo_breadcrumb":"<div class=\"aioseo-breadcrumbs\"><span class=\"aioseo-breadcrumb\">\n\t<a href=\"https:\/\/genoks.com.tr\/az\/\" title=\"Home\">Home<\/a>\n<\/span><span class=\"aioseo-breadcrumb-separator\">&raquo;<\/span><span class=\"aioseo-breadcrumb\">\n\tM\u0259xfilik Siyas\u0259ti\n<\/span><\/div>","aioseo_breadcrumb_json":[{"label":"Home","link":"https:\/\/genoks.com.tr\/az\/"},{"label":"M\u0259xfilik Siyas\u0259ti","link":"https:\/\/genoks.com.tr\/az\/mexfilik-siyaseti\/"}],"_links":{"self":[{"href":"https:\/\/genoks.com.tr\/az\/wp-json\/wp\/v2\/pages\/2228","targetHints":{"allow":["GET"]}}],"collection":[{"href":"https:\/\/genoks.com.tr\/az\/wp-json\/wp\/v2\/pages"}],"about":[{"href":"https:\/\/genoks.com.tr\/az\/wp-json\/wp\/v2\/types\/page"}],"author":[{"embeddable":true,"href":"https:\/\/genoks.com.tr\/az\/wp-json\/wp\/v2\/users\/1"}],"replies":[{"embeddable":true,"href":"https:\/\/genoks.com.tr\/az\/wp-json\/wp\/v2\/comments?post=2228"}],"version-history":[{"count":0,"href":"https:\/\/genoks.com.tr\/az\/wp-json\/wp\/v2\/pages\/2228\/revisions"}],"wp:attachment":[{"href":"https:\/\/genoks.com.tr\/az\/wp-json\/wp\/v2\/media?parent=2228"}],"curies":[{"name":"wp","href":"https:\/\/api.w.org\/{rel}","templated":true}]}}