{"id":2230,"date":"2026-01-29T12:56:57","date_gmt":"2026-01-29T12:56:57","guid":{"rendered":"https:\/\/genoks.com.tr\/?p=2230"},"modified":"2026-04-30T11:02:43","modified_gmt":"2026-04-30T11:02:43","slug":"kuki-siyaseti","status":"publish","type":"page","link":"https:\/\/genoks.com.tr\/az\/kuki-siyaseti\/","title":{"rendered":"Kuki Siyas\u0259ti"},"content":{"rendered":"<h2>Kuki Siyas\u0259ti<\/h2>\n<p>Bu Kuki Siyas\u0259ti Genoks Sa\u011fl\u0131k A\u015e-nin genoks.com.tr sayt\u0131nda kukil\u0259ri v\u0259 ox\u015far texnologiyalar\u0131 nec\u0259 istifad\u0259 etdiyini izah edir.<\/p>\n<h3>Kukil\u0259r N\u0259dir?<\/h3>\n<p>Kukil\u0259r, vebsayt\u0131 ziyar\u0259t etdiyinizd\u0259 cihaz\u0131n\u0131za yerl\u0259\u015fdiril\u0259n ki\u00e7ik m\u0259tn fayllar\u0131d\u0131r. Sayt\u0131n ziyar\u0259tiniz haqq\u0131nda m\u0259lumatlar\u0131, m\u0259s\u0259l\u0259n \u00fcst\u00fcn tutdu\u011funuz dil v\u0259 dig\u0259r t\u0259nziml\u0259m\u0259l\u0259ri yadda saxlamas\u0131na k\u00f6m\u0259k edir.<\/p>\n<h3>\u0130stifad\u0259 Etdiyimiz Kukil\u0259r<\/h3>\n<ul>\n<li><strong>Tamamil\u0259 Laz\u0131mi:<\/strong> Vebsayt\u0131n i\u015fl\u0259m\u0259si \u00fc\u00e7\u00fcn laz\u0131md\u0131r (sessiya, t\u0259hl\u00fck\u0259sizlik, dil se\u00e7imi). Bunlar s\u00f6nd\u00fcr\u00fcl\u0259 bilm\u0259z.<\/li>\n<li><strong>Performans \/ Analitika:<\/strong> Ziyar\u0259t\u00e7il\u0259rin saytla nec\u0259 qar\u015f\u0131l\u0131ql\u0131 \u0259laq\u0259d\u0259 oldu\u011funu ba\u015fa d\u00fc\u015fm\u0259y\u0259 k\u00f6m\u0259k edir. Google Analytics v\u0259 ya ox\u015far vasit\u0259l\u0259rd\u0259n istifad\u0259 ed\u0259 bil\u0259rik.<\/li>\n<li><strong>Funksional:<\/strong> Dil v\u0259 ya b\u00f6lg\u0259 kimi se\u00e7iml\u0259rinizi yadda saxlay\u0131r.<\/li>\n<li><strong>H\u0259d\u0259fl\u0259m\u0259 \/ Reklam:<\/strong> M\u00fcvafiq m\u0259zmun \u00e7atd\u0131rmaq \u00fc\u00e7\u00fcn istifad\u0259 edilir; bizim v\u0259 ya \u00fc\u00e7\u00fcnc\u00fc t\u0259r\u0259fl\u0259r t\u0259r\u0259find\u0259n t\u0259yin edil\u0259 bil\u0259r.<\/li>\n<\/ul>\n<h3>Kukil\u0259rin \u0130dar\u0259 Edilm\u0259si<\/h3>\n<p>Brauzerl\u0259rin \u0259ks\u0259riyy\u0259ti kukil\u0259ri t\u0259nziml\u0259m\u0259l\u0259r vasit\u0259sil\u0259 idar\u0259 etm\u0259y\u0259 imkan verir \u2014 kukil\u0259ri bloklaya, sil\u0259 v\u0259 ya onlar haqq\u0131nda bildiri\u015f ala bil\u0259rsiniz.<\/p>\n<h3>Yenil\u0259m\u0259l\u0259r<\/h3>\n<p>Bu siyas\u0259t vaxta\u015f\u0131r\u0131 yenil\u0259n\u0259 bil\u0259r. \u018fn son versiya h\u0259mi\u015f\u0259 bu s\u0259hif\u0259d\u0259 m\u00f6vcud olacaq.<\/p>\n<h3>\u018flaq\u0259<\/h3>\n<p>Kukil\u0259rd\u0259n istifad\u0259mizl\u0259 ba\u011fl\u0131 suallar\u0131n\u0131z \u00fc\u00e7\u00fcn l\u00fctf\u0259n vebsayt\u0131n \u0259laq\u0259 formu vasit\u0259sil\u0259 biziml\u0259 \u0259laq\u0259 saxlay\u0131n.<\/p>\n","protected":false},"excerpt":{"rendered":"<p>Genoks-un genoks.com.tr sayt\u0131nda kukil\u0259ri v\u0259 ox\u015far texnologiyalar\u0131 nec\u0259 istifad\u0259 etdiyi, kuki n\u00f6vl\u0259ri v\u0259 onlar\u0131n idar\u0259 edilm\u0259si.<\/p>\n","protected":false},"author":1,"featured_media":0,"parent":0,"menu_order":0,"comment_status":"closed","ping_status":"closed","template":"","meta":{"footnotes":""},"class_list":["post-2230","page","type-page","status-publish","hentry"],"aioseo_notices":[],"aioseo_head":"\n\t\t<!-- All in One SEO Pro 4.9.5.2 - aioseo.com -->\n\t<meta name=\"description\" content=\"Genoks-un genoks.com.tr sayt\u0131nda kukil\u0259ri v\u0259 ox\u015far texnologiyalar\u0131 nec\u0259 istifad\u0259 etdiyi, kuki n\u00f6vl\u0259ri v\u0259 onlar\u0131n idar\u0259 edilm\u0259si.\" \/>\n\t<meta name=\"robots\" content=\"max-image-preview:large\" \/>\n\t<link rel=\"canonical\" href=\"https:\/\/genoks.com.tr\/az\/kuki-siyaseti\/\" \/>\n\t<meta name=\"generator\" content=\"All in One SEO Pro (AIOSEO) 4.9.5.2\" \/>\n\t\t<meta property=\"og:locale\" content=\"az_AZ\" \/>\n\t\t<meta property=\"og:site_name\" content=\"Genoks Genetika | NIPT, Da\u015f\u0131y\u0131c\u0131 Tarama, Onkogenetika v\u0259 WES Xidm\u0259tl\u0259ri - Genl\u0259riniz\u0259 \u0130\u015f\u0131q Sa\u00e7\u0131r\u0131q!\" \/>\n\t\t<meta property=\"og:type\" content=\"article\" \/>\n\t\t<meta property=\"og:title\" content=\"Kuki Siyas\u0259ti - Genoks Genetika | NIPT, Da\u015f\u0131y\u0131c\u0131 Tarama, Onkogenetika v\u0259 WES Xidm\u0259tl\u0259ri\" \/>\n\t\t<meta property=\"og:description\" content=\"Genoks-un genoks.com.tr sayt\u0131nda kukil\u0259ri v\u0259 ox\u015far texnologiyalar\u0131 nec\u0259 istifad\u0259 etdiyi, kuki n\u00f6vl\u0259ri v\u0259 onlar\u0131n idar\u0259 edilm\u0259si.\" \/>\n\t\t<meta property=\"og:url\" content=\"https:\/\/genoks.com.tr\/az\/kuki-siyaseti\/\" \/>\n\t\t<meta property=\"og:image\" content=\"https:\/\/genoks.com.tr\/wp-content\/uploads\/2025\/06\/genoks.svg\" \/>\n\t\t<meta property=\"og:image:secure_url\" content=\"https:\/\/genoks.com.tr\/wp-content\/uploads\/2025\/06\/genoks.svg\" \/>\n\t\t<meta property=\"article:published_time\" content=\"2026-01-29T12:56:57+00:00\" \/>\n\t\t<meta property=\"article:modified_time\" content=\"2026-04-30T11:02:43+00:00\" \/>\n\t\t<meta property=\"article:publisher\" content=\"https:\/\/www.facebook.com\/GenoksGHTM\" \/>\n\t\t<meta name=\"twitter:card\" content=\"summary_large_image\" \/>\n\t\t<meta name=\"twitter:site\" content=\"@Genoks_GHTM\" \/>\n\t\t<meta name=\"twitter:title\" content=\"Kuki Siyas\u0259ti - Genoks Genetika | NIPT, Da\u015f\u0131y\u0131c\u0131 Tarama, Onkogenetika v\u0259 WES Xidm\u0259tl\u0259ri\" \/>\n\t\t<meta name=\"twitter:description\" content=\"Genoks-un genoks.com.tr sayt\u0131nda kukil\u0259ri v\u0259 ox\u015far texnologiyalar\u0131 nec\u0259 istifad\u0259 etdiyi, kuki n\u00f6vl\u0259ri v\u0259 onlar\u0131n idar\u0259 edilm\u0259si.\" \/>\n\t\t<meta name=\"twitter:creator\" content=\"@Genoks_GHTM\" \/>\n\t\t<meta name=\"twitter:image\" content=\"https:\/\/genoks.com.tr\/wp-content\/uploads\/2025\/06\/genoks.svg\" \/>\n\t\t<script type=\"application\/ld+json\" class=\"aioseo-schema\">\n\t\t\t{\"@context\":\"https:\\\/\\\/schema.org\",\"@graph\":[{\"@type\":\"BreadcrumbList\",\"@id\":\"https:\\\/\\\/genoks.com.tr\\\/az\\\/kuki-siyaseti\\\/#breadcrumblist\",\"itemListElement\":[{\"@type\":\"ListItem\",\"@id\":\"https:\\\/\\\/genoks.com.tr\\\/az\\\/#listItem\",\"position\":1,\"name\":\"Home\",\"item\":\"https:\\\/\\\/genoks.com.tr\\\/az\\\/\",\"nextItem\":{\"@type\":\"ListItem\",\"@id\":\"https:\\\/\\\/genoks.com.tr\\\/az\\\/kuki-siyaseti\\\/#listItem\",\"name\":\"Kuki Siyas\\u0259ti\"}},{\"@type\":\"ListItem\",\"@id\":\"https:\\\/\\\/genoks.com.tr\\\/az\\\/kuki-siyaseti\\\/#listItem\",\"position\":2,\"name\":\"Kuki Siyas\\u0259ti\",\"previousItem\":{\"@type\":\"ListItem\",\"@id\":\"https:\\\/\\\/genoks.com.tr\\\/az\\\/#listItem\",\"name\":\"Home\"}}]},{\"@type\":\"Organization\",\"@id\":\"https:\\\/\\\/genoks.com.tr\\\/az\\\/#organization\",\"name\":\"Genoks Genetika | NIPT, Da\\u015f\\u0131y\\u0131c\\u0131 Tarama, Onkogenetika v\\u0259 WES Xidm\\u0259tl\\u0259ri\",\"description\":\"Genl\\u0259riniz\\u0259 \\u0130\\u015f\\u0131q Sa\\u00e7\\u0131r\\u0131q!\",\"url\":\"https:\\\/\\\/genoks.com.tr\\\/az\\\/\",\"telephone\":\"+904448732\",\"foundingDate\":\"2014-12-01\",\"numberOfEmployees\":{\"@type\":\"QuantitativeValue\",\"value\":160},\"logo\":{\"@type\":\"ImageObject\",\"url\":\"https:\\\/\\\/genoks.com.tr\\\/wp-content\\\/uploads\\\/2025\\\/06\\\/genoks.svg\",\"@id\":\"https:\\\/\\\/genoks.com.tr\\\/az\\\/kuki-siyaseti\\\/#organizationLogo\",\"caption\":\"RapidNIPT testi ile yap\\u0131lan NIPT taramas\\u0131 sayesinde gebelikte 90'dan fazla kromozomal hastal\\u0131k risksiz ve erken d\\u00f6nemde tespit edilir.\"},\"image\":{\"@id\":\"https:\\\/\\\/genoks.com.tr\\\/az\\\/kuki-siyaseti\\\/#organizationLogo\"},\"sameAs\":[\"https:\\\/\\\/www.facebook.com\\\/GenoksGHTM\",\"https:\\\/\\\/x.com\\\/Genoks_GHTM\",\"https:\\\/\\\/www.instagram.com\\\/genoks_ghtm\\\/\",\"https:\\\/\\\/www.linkedin.com\\\/in\\\/genoks\\\/\"]},{\"@type\":\"WebPage\",\"@id\":\"https:\\\/\\\/genoks.com.tr\\\/az\\\/kuki-siyaseti\\\/#webpage\",\"url\":\"https:\\\/\\\/genoks.com.tr\\\/az\\\/kuki-siyaseti\\\/\",\"name\":\"Kuki Siyas\\u0259ti - Genoks Genetika | NIPT, Da\\u015f\\u0131y\\u0131c\\u0131 Tarama, Onkogenetika v\\u0259 WES Xidm\\u0259tl\\u0259ri\",\"description\":\"Genoks-un genoks.com.tr sayt\\u0131nda kukil\\u0259ri v\\u0259 ox\\u015far texnologiyalar\\u0131 nec\\u0259 istifad\\u0259 etdiyi, kuki n\\u00f6vl\\u0259ri v\\u0259 onlar\\u0131n idar\\u0259 edilm\\u0259si.\",\"inLanguage\":\"az\",\"isPartOf\":{\"@id\":\"https:\\\/\\\/genoks.com.tr\\\/az\\\/#website\"},\"breadcrumb\":{\"@id\":\"https:\\\/\\\/genoks.com.tr\\\/az\\\/kuki-siyaseti\\\/#breadcrumblist\"},\"datePublished\":\"2026-01-29T12:56:57+00:00\",\"dateModified\":\"2026-04-30T11:02:43+00:00\"},{\"@type\":\"WebSite\",\"@id\":\"https:\\\/\\\/genoks.com.tr\\\/az\\\/#website\",\"url\":\"https:\\\/\\\/genoks.com.tr\\\/az\\\/\",\"name\":\"Genoks Genetika | NIPT, Da\\u015f\\u0131y\\u0131c\\u0131 Tarama, Onkogenetika v\\u0259 WES Xidm\\u0259tl\\u0259ri\",\"description\":\"Genl\\u0259riniz\\u0259 \\u0130\\u015f\\u0131q Sa\\u00e7\\u0131r\\u0131q!\",\"inLanguage\":\"az\",\"publisher\":{\"@id\":\"https:\\\/\\\/genoks.com.tr\\\/az\\\/#organization\"}}]}\n\t\t<\/script>\n\t\t<!-- All in One SEO Pro -->\r\n\t\t<title>Kuki Siyas\u0259ti - Genoks Genetika | NIPT, Da\u015f\u0131y\u0131c\u0131 Tarama, Onkogenetika v\u0259 WES Xidm\u0259tl\u0259ri<\/title>\n\n","aioseo_head_json":{"title":"Kuki Siyas\u0259ti - Genoks Genetika | NIPT, Da\u015f\u0131y\u0131c\u0131 Tarama, Onkogenetika v\u0259 WES Xidm\u0259tl\u0259ri","description":"Genoks-un genoks.com.tr sayt\u0131nda kukil\u0259ri v\u0259 ox\u015far texnologiyalar\u0131 nec\u0259 istifad\u0259 etdiyi, kuki n\u00f6vl\u0259ri v\u0259 onlar\u0131n idar\u0259 edilm\u0259si.","canonical_url":"https:\/\/genoks.com.tr\/az\/kuki-siyaseti\/","robots":"max-image-preview:large","keywords":"","webmasterTools":{"miscellaneous":""},"schema":{"@context":"https:\/\/schema.org","@graph":[{"@type":"BreadcrumbList","@id":"https:\/\/genoks.com.tr\/az\/kuki-siyaseti\/#breadcrumblist","itemListElement":[{"@type":"ListItem","@id":"https:\/\/genoks.com.tr\/az\/#listItem","position":1,"name":"Home","item":"https:\/\/genoks.com.tr\/az\/","nextItem":{"@type":"ListItem","@id":"https:\/\/genoks.com.tr\/az\/kuki-siyaseti\/#listItem","name":"Kuki Siyas\u0259ti"}},{"@type":"ListItem","@id":"https:\/\/genoks.com.tr\/az\/kuki-siyaseti\/#listItem","position":2,"name":"Kuki Siyas\u0259ti","previousItem":{"@type":"ListItem","@id":"https:\/\/genoks.com.tr\/az\/#listItem","name":"Home"}}]},{"@type":"Organization","@id":"https:\/\/genoks.com.tr\/az\/#organization","name":"Genoks Genetika | NIPT, Da\u015f\u0131y\u0131c\u0131 Tarama, Onkogenetika v\u0259 WES Xidm\u0259tl\u0259ri","description":"Genl\u0259riniz\u0259 \u0130\u015f\u0131q Sa\u00e7\u0131r\u0131q!","url":"https:\/\/genoks.com.tr\/az\/","telephone":"+904448732","foundingDate":"2014-12-01","numberOfEmployees":{"@type":"QuantitativeValue","value":160},"logo":{"@type":"ImageObject","url":"https:\/\/genoks.com.tr\/wp-content\/uploads\/2025\/06\/genoks.svg","@id":"https:\/\/genoks.com.tr\/az\/kuki-siyaseti\/#organizationLogo","caption":"RapidNIPT testi ile yap\u0131lan NIPT taramas\u0131 sayesinde gebelikte 90'dan fazla kromozomal hastal\u0131k risksiz ve erken d\u00f6nemde tespit edilir."},"image":{"@id":"https:\/\/genoks.com.tr\/az\/kuki-siyaseti\/#organizationLogo"},"sameAs":["https:\/\/www.facebook.com\/GenoksGHTM","https:\/\/x.com\/Genoks_GHTM","https:\/\/www.instagram.com\/genoks_ghtm\/","https:\/\/www.linkedin.com\/in\/genoks\/"]},{"@type":"WebPage","@id":"https:\/\/genoks.com.tr\/az\/kuki-siyaseti\/#webpage","url":"https:\/\/genoks.com.tr\/az\/kuki-siyaseti\/","name":"Kuki Siyas\u0259ti - Genoks Genetika | NIPT, Da\u015f\u0131y\u0131c\u0131 Tarama, Onkogenetika v\u0259 WES Xidm\u0259tl\u0259ri","description":"Genoks-un genoks.com.tr sayt\u0131nda kukil\u0259ri v\u0259 ox\u015far texnologiyalar\u0131 nec\u0259 istifad\u0259 etdiyi, kuki n\u00f6vl\u0259ri v\u0259 onlar\u0131n idar\u0259 edilm\u0259si.","inLanguage":"az","isPartOf":{"@id":"https:\/\/genoks.com.tr\/az\/#website"},"breadcrumb":{"@id":"https:\/\/genoks.com.tr\/az\/kuki-siyaseti\/#breadcrumblist"},"datePublished":"2026-01-29T12:56:57+00:00","dateModified":"2026-04-30T11:02:43+00:00"},{"@type":"WebSite","@id":"https:\/\/genoks.com.tr\/az\/#website","url":"https:\/\/genoks.com.tr\/az\/","name":"Genoks Genetika | NIPT, Da\u015f\u0131y\u0131c\u0131 Tarama, Onkogenetika v\u0259 WES Xidm\u0259tl\u0259ri","description":"Genl\u0259riniz\u0259 \u0130\u015f\u0131q Sa\u00e7\u0131r\u0131q!","inLanguage":"az","publisher":{"@id":"https:\/\/genoks.com.tr\/az\/#organization"}}]},"og:locale":"az_AZ","og:site_name":"Genoks Genetika | NIPT, Da\u015f\u0131y\u0131c\u0131 Tarama, Onkogenetika v\u0259 WES Xidm\u0259tl\u0259ri - Genl\u0259riniz\u0259 \u0130\u015f\u0131q Sa\u00e7\u0131r\u0131q!","og:type":"article","og:title":"Kuki Siyas\u0259ti - Genoks Genetika | NIPT, Da\u015f\u0131y\u0131c\u0131 Tarama, Onkogenetika v\u0259 WES Xidm\u0259tl\u0259ri","og:description":"Genoks-un genoks.com.tr sayt\u0131nda kukil\u0259ri v\u0259 ox\u015far texnologiyalar\u0131 nec\u0259 istifad\u0259 etdiyi, kuki n\u00f6vl\u0259ri v\u0259 onlar\u0131n idar\u0259 edilm\u0259si.","og:url":"https:\/\/genoks.com.tr\/az\/kuki-siyaseti\/","og:image":"https:\/\/genoks.com.tr\/wp-content\/uploads\/2025\/06\/genoks.svg","og:image:secure_url":"https:\/\/genoks.com.tr\/wp-content\/uploads\/2025\/06\/genoks.svg","article:published_time":"2026-01-29T12:56:57+00:00","article:modified_time":"2026-04-30T11:02:43+00:00","article:publisher":"https:\/\/www.facebook.com\/GenoksGHTM","twitter:card":"summary_large_image","twitter:site":"@Genoks_GHTM","twitter:title":"Kuki Siyas\u0259ti - Genoks Genetika | NIPT, Da\u015f\u0131y\u0131c\u0131 Tarama, Onkogenetika v\u0259 WES Xidm\u0259tl\u0259ri","twitter:description":"Genoks-un genoks.com.tr sayt\u0131nda kukil\u0259ri v\u0259 ox\u015far texnologiyalar\u0131 nec\u0259 istifad\u0259 etdiyi, kuki n\u00f6vl\u0259ri v\u0259 onlar\u0131n idar\u0259 edilm\u0259si.","twitter:creator":"@Genoks_GHTM","twitter:image":"https:\/\/genoks.com.tr\/wp-content\/uploads\/2025\/06\/genoks.svg"},"aioseo_meta_data":{"post_id":"2230","title":null,"description":null,"keywords":null,"keyphrases":null,"primary_term":null,"canonical_url":null,"og_title":null,"og_description":null,"og_object_type":"default","og_image_type":"default","og_image_url":null,"og_image_width":null,"og_image_height":null,"og_image_custom_url":null,"og_image_custom_fields":null,"og_video":null,"og_custom_url":null,"og_article_section":null,"og_article_tags":null,"twitter_use_og":false,"twitter_card":"default","twitter_image_type":"default","twitter_image_url":null,"twitter_image_custom_url":null,"twitter_image_custom_fields":null,"twitter_title":null,"twitter_description":null,"schema":{"blockGraphs":[],"customGraphs":[],"default":{"data":{"Article":[],"Course":[],"Dataset":[],"FAQPage":[],"Movie":[],"Person":[],"Product":[],"ProductReview":[],"Car":[],"Recipe":[],"Service":[],"SoftwareApplication":[],"WebPage":[]},"graphName":"","isEnabled":true},"graphs":[]},"schema_type":"default","schema_type_options":null,"pillar_content":false,"robots_default":true,"robots_noindex":false,"robots_noarchive":false,"robots_nosnippet":false,"robots_nofollow":false,"robots_noimageindex":false,"robots_noodp":false,"robots_notranslate":false,"robots_max_snippet":null,"robots_max_videopreview":null,"robots_max_imagepreview":"large","priority":null,"frequency":null,"local_seo":null,"seo_analyzer_scan_date":"2026-04-30 11:37:05","breadcrumb_settings":null,"limit_modified_date":false,"reviewed_by":null,"open_ai":null,"ai":null,"created":"2026-04-30 11:23:19","updated":"2026-04-30 11:37:05"},"aioseo_breadcrumb":"<div class=\"aioseo-breadcrumbs\"><span class=\"aioseo-breadcrumb\">\n\t<a href=\"https:\/\/genoks.com.tr\/az\/\" title=\"Home\">Home<\/a>\n<\/span><span class=\"aioseo-breadcrumb-separator\">&raquo;<\/span><span class=\"aioseo-breadcrumb\">\n\tKuki Siyas\u0259ti\n<\/span><\/div>","aioseo_breadcrumb_json":[{"label":"Home","link":"https:\/\/genoks.com.tr\/az\/"},{"label":"Kuki Siyas\u0259ti","link":"https:\/\/genoks.com.tr\/az\/kuki-siyaseti\/"}],"_links":{"self":[{"href":"https:\/\/genoks.com.tr\/az\/wp-json\/wp\/v2\/pages\/2230","targetHints":{"allow":["GET"]}}],"collection":[{"href":"https:\/\/genoks.com.tr\/az\/wp-json\/wp\/v2\/pages"}],"about":[{"href":"https:\/\/genoks.com.tr\/az\/wp-json\/wp\/v2\/types\/page"}],"author":[{"embeddable":true,"href":"https:\/\/genoks.com.tr\/az\/wp-json\/wp\/v2\/users\/1"}],"replies":[{"embeddable":true,"href":"https:\/\/genoks.com.tr\/az\/wp-json\/wp\/v2\/comments?post=2230"}],"version-history":[{"count":0,"href":"https:\/\/genoks.com.tr\/az\/wp-json\/wp\/v2\/pages\/2230\/revisions"}],"wp:attachment":[{"href":"https:\/\/genoks.com.tr\/az\/wp-json\/wp\/v2\/media?parent=2230"}],"curies":[{"name":"wp","href":"https:\/\/api.w.org\/{rel}","templated":true}]}}