{"id":1691,"date":"2023-01-30T09:37:16","date_gmt":"2023-01-30T09:37:16","guid":{"rendered":"https:\/\/genoks.com.tr\/gdpr\/"},"modified":"2025-12-16T05:37:37","modified_gmt":"2025-12-16T05:37:37","slug":"gdpr","status":"publish","type":"page","link":"https:\/\/genoks.com.tr\/en\/gdpr\/","title":{"rendered":"GDPR"},"content":{"rendered":"","protected":false},"excerpt":{"rendered":"","protected":false},"author":1,"featured_media":0,"parent":0,"menu_order":0,"comment_status":"open","ping_status":"closed","template":"","meta":{"footnotes":""},"class_list":["post-1691","page","type-page","status-publish","hentry"],"aioseo_notices":[],"aioseo_head":"\n\t\t<!-- All in One SEO Pro 4.9.5.2 - aioseo.com -->\n\t<meta name=\"robots\" content=\"max-image-preview:large\" \/>\n\t<link rel=\"canonical\" href=\"https:\/\/genoks.com.tr\/en\/gdpr\/\" \/>\n\t<meta name=\"generator\" content=\"All in One SEO Pro (AIOSEO) 4.9.5.2\" \/>\n\t\t<meta property=\"og:locale\" content=\"en_US\" \/>\n\t\t<meta property=\"og:site_name\" content=\"Genoks Genetik | NIPT, TATA, Onkogenetik ve WES Hizmetleri - Genlerinize I\u015f\u0131k Tutuyoruz!\" \/>\n\t\t<meta property=\"og:type\" content=\"article\" \/>\n\t\t<meta property=\"og:title\" content=\"GDPR - Genoks Genetik | NIPT, TATA, Onkogenetik ve WES Hizmetleri\" \/>\n\t\t<meta property=\"og:url\" content=\"https:\/\/genoks.com.tr\/en\/gdpr\/\" \/>\n\t\t<meta property=\"og:image\" content=\"https:\/\/genoks.com.tr\/wp-content\/uploads\/2025\/06\/genoks.svg\" \/>\n\t\t<meta property=\"og:image:secure_url\" content=\"https:\/\/genoks.com.tr\/wp-content\/uploads\/2025\/06\/genoks.svg\" \/>\n\t\t<meta property=\"article:published_time\" content=\"2023-01-30T09:37:16+00:00\" \/>\n\t\t<meta property=\"article:modified_time\" content=\"2025-12-16T05:37:37+00:00\" \/>\n\t\t<meta property=\"article:publisher\" content=\"https:\/\/www.facebook.com\/GenoksGHTM\" \/>\n\t\t<meta name=\"twitter:card\" content=\"summary_large_image\" \/>\n\t\t<meta name=\"twitter:site\" content=\"@Genoks_GHTM\" \/>\n\t\t<meta name=\"twitter:title\" content=\"GDPR - Genoks Genetik | NIPT, TATA, Onkogenetik ve WES Hizmetleri\" \/>\n\t\t<meta name=\"twitter:creator\" content=\"@Genoks_GHTM\" \/>\n\t\t<meta name=\"twitter:image\" content=\"https:\/\/genoks.com.tr\/wp-content\/uploads\/2025\/06\/genoks.svg\" \/>\n\t\t<script type=\"application\/ld+json\" class=\"aioseo-schema\">\n\t\t\t{\"@context\":\"https:\\\/\\\/schema.org\",\"@graph\":[{\"@type\":\"BreadcrumbList\",\"@id\":\"https:\\\/\\\/genoks.com.tr\\\/en\\\/gdpr\\\/#breadcrumblist\",\"itemListElement\":[{\"@type\":\"ListItem\",\"@id\":\"https:\\\/\\\/genoks.com.tr\\\/en\\\/#listItem\",\"position\":1,\"name\":\"Home\",\"item\":\"https:\\\/\\\/genoks.com.tr\\\/en\\\/\",\"nextItem\":{\"@type\":\"ListItem\",\"@id\":\"https:\\\/\\\/genoks.com.tr\\\/en\\\/gdpr\\\/#listItem\",\"name\":\"GDPR\"}},{\"@type\":\"ListItem\",\"@id\":\"https:\\\/\\\/genoks.com.tr\\\/en\\\/gdpr\\\/#listItem\",\"position\":2,\"name\":\"GDPR\",\"previousItem\":{\"@type\":\"ListItem\",\"@id\":\"https:\\\/\\\/genoks.com.tr\\\/en\\\/#listItem\",\"name\":\"Home\"}}]},{\"@type\":\"Organization\",\"@id\":\"https:\\\/\\\/genoks.com.tr\\\/en\\\/#organization\",\"name\":\"Genoks Genetik | NIPT, TATA, Onkogenetik ve WES Hizmetleri\",\"description\":\"Genlerinize I\\u015f\\u0131k Tutuyoruz!\",\"url\":\"https:\\\/\\\/genoks.com.tr\\\/en\\\/\",\"telephone\":\"+904448732\",\"foundingDate\":\"2014-12-01\",\"numberOfEmployees\":{\"@type\":\"QuantitativeValue\",\"value\":160},\"logo\":{\"@type\":\"ImageObject\",\"url\":\"https:\\\/\\\/genoks.com.tr\\\/wp-content\\\/uploads\\\/2025\\\/06\\\/genoks.svg\",\"@id\":\"https:\\\/\\\/genoks.com.tr\\\/en\\\/gdpr\\\/#organizationLogo\",\"caption\":\"RapidNIPT testi ile yap\\u0131lan NIPT taramas\\u0131 sayesinde gebelikte 90'dan fazla kromozomal hastal\\u0131k risksiz ve erken d\\u00f6nemde tespit edilir.\"},\"image\":{\"@id\":\"https:\\\/\\\/genoks.com.tr\\\/en\\\/gdpr\\\/#organizationLogo\"},\"sameAs\":[\"https:\\\/\\\/www.facebook.com\\\/GenoksGHTM\",\"https:\\\/\\\/x.com\\\/Genoks_GHTM\",\"https:\\\/\\\/www.instagram.com\\\/genoks_ghtm\\\/\",\"https:\\\/\\\/www.linkedin.com\\\/in\\\/genoks\\\/\"]},{\"@type\":\"WebPage\",\"@id\":\"https:\\\/\\\/genoks.com.tr\\\/en\\\/gdpr\\\/#webpage\",\"url\":\"https:\\\/\\\/genoks.com.tr\\\/en\\\/gdpr\\\/\",\"name\":\"GDPR - Genoks Genetik | NIPT, TATA, Onkogenetik ve WES Hizmetleri\",\"inLanguage\":\"en-US\",\"isPartOf\":{\"@id\":\"https:\\\/\\\/genoks.com.tr\\\/en\\\/#website\"},\"breadcrumb\":{\"@id\":\"https:\\\/\\\/genoks.com.tr\\\/en\\\/gdpr\\\/#breadcrumblist\"},\"datePublished\":\"2023-01-30T09:37:16+00:00\",\"dateModified\":\"2025-12-16T05:37:37+00:00\"},{\"@type\":\"WebSite\",\"@id\":\"https:\\\/\\\/genoks.com.tr\\\/en\\\/#website\",\"url\":\"https:\\\/\\\/genoks.com.tr\\\/en\\\/\",\"name\":\"Genoks Genetik | NIPT, TATA, Onkogenetik ve WES Hizmetleri\",\"description\":\"Genlerinize I\\u015f\\u0131k Tutuyoruz!\",\"inLanguage\":\"en-US\",\"publisher\":{\"@id\":\"https:\\\/\\\/genoks.com.tr\\\/en\\\/#organization\"}}]}\n\t\t<\/script>\n\t\t<!-- All in One SEO Pro -->\r\n\t\t<title>GDPR - Genoks Genetik | NIPT, TATA, Onkogenetik ve WES Hizmetleri<\/title>\n\n","aioseo_head_json":{"title":"GDPR - Genoks Genetik | NIPT, TATA, Onkogenetik ve WES Hizmetleri","description":"","canonical_url":"https:\/\/genoks.com.tr\/en\/gdpr\/","robots":"max-image-preview:large","keywords":"","webmasterTools":{"miscellaneous":""},"schema":{"@context":"https:\/\/schema.org","@graph":[{"@type":"BreadcrumbList","@id":"https:\/\/genoks.com.tr\/en\/gdpr\/#breadcrumblist","itemListElement":[{"@type":"ListItem","@id":"https:\/\/genoks.com.tr\/en\/#listItem","position":1,"name":"Home","item":"https:\/\/genoks.com.tr\/en\/","nextItem":{"@type":"ListItem","@id":"https:\/\/genoks.com.tr\/en\/gdpr\/#listItem","name":"GDPR"}},{"@type":"ListItem","@id":"https:\/\/genoks.com.tr\/en\/gdpr\/#listItem","position":2,"name":"GDPR","previousItem":{"@type":"ListItem","@id":"https:\/\/genoks.com.tr\/en\/#listItem","name":"Home"}}]},{"@type":"Organization","@id":"https:\/\/genoks.com.tr\/en\/#organization","name":"Genoks Genetik | NIPT, TATA, Onkogenetik ve WES Hizmetleri","description":"Genlerinize I\u015f\u0131k Tutuyoruz!","url":"https:\/\/genoks.com.tr\/en\/","telephone":"+904448732","foundingDate":"2014-12-01","numberOfEmployees":{"@type":"QuantitativeValue","value":160},"logo":{"@type":"ImageObject","url":"https:\/\/genoks.com.tr\/wp-content\/uploads\/2025\/06\/genoks.svg","@id":"https:\/\/genoks.com.tr\/en\/gdpr\/#organizationLogo","caption":"RapidNIPT testi ile yap\u0131lan NIPT taramas\u0131 sayesinde gebelikte 90'dan fazla kromozomal hastal\u0131k risksiz ve erken d\u00f6nemde tespit edilir."},"image":{"@id":"https:\/\/genoks.com.tr\/en\/gdpr\/#organizationLogo"},"sameAs":["https:\/\/www.facebook.com\/GenoksGHTM","https:\/\/x.com\/Genoks_GHTM","https:\/\/www.instagram.com\/genoks_ghtm\/","https:\/\/www.linkedin.com\/in\/genoks\/"]},{"@type":"WebPage","@id":"https:\/\/genoks.com.tr\/en\/gdpr\/#webpage","url":"https:\/\/genoks.com.tr\/en\/gdpr\/","name":"GDPR - Genoks Genetik | NIPT, TATA, Onkogenetik ve WES Hizmetleri","inLanguage":"en-US","isPartOf":{"@id":"https:\/\/genoks.com.tr\/en\/#website"},"breadcrumb":{"@id":"https:\/\/genoks.com.tr\/en\/gdpr\/#breadcrumblist"},"datePublished":"2023-01-30T09:37:16+00:00","dateModified":"2025-12-16T05:37:37+00:00"},{"@type":"WebSite","@id":"https:\/\/genoks.com.tr\/en\/#website","url":"https:\/\/genoks.com.tr\/en\/","name":"Genoks Genetik | NIPT, TATA, Onkogenetik ve WES Hizmetleri","description":"Genlerinize I\u015f\u0131k Tutuyoruz!","inLanguage":"en-US","publisher":{"@id":"https:\/\/genoks.com.tr\/en\/#organization"}}]},"og:locale":"en_US","og:site_name":"Genoks Genetik | NIPT, TATA, Onkogenetik ve WES Hizmetleri - Genlerinize I\u015f\u0131k Tutuyoruz!","og:type":"article","og:title":"GDPR - Genoks Genetik | NIPT, TATA, Onkogenetik ve WES Hizmetleri","og:url":"https:\/\/genoks.com.tr\/en\/gdpr\/","og:image":"https:\/\/genoks.com.tr\/wp-content\/uploads\/2025\/06\/genoks.svg","og:image:secure_url":"https:\/\/genoks.com.tr\/wp-content\/uploads\/2025\/06\/genoks.svg","article:published_time":"2023-01-30T09:37:16+00:00","article:modified_time":"2025-12-16T05:37:37+00:00","article:publisher":"https:\/\/www.facebook.com\/GenoksGHTM","twitter:card":"summary_large_image","twitter:site":"@Genoks_GHTM","twitter:title":"GDPR - Genoks Genetik | NIPT, TATA, Onkogenetik ve WES Hizmetleri","twitter:creator":"@Genoks_GHTM","twitter:image":"https:\/\/genoks.com.tr\/wp-content\/uploads\/2025\/06\/genoks.svg"},"aioseo_meta_data":{"post_id":"1691","title":null,"description":null,"keywords":null,"keyphrases":{"focus":{"keyphrase":"","score":0,"analysis":{"keyphraseInTitle":{"score":0,"maxScore":9,"error":1}}},"additional":[]},"primary_term":null,"canonical_url":null,"og_title":null,"og_description":null,"og_object_type":"default","og_image_type":"default","og_image_url":null,"og_image_width":null,"og_image_height":null,"og_image_custom_url":null,"og_image_custom_fields":null,"og_video":"","og_custom_url":null,"og_article_section":null,"og_article_tags":null,"twitter_use_og":false,"twitter_card":"default","twitter_image_type":"default","twitter_image_url":null,"twitter_image_custom_url":null,"twitter_image_custom_fields":null,"twitter_title":null,"twitter_description":null,"schema":{"blockGraphs":[],"customGraphs":[],"default":{"data":{"Article":[],"Course":[],"Dataset":[],"FAQPage":[],"Movie":[],"Person":[],"Product":[],"ProductReview":[],"Car":[],"Recipe":[],"Service":[],"SoftwareApplication":[],"WebPage":[]},"graphName":"WebPage","isEnabled":true},"graphs":[]},"schema_type":"default","schema_type_options":null,"pillar_content":false,"robots_default":true,"robots_noindex":false,"robots_noarchive":false,"robots_nosnippet":false,"robots_nofollow":false,"robots_noimageindex":false,"robots_noodp":false,"robots_notranslate":false,"robots_max_snippet":"-1","robots_max_videopreview":"-1","robots_max_imagepreview":"large","priority":null,"frequency":"default","local_seo":null,"seo_analyzer_scan_date":"2025-12-15 07:55:22","breadcrumb_settings":null,"limit_modified_date":false,"reviewed_by":"0","open_ai":null,"ai":{"faqs":[],"keyPoints":[],"titles":[],"descriptions":[],"socialPosts":{"email":[],"linkedin":[],"twitter":[],"facebook":[],"instagram":[]}},"created":"2025-12-13 15:46:19","updated":"2025-12-16 05:44:25"},"aioseo_breadcrumb":"<div class=\"aioseo-breadcrumbs\"><span class=\"aioseo-breadcrumb\">\n\t<a href=\"https:\/\/genoks.com.tr\/en\/\" title=\"Home\">Home<\/a>\n<\/span><span class=\"aioseo-breadcrumb-separator\">&raquo;<\/span><span class=\"aioseo-breadcrumb\">\n\tGDPR\n<\/span><\/div>","aioseo_breadcrumb_json":[{"label":"Home","link":"https:\/\/genoks.com.tr\/en\/"},{"label":"GDPR","link":"https:\/\/genoks.com.tr\/en\/gdpr\/"}],"_links":{"self":[{"href":"https:\/\/genoks.com.tr\/en\/wp-json\/wp\/v2\/pages\/1691","targetHints":{"allow":["GET"]}}],"collection":[{"href":"https:\/\/genoks.com.tr\/en\/wp-json\/wp\/v2\/pages"}],"about":[{"href":"https:\/\/genoks.com.tr\/en\/wp-json\/wp\/v2\/types\/page"}],"author":[{"embeddable":true,"href":"https:\/\/genoks.com.tr\/en\/wp-json\/wp\/v2\/users\/1"}],"replies":[{"embeddable":true,"href":"https:\/\/genoks.com.tr\/en\/wp-json\/wp\/v2\/comments?post=1691"}],"version-history":[{"count":1,"href":"https:\/\/genoks.com.tr\/en\/wp-json\/wp\/v2\/pages\/1691\/revisions"}],"predecessor-version":[{"id":2036,"href":"https:\/\/genoks.com.tr\/en\/wp-json\/wp\/v2\/pages\/1691\/revisions\/2036"}],"wp:attachment":[{"href":"https:\/\/genoks.com.tr\/en\/wp-json\/wp\/v2\/media?parent=1691"}],"curies":[{"name":"wp","href":"https:\/\/api.w.org\/{rel}","templated":true}]}}