{"id":2120,"date":"2023-01-25T15:21:13","date_gmt":"2023-01-25T15:21:13","guid":{"rendered":"https:\/\/genoks.com.tr\/home-page\/"},"modified":"2026-01-04T13:32:27","modified_gmt":"2026-01-04T13:32:27","slug":"home-page","status":"publish","type":"page","link":"https:\/\/genoks.com.tr\/en\/","title":{"rendered":"Home Page"},"content":{"rendered":"","protected":false},"excerpt":{"rendered":"","protected":false},"author":1,"featured_media":0,"parent":0,"menu_order":0,"comment_status":"open","ping_status":"closed","template":"","meta":{"footnotes":""},"class_list":["post-2120","page","type-page","status-publish","hentry"],"aioseo_notices":[],"aioseo_head":"\n\t\t<!-- All in One SEO Pro 4.9.5.2 - aioseo.com -->\n\t<meta name=\"description\" content=\"Genoks offers personalized solutions with NIPT, WES, carrier screening, oncogenetics, CES, cancer, and genetic tests. Genoks is by your side for your genetic health.\" \/>\n\t<meta name=\"robots\" content=\"max-image-preview:large\" \/>\n\t<link rel=\"canonical\" href=\"https:\/\/genoks.com.tr\/en\/\" \/>\n\t<meta name=\"generator\" content=\"All in One SEO Pro (AIOSEO) 4.9.5.2\" \/>\n\t\t<meta property=\"og:locale\" content=\"en_US\" \/>\n\t\t<meta property=\"og:site_name\" content=\"Genoks Genetics | NIPT, Carrier Screening, Oncogenetics and WES Services - Shedding Light on Your Genes!\" \/>\n\t\t<meta property=\"og:type\" content=\"website\" \/>\n\t\t<meta property=\"og:title\" content=\"Genoks | NIPT, Carrier Screening, Oncogenetics, WES Services\" \/>\n\t\t<meta property=\"og:description\" content=\"Genoks offers personalized solutions with NIPT, WES, carrier screening, oncogenetics, CES, cancer, and genetic tests. Genoks is by your side for your genetic health.\" \/>\n\t\t<meta property=\"og:url\" content=\"https:\/\/genoks.com.tr\/en\/\" \/>\n\t\t<meta property=\"og:image\" content=\"https:\/\/genoks.com.tr\/wp-content\/uploads\/2025\/06\/genoks.svg\" \/>\n\t\t<meta property=\"og:image:secure_url\" content=\"https:\/\/genoks.com.tr\/wp-content\/uploads\/2025\/06\/genoks.svg\" \/>\n\t\t<meta name=\"twitter:card\" content=\"summary_large_image\" \/>\n\t\t<meta name=\"twitter:site\" content=\"@Genoks_GHTM\" \/>\n\t\t<meta name=\"twitter:title\" content=\"Genoks | NIPT, Carrier Screening, Oncogenetics, WES Services\" \/>\n\t\t<meta name=\"twitter:description\" content=\"Genoks offers personalized solutions with NIPT, WES, carrier screening, oncogenetics, CES, cancer, and genetic tests. Genoks is by your side for your genetic health.\" \/>\n\t\t<meta name=\"twitter:creator\" content=\"@Genoks_GHTM\" \/>\n\t\t<meta name=\"twitter:image\" content=\"https:\/\/genoks.com.tr\/wp-content\/uploads\/2025\/06\/genoks.svg\" \/>\n\t\t<script type=\"application\/ld+json\" class=\"aioseo-schema\">\n\t\t\t{\"@context\":\"https:\\\/\\\/schema.org\",\"@graph\":[{\"@type\":\"BreadcrumbList\",\"@id\":\"https:\\\/\\\/genoks.com.tr\\\/en\\\/#breadcrumblist\",\"itemListElement\":[{\"@type\":\"ListItem\",\"@id\":\"https:\\\/\\\/genoks.com.tr\\\/en\\\/#listItem\",\"position\":1,\"name\":\"Home\",\"item\":\"https:\\\/\\\/genoks.com.tr\\\/en\\\/\",\"nextItem\":{\"@type\":\"ListItem\",\"@id\":\"https:\\\/\\\/genoks.com.tr\\\/en\\\/#listItem\",\"name\":\"Home Page\"}},{\"@type\":\"ListItem\",\"@id\":\"https:\\\/\\\/genoks.com.tr\\\/en\\\/#listItem\",\"position\":2,\"name\":\"Home Page\",\"previousItem\":{\"@type\":\"ListItem\",\"@id\":\"https:\\\/\\\/genoks.com.tr\\\/en\\\/#listItem\",\"name\":\"Home\"}}]},{\"@type\":\"Organization\",\"@id\":\"https:\\\/\\\/genoks.com.tr\\\/en\\\/#organization\",\"name\":\"Genoks Genetics | NIPT, Carrier Screening, Oncogenetics and WES Services\",\"description\":\"Shedding Light on Your Genes!\",\"url\":\"https:\\\/\\\/genoks.com.tr\\\/en\\\/\",\"telephone\":\"+904448732\",\"foundingDate\":\"2014-12-01\",\"numberOfEmployees\":{\"@type\":\"QuantitativeValue\",\"value\":160},\"logo\":{\"@type\":\"ImageObject\",\"url\":\"https:\\\/\\\/genoks.com.tr\\\/wp-content\\\/uploads\\\/2025\\\/06\\\/genoks.svg\",\"@id\":\"https:\\\/\\\/genoks.com.tr\\\/en\\\/#organizationLogo\",\"caption\":\"RapidNIPT testi ile yap\\u0131lan NIPT taramas\\u0131 sayesinde gebelikte 90'dan fazla kromozomal hastal\\u0131k risksiz ve erken d\\u00f6nemde tespit edilir.\"},\"image\":{\"@id\":\"https:\\\/\\\/genoks.com.tr\\\/en\\\/#organizationLogo\"},\"sameAs\":[\"https:\\\/\\\/www.facebook.com\\\/GenoksGHTM\",\"https:\\\/\\\/x.com\\\/Genoks_GHTM\",\"https:\\\/\\\/www.instagram.com\\\/genoks_ghtm\\\/\",\"https:\\\/\\\/www.linkedin.com\\\/in\\\/genoks\\\/\"]},{\"@type\":\"WebPage\",\"@id\":\"https:\\\/\\\/genoks.com.tr\\\/en\\\/#webpage\",\"url\":\"https:\\\/\\\/genoks.com.tr\\\/en\\\/\",\"name\":\"Genoks | NIPT, Carrier Screening, Oncogenetics, WES Services\",\"description\":\"Genoks offers personalized solutions with NIPT, WES, carrier screening, oncogenetics, CES, cancer, and genetic tests. Genoks is by your side for your genetic health.\",\"inLanguage\":\"en-US\",\"isPartOf\":{\"@id\":\"https:\\\/\\\/genoks.com.tr\\\/en\\\/#website\"},\"breadcrumb\":{\"@id\":\"https:\\\/\\\/genoks.com.tr\\\/en\\\/#breadcrumblist\"},\"datePublished\":\"2023-01-25T15:21:13+00:00\",\"dateModified\":\"2026-01-04T13:32:27+00:00\"},{\"@type\":\"WebSite\",\"@id\":\"https:\\\/\\\/genoks.com.tr\\\/en\\\/#website\",\"url\":\"https:\\\/\\\/genoks.com.tr\\\/en\\\/\",\"name\":\"Genoks Genetics | NIPT, Carrier Screening, Oncogenetics and WES Services\",\"description\":\"Shedding Light on Your Genes!\",\"inLanguage\":\"en-US\",\"publisher\":{\"@id\":\"https:\\\/\\\/genoks.com.tr\\\/en\\\/#organization\"}}]}\n\t\t<\/script>\n\t\t<!-- All in One SEO Pro -->\r\n\t\t<title>Genoks | NIPT, Carrier Screening, Oncogenetics, WES Services<\/title>\n\n","aioseo_head_json":{"title":"Genoks | NIPT, Carrier Screening, Oncogenetics, WES Services","description":"Genoks offers personalized solutions with NIPT, WES, carrier screening, oncogenetics, CES, cancer, and genetic tests. Genoks is by your side for your genetic health.","canonical_url":"https:\/\/genoks.com.tr\/en\/","robots":"max-image-preview:large","keywords":"","webmasterTools":{"miscellaneous":""},"schema":{"@context":"https:\/\/schema.org","@graph":[{"@type":"BreadcrumbList","@id":"https:\/\/genoks.com.tr\/en\/#breadcrumblist","itemListElement":[{"@type":"ListItem","@id":"https:\/\/genoks.com.tr\/en\/#listItem","position":1,"name":"Home","item":"https:\/\/genoks.com.tr\/en\/","nextItem":{"@type":"ListItem","@id":"https:\/\/genoks.com.tr\/en\/#listItem","name":"Home Page"}},{"@type":"ListItem","@id":"https:\/\/genoks.com.tr\/en\/#listItem","position":2,"name":"Home Page","previousItem":{"@type":"ListItem","@id":"https:\/\/genoks.com.tr\/en\/#listItem","name":"Home"}}]},{"@type":"Organization","@id":"https:\/\/genoks.com.tr\/en\/#organization","name":"Genoks Genetics | NIPT, Carrier Screening, Oncogenetics and WES Services","description":"Shedding Light on Your Genes!","url":"https:\/\/genoks.com.tr\/en\/","telephone":"+904448732","foundingDate":"2014-12-01","numberOfEmployees":{"@type":"QuantitativeValue","value":160},"logo":{"@type":"ImageObject","url":"https:\/\/genoks.com.tr\/wp-content\/uploads\/2025\/06\/genoks.svg","@id":"https:\/\/genoks.com.tr\/en\/#organizationLogo","caption":"RapidNIPT testi ile yap\u0131lan NIPT taramas\u0131 sayesinde gebelikte 90'dan fazla kromozomal hastal\u0131k risksiz ve erken d\u00f6nemde tespit edilir."},"image":{"@id":"https:\/\/genoks.com.tr\/en\/#organizationLogo"},"sameAs":["https:\/\/www.facebook.com\/GenoksGHTM","https:\/\/x.com\/Genoks_GHTM","https:\/\/www.instagram.com\/genoks_ghtm\/","https:\/\/www.linkedin.com\/in\/genoks\/"]},{"@type":"WebPage","@id":"https:\/\/genoks.com.tr\/en\/#webpage","url":"https:\/\/genoks.com.tr\/en\/","name":"Genoks | NIPT, Carrier Screening, Oncogenetics, WES Services","description":"Genoks offers personalized solutions with NIPT, WES, carrier screening, oncogenetics, CES, cancer, and genetic tests. Genoks is by your side for your genetic health.","inLanguage":"en-US","isPartOf":{"@id":"https:\/\/genoks.com.tr\/en\/#website"},"breadcrumb":{"@id":"https:\/\/genoks.com.tr\/en\/#breadcrumblist"},"datePublished":"2023-01-25T15:21:13+00:00","dateModified":"2026-01-04T13:32:27+00:00"},{"@type":"WebSite","@id":"https:\/\/genoks.com.tr\/en\/#website","url":"https:\/\/genoks.com.tr\/en\/","name":"Genoks Genetics | NIPT, Carrier Screening, Oncogenetics and WES Services","description":"Shedding Light on Your Genes!","inLanguage":"en-US","publisher":{"@id":"https:\/\/genoks.com.tr\/en\/#organization"}}]},"og:locale":"en_US","og:site_name":"Genoks Genetics | NIPT, Carrier Screening, Oncogenetics and WES Services - Shedding Light on Your Genes!","og:type":"website","og:title":"Genoks | NIPT, Carrier Screening, Oncogenetics, WES Services","og:description":"Genoks offers personalized solutions with NIPT, WES, carrier screening, oncogenetics, CES, cancer, and genetic tests. Genoks is by your side for your genetic health.","og:url":"https:\/\/genoks.com.tr\/en\/","og:image":"https:\/\/genoks.com.tr\/wp-content\/uploads\/2025\/06\/genoks.svg","og:image:secure_url":"https:\/\/genoks.com.tr\/wp-content\/uploads\/2025\/06\/genoks.svg","twitter:card":"summary_large_image","twitter:site":"@Genoks_GHTM","twitter:title":"Genoks | NIPT, Carrier Screening, Oncogenetics, WES Services","twitter:description":"Genoks offers personalized solutions with NIPT, WES, carrier screening, oncogenetics, CES, cancer, and genetic tests. Genoks is by your side for your genetic health.","twitter:creator":"@Genoks_GHTM","twitter:image":"https:\/\/genoks.com.tr\/wp-content\/uploads\/2025\/06\/genoks.svg"},"aioseo_meta_data":{"post_id":"2120","title":"Genoks | NIPT, Carrier Screening, Oncogenetics, WES Services","description":"Genoks offers personalized solutions with NIPT, WES, carrier screening, oncogenetics, CES, cancer, and genetic tests. Genoks is by your side for your genetic health.","keywords":null,"keyphrases":{"focus":{"keyphrase":"NIPT","score":100,"analysis":{"keyphraseInTitle":{"score":9,"maxScore":9,"error":0},"keyphraseInDescription":{"score":9,"maxScore":9,"error":0},"keyphraseLength":{"score":9,"maxScore":9,"error":0,"length":1}}},"additional":[{"keyphrase":"WES","score":100,"analysis":{"keyphraseInDescription":{"score":9,"maxScore":9,"error":0},"keyphraseLength":{"score":9,"maxScore":9,"error":0,"length":1}}},{"keyphrase":"Ta\u015f\u0131y\u0131c\u0131","score":67,"analysis":{"keyphraseInDescription":{"score":3,"maxScore":9,"error":1},"keyphraseLength":{"score":9,"maxScore":9,"error":0,"length":3}}},{"keyphrase":"tarama","score":67,"analysis":{"keyphraseInDescription":{"score":3,"maxScore":9,"error":1},"keyphraseLength":{"score":9,"maxScore":9,"error":0,"length":1}}},{"keyphrase":"kanser","score":67,"analysis":{"keyphraseInDescription":{"score":3,"maxScore":9,"error":1},"keyphraseLength":{"score":9,"maxScore":9,"error":0,"length":1}}},{"keyphrase":"genetik","score":67,"analysis":{"keyphraseInDescription":{"score":3,"maxScore":9,"error":1},"keyphraseLength":{"score":9,"maxScore":9,"error":0,"length":1}}},{"keyphrase":"Onkogenetik","score":67,"analysis":{"keyphraseInDescription":{"score":3,"maxScore":9,"error":1},"keyphraseLength":{"score":9,"maxScore":9,"error":0,"length":1}}},{"keyphrase":"CES","score":100,"analysis":{"keyphraseInDescription":{"score":9,"maxScore":9,"error":0},"keyphraseLength":{"score":9,"maxScore":9,"error":0,"length":1}}},{"keyphrase":"nipt test","score":67,"analysis":{"keyphraseInDescription":{"score":3,"maxScore":9,"error":1},"keyphraseLength":{"score":9,"maxScore":9,"error":0,"length":2}}},{"keyphrase":"nipt testi yapt\u0131ran kad\u0131nlar kul\u00fcb\u00fc","score":50,"analysis":{"keyphraseInDescription":{"score":3,"maxScore":9,"error":1},"keyphraseLength":{"score":6,"maxScore":9,"error":1,"length":8}}},{"keyphrase":"nipt testi ne zaman yap\u0131l\u0131r","score":50,"analysis":{"keyphraseInDescription":{"score":3,"maxScore":9,"error":1},"keyphraseLength":{"score":6,"maxScore":9,"error":1,"length":7}}}]},"primary_term":null,"canonical_url":null,"og_title":null,"og_description":null,"og_object_type":"website","og_image_type":"default","og_image_url":null,"og_image_width":null,"og_image_height":null,"og_image_custom_url":null,"og_image_custom_fields":null,"og_video":"","og_custom_url":null,"og_article_section":null,"og_article_tags":null,"twitter_use_og":false,"twitter_card":"default","twitter_image_type":"default","twitter_image_url":null,"twitter_image_custom_url":null,"twitter_image_custom_fields":null,"twitter_title":null,"twitter_description":null,"schema":{"blockGraphs":[],"customGraphs":[],"default":{"data":{"Article":[],"Course":[],"Dataset":[],"FAQPage":[],"Movie":[],"Person":[],"Product":[],"ProductReview":[],"Car":[],"Recipe":[],"Service":[],"SoftwareApplication":[],"WebPage":[]},"graphName":"WebPage","isEnabled":true},"graphs":[]},"schema_type":"default","schema_type_options":null,"pillar_content":false,"robots_default":true,"robots_noindex":false,"robots_noarchive":false,"robots_nosnippet":false,"robots_nofollow":false,"robots_noimageindex":false,"robots_noodp":false,"robots_notranslate":false,"robots_max_snippet":"-1","robots_max_videopreview":"-1","robots_max_imagepreview":"large","priority":null,"frequency":"default","local_seo":null,"seo_analyzer_scan_date":"2026-01-04 13:49:47","breadcrumb_settings":null,"limit_modified_date":false,"reviewed_by":"0","open_ai":null,"ai":{"faqs":[],"keyPoints":[],"titles":[],"descriptions":[],"socialPosts":{"email":[],"linkedin":[],"twitter":[],"facebook":[],"instagram":[]}},"created":"2026-01-02 19:53:04","updated":"2026-01-04 13:49:47"},"aioseo_breadcrumb":"<div class=\"aioseo-breadcrumbs\"><span class=\"aioseo-breadcrumb\">\n\t<a href=\"https:\/\/genoks.com.tr\/en\/\" title=\"Home\">Home<\/a>\n<\/span><span class=\"aioseo-breadcrumb-separator\">&raquo;<\/span><span class=\"aioseo-breadcrumb\">\n\tHome Page\n<\/span><\/div>","aioseo_breadcrumb_json":[{"label":"Home","link":"https:\/\/genoks.com.tr\/en\/"},{"label":"Home Page","link":"https:\/\/genoks.com.tr\/en\/"}],"_links":{"self":[{"href":"https:\/\/genoks.com.tr\/en\/wp-json\/wp\/v2\/pages\/2120","targetHints":{"allow":["GET"]}}],"collection":[{"href":"https:\/\/genoks.com.tr\/en\/wp-json\/wp\/v2\/pages"}],"about":[{"href":"https:\/\/genoks.com.tr\/en\/wp-json\/wp\/v2\/types\/page"}],"author":[{"embeddable":true,"href":"https:\/\/genoks.com.tr\/en\/wp-json\/wp\/v2\/users\/1"}],"replies":[{"embeddable":true,"href":"https:\/\/genoks.com.tr\/en\/wp-json\/wp\/v2\/comments?post=2120"}],"version-history":[{"count":0,"href":"https:\/\/genoks.com.tr\/en\/wp-json\/wp\/v2\/pages\/2120\/revisions"}],"wp:attachment":[{"href":"https:\/\/genoks.com.tr\/en\/wp-json\/wp\/v2\/media?parent=2120"}],"curies":[{"name":"wp","href":"https:\/\/api.w.org\/{rel}","templated":true}]}}