{"id":2224,"date":"2026-04-30T11:02:18","date_gmt":"2026-04-30T11:02:18","guid":{"rendered":"https:\/\/genoks.com.tr\/?p=2224"},"modified":"2026-04-30T11:02:18","modified_gmt":"2026-04-30T11:02:18","slug":"about-us","status":"publish","type":"page","link":"https:\/\/genoks.com.tr\/en\/about-us\/","title":{"rendered":"About Us"},"content":{"rendered":"<h2>About Us<\/h2>\n<p>Genoks Genetic Diseases Evaluation Center is a leading institution in Turkey providing advanced genetic testing and molecular diagnostic solutions to international standards. Founded in 2008, Genoks was the first center in Turkey to perform routine NIPT (Non-Invasive Prenatal Testing) using Next-Generation Sequencing technology.<\/p>\n<h3>Our Mission<\/h3>\n<p>To shed light on your genes by providing reliable, accurate and accessible genetic information to patients, families and healthcare professionals \u2014 supporting early diagnosis, personalized care and improved outcomes.<\/p>\n<h3>What We Do<\/h3>\n<ul>\n<li>Non-Invasive Prenatal Testing (RapidNIPT)<\/li>\n<li>Whole Genome and Whole Exome Sequencing<\/li>\n<li>Cancer Genetics (Onkogenoks)<\/li>\n<li>Carrier Screening and Newborn Genetic Screening<\/li>\n<li>Single-Gene, Metabolic and Neurodegenerative Disease Panels<\/li>\n<li>Pharmacogenetics, Sports Genetics and Nutrigenetics (G-Health)<\/li>\n<\/ul>\n<h3>By the Numbers<\/h3>\n<p>Genoks operates with more than 80 specialist staff, partners with 750+ hospitals across 10 countries, has performed 80,000+ NGS tests, and maintains a database of more than 400,000 GB of NGS data on its in-house platforms. Genoks aims to be one of the largest genome centers in EEMEA.<\/p>\n","protected":false},"excerpt":{"rendered":"<p>Get to know Genoks Genetic Diseases Evaluation Center \u2014 a leading institution in Turkey for advanced genetic testing and molecular diagnostics since 2008.<\/p>\n","protected":false},"author":1,"featured_media":0,"parent":0,"menu_order":0,"comment_status":"closed","ping_status":"closed","template":"","meta":{"footnotes":""},"class_list":["post-2224","page","type-page","status-publish","hentry"],"aioseo_notices":[],"aioseo_head":"\n\t\t<!-- All in One SEO Pro 4.9.5.2 - aioseo.com -->\n\t<meta name=\"description\" content=\"Get to know Genoks Genetic Diseases Evaluation Center \u2014 a leading institution in Turkey for advanced genetic testing and molecular diagnostics since 2008.\" \/>\n\t<meta name=\"robots\" content=\"max-image-preview:large\" \/>\n\t<link rel=\"canonical\" href=\"https:\/\/genoks.com.tr\/en\/about-us\/\" \/>\n\t<meta name=\"generator\" content=\"All in One SEO Pro (AIOSEO) 4.9.5.2\" \/>\n\t\t<meta property=\"og:locale\" content=\"en_US\" \/>\n\t\t<meta property=\"og:site_name\" content=\"Genoks Genetics | NIPT, Carrier Screening, Oncogenetics and WES Services - Shedding Light on Your Genes!\" \/>\n\t\t<meta property=\"og:type\" content=\"article\" \/>\n\t\t<meta property=\"og:title\" content=\"About Us - Genoks Genetics | NIPT, Carrier Screening, Oncogenetics and WES Services\" \/>\n\t\t<meta property=\"og:description\" content=\"Get to know Genoks Genetic Diseases Evaluation Center \u2014 a leading institution in Turkey for advanced genetic testing and molecular diagnostics since 2008.\" \/>\n\t\t<meta property=\"og:url\" content=\"https:\/\/genoks.com.tr\/en\/about-us\/\" \/>\n\t\t<meta property=\"og:image\" content=\"https:\/\/genoks.com.tr\/wp-content\/uploads\/2025\/06\/genoks.svg\" \/>\n\t\t<meta property=\"og:image:secure_url\" content=\"https:\/\/genoks.com.tr\/wp-content\/uploads\/2025\/06\/genoks.svg\" \/>\n\t\t<meta property=\"article:published_time\" content=\"2026-04-30T11:02:18+00:00\" \/>\n\t\t<meta property=\"article:modified_time\" content=\"2026-04-30T11:02:18+00:00\" \/>\n\t\t<meta property=\"article:publisher\" content=\"https:\/\/www.facebook.com\/GenoksGHTM\" \/>\n\t\t<meta name=\"twitter:card\" content=\"summary_large_image\" \/>\n\t\t<meta name=\"twitter:site\" content=\"@Genoks_GHTM\" \/>\n\t\t<meta name=\"twitter:title\" content=\"About Us - Genoks Genetics | NIPT, Carrier Screening, Oncogenetics and WES Services\" \/>\n\t\t<meta name=\"twitter:description\" content=\"Get to know Genoks Genetic Diseases Evaluation Center \u2014 a leading institution in Turkey for advanced genetic testing and molecular diagnostics since 2008.\" \/>\n\t\t<meta name=\"twitter:creator\" content=\"@Genoks_GHTM\" \/>\n\t\t<meta name=\"twitter:image\" content=\"https:\/\/genoks.com.tr\/wp-content\/uploads\/2025\/06\/genoks.svg\" \/>\n\t\t<script type=\"application\/ld+json\" class=\"aioseo-schema\">\n\t\t\t{\"@context\":\"https:\\\/\\\/schema.org\",\"@graph\":[{\"@type\":\"BreadcrumbList\",\"@id\":\"https:\\\/\\\/genoks.com.tr\\\/en\\\/about-us\\\/#breadcrumblist\",\"itemListElement\":[{\"@type\":\"ListItem\",\"@id\":\"https:\\\/\\\/genoks.com.tr\\\/en\\\/#listItem\",\"position\":1,\"name\":\"Home\",\"item\":\"https:\\\/\\\/genoks.com.tr\\\/en\\\/\",\"nextItem\":{\"@type\":\"ListItem\",\"@id\":\"https:\\\/\\\/genoks.com.tr\\\/en\\\/about-us\\\/#listItem\",\"name\":\"About Us\"}},{\"@type\":\"ListItem\",\"@id\":\"https:\\\/\\\/genoks.com.tr\\\/en\\\/about-us\\\/#listItem\",\"position\":2,\"name\":\"About Us\",\"previousItem\":{\"@type\":\"ListItem\",\"@id\":\"https:\\\/\\\/genoks.com.tr\\\/en\\\/#listItem\",\"name\":\"Home\"}}]},{\"@type\":\"Organization\",\"@id\":\"https:\\\/\\\/genoks.com.tr\\\/en\\\/#organization\",\"name\":\"Genoks Genetics | NIPT, Carrier Screening, Oncogenetics and WES Services\",\"description\":\"Shedding Light on Your Genes!\",\"url\":\"https:\\\/\\\/genoks.com.tr\\\/en\\\/\",\"telephone\":\"+904448732\",\"foundingDate\":\"2014-12-01\",\"numberOfEmployees\":{\"@type\":\"QuantitativeValue\",\"value\":160},\"logo\":{\"@type\":\"ImageObject\",\"url\":\"https:\\\/\\\/genoks.com.tr\\\/wp-content\\\/uploads\\\/2025\\\/06\\\/genoks.svg\",\"@id\":\"https:\\\/\\\/genoks.com.tr\\\/en\\\/about-us\\\/#organizationLogo\",\"caption\":\"RapidNIPT testi ile yap\\u0131lan NIPT taramas\\u0131 sayesinde gebelikte 90'dan fazla kromozomal hastal\\u0131k risksiz ve erken d\\u00f6nemde tespit edilir.\"},\"image\":{\"@id\":\"https:\\\/\\\/genoks.com.tr\\\/en\\\/about-us\\\/#organizationLogo\"},\"sameAs\":[\"https:\\\/\\\/www.facebook.com\\\/GenoksGHTM\",\"https:\\\/\\\/x.com\\\/Genoks_GHTM\",\"https:\\\/\\\/www.instagram.com\\\/genoks_ghtm\\\/\",\"https:\\\/\\\/www.linkedin.com\\\/in\\\/genoks\\\/\"]},{\"@type\":\"WebPage\",\"@id\":\"https:\\\/\\\/genoks.com.tr\\\/en\\\/about-us\\\/#webpage\",\"url\":\"https:\\\/\\\/genoks.com.tr\\\/en\\\/about-us\\\/\",\"name\":\"About Us - Genoks Genetics | NIPT, Carrier Screening, Oncogenetics and WES Services\",\"description\":\"Get to know Genoks Genetic Diseases Evaluation Center \\u2014 a leading institution in Turkey for advanced genetic testing and molecular diagnostics since 2008.\",\"inLanguage\":\"en-US\",\"isPartOf\":{\"@id\":\"https:\\\/\\\/genoks.com.tr\\\/en\\\/#website\"},\"breadcrumb\":{\"@id\":\"https:\\\/\\\/genoks.com.tr\\\/en\\\/about-us\\\/#breadcrumblist\"},\"datePublished\":\"2026-04-30T11:02:18+00:00\",\"dateModified\":\"2026-04-30T11:02:18+00:00\"},{\"@type\":\"WebSite\",\"@id\":\"https:\\\/\\\/genoks.com.tr\\\/en\\\/#website\",\"url\":\"https:\\\/\\\/genoks.com.tr\\\/en\\\/\",\"name\":\"Genoks Genetics | NIPT, Carrier Screening, Oncogenetics and WES Services\",\"description\":\"Shedding Light on Your Genes!\",\"inLanguage\":\"en-US\",\"publisher\":{\"@id\":\"https:\\\/\\\/genoks.com.tr\\\/en\\\/#organization\"}}]}\n\t\t<\/script>\n\t\t<!-- All in One SEO Pro -->\r\n\t\t<title>About Us - Genoks Genetics | NIPT, Carrier Screening, Oncogenetics and WES Services<\/title>\n\n","aioseo_head_json":{"title":"About Us - Genoks Genetics | NIPT, Carrier Screening, Oncogenetics and WES Services","description":"Get to know Genoks Genetic Diseases Evaluation Center \u2014 a leading institution in Turkey for advanced genetic testing and molecular diagnostics since 2008.","canonical_url":"https:\/\/genoks.com.tr\/en\/about-us\/","robots":"max-image-preview:large","keywords":"","webmasterTools":{"miscellaneous":""},"schema":{"@context":"https:\/\/schema.org","@graph":[{"@type":"BreadcrumbList","@id":"https:\/\/genoks.com.tr\/en\/about-us\/#breadcrumblist","itemListElement":[{"@type":"ListItem","@id":"https:\/\/genoks.com.tr\/en\/#listItem","position":1,"name":"Home","item":"https:\/\/genoks.com.tr\/en\/","nextItem":{"@type":"ListItem","@id":"https:\/\/genoks.com.tr\/en\/about-us\/#listItem","name":"About Us"}},{"@type":"ListItem","@id":"https:\/\/genoks.com.tr\/en\/about-us\/#listItem","position":2,"name":"About Us","previousItem":{"@type":"ListItem","@id":"https:\/\/genoks.com.tr\/en\/#listItem","name":"Home"}}]},{"@type":"Organization","@id":"https:\/\/genoks.com.tr\/en\/#organization","name":"Genoks Genetics | NIPT, Carrier Screening, Oncogenetics and WES Services","description":"Shedding Light on Your Genes!","url":"https:\/\/genoks.com.tr\/en\/","telephone":"+904448732","foundingDate":"2014-12-01","numberOfEmployees":{"@type":"QuantitativeValue","value":160},"logo":{"@type":"ImageObject","url":"https:\/\/genoks.com.tr\/wp-content\/uploads\/2025\/06\/genoks.svg","@id":"https:\/\/genoks.com.tr\/en\/about-us\/#organizationLogo","caption":"RapidNIPT testi ile yap\u0131lan NIPT taramas\u0131 sayesinde gebelikte 90'dan fazla kromozomal hastal\u0131k risksiz ve erken d\u00f6nemde tespit edilir."},"image":{"@id":"https:\/\/genoks.com.tr\/en\/about-us\/#organizationLogo"},"sameAs":["https:\/\/www.facebook.com\/GenoksGHTM","https:\/\/x.com\/Genoks_GHTM","https:\/\/www.instagram.com\/genoks_ghtm\/","https:\/\/www.linkedin.com\/in\/genoks\/"]},{"@type":"WebPage","@id":"https:\/\/genoks.com.tr\/en\/about-us\/#webpage","url":"https:\/\/genoks.com.tr\/en\/about-us\/","name":"About Us - Genoks Genetics | NIPT, Carrier Screening, Oncogenetics and WES Services","description":"Get to know Genoks Genetic Diseases Evaluation Center \u2014 a leading institution in Turkey for advanced genetic testing and molecular diagnostics since 2008.","inLanguage":"en-US","isPartOf":{"@id":"https:\/\/genoks.com.tr\/en\/#website"},"breadcrumb":{"@id":"https:\/\/genoks.com.tr\/en\/about-us\/#breadcrumblist"},"datePublished":"2026-04-30T11:02:18+00:00","dateModified":"2026-04-30T11:02:18+00:00"},{"@type":"WebSite","@id":"https:\/\/genoks.com.tr\/en\/#website","url":"https:\/\/genoks.com.tr\/en\/","name":"Genoks Genetics | NIPT, Carrier Screening, Oncogenetics and WES Services","description":"Shedding Light on Your Genes!","inLanguage":"en-US","publisher":{"@id":"https:\/\/genoks.com.tr\/en\/#organization"}}]},"og:locale":"en_US","og:site_name":"Genoks Genetics | NIPT, Carrier Screening, Oncogenetics and WES Services - Shedding Light on Your Genes!","og:type":"article","og:title":"About Us - Genoks Genetics | NIPT, Carrier Screening, Oncogenetics and WES Services","og:description":"Get to know Genoks Genetic Diseases Evaluation Center \u2014 a leading institution in Turkey for advanced genetic testing and molecular diagnostics since 2008.","og:url":"https:\/\/genoks.com.tr\/en\/about-us\/","og:image":"https:\/\/genoks.com.tr\/wp-content\/uploads\/2025\/06\/genoks.svg","og:image:secure_url":"https:\/\/genoks.com.tr\/wp-content\/uploads\/2025\/06\/genoks.svg","article:published_time":"2026-04-30T11:02:18+00:00","article:modified_time":"2026-04-30T11:02:18+00:00","article:publisher":"https:\/\/www.facebook.com\/GenoksGHTM","twitter:card":"summary_large_image","twitter:site":"@Genoks_GHTM","twitter:title":"About Us - Genoks Genetics | NIPT, Carrier Screening, Oncogenetics and WES Services","twitter:description":"Get to know Genoks Genetic Diseases Evaluation Center \u2014 a leading institution in Turkey for advanced genetic testing and molecular diagnostics since 2008.","twitter:creator":"@Genoks_GHTM","twitter:image":"https:\/\/genoks.com.tr\/wp-content\/uploads\/2025\/06\/genoks.svg"},"aioseo_meta_data":{"post_id":"2224","title":null,"description":null,"keywords":null,"keyphrases":null,"primary_term":null,"canonical_url":null,"og_title":null,"og_description":null,"og_object_type":"default","og_image_type":"default","og_image_url":null,"og_image_width":null,"og_image_height":null,"og_image_custom_url":null,"og_image_custom_fields":null,"og_video":null,"og_custom_url":null,"og_article_section":null,"og_article_tags":null,"twitter_use_og":false,"twitter_card":"default","twitter_image_type":"default","twitter_image_url":null,"twitter_image_custom_url":null,"twitter_image_custom_fields":null,"twitter_title":null,"twitter_description":null,"schema":{"blockGraphs":[],"customGraphs":[],"default":{"data":{"Article":[],"Course":[],"Dataset":[],"FAQPage":[],"Movie":[],"Person":[],"Product":[],"ProductReview":[],"Car":[],"Recipe":[],"Service":[],"SoftwareApplication":[],"WebPage":[]},"graphName":"","isEnabled":true},"graphs":[]},"schema_type":"default","schema_type_options":null,"pillar_content":false,"robots_default":true,"robots_noindex":false,"robots_noarchive":false,"robots_nosnippet":false,"robots_nofollow":false,"robots_noimageindex":false,"robots_noodp":false,"robots_notranslate":false,"robots_max_snippet":null,"robots_max_videopreview":null,"robots_max_imagepreview":"large","priority":null,"frequency":null,"local_seo":null,"seo_analyzer_scan_date":"2026-04-30 11:35:23","breadcrumb_settings":null,"limit_modified_date":false,"reviewed_by":null,"open_ai":null,"ai":null,"created":"2026-04-30 11:23:19","updated":"2026-04-30 11:35:23"},"aioseo_breadcrumb":"<div class=\"aioseo-breadcrumbs\"><span class=\"aioseo-breadcrumb\">\n\t<a href=\"https:\/\/genoks.com.tr\/en\/\" title=\"Home\">Home<\/a>\n<\/span><span class=\"aioseo-breadcrumb-separator\">&raquo;<\/span><span class=\"aioseo-breadcrumb\">\n\tAbout Us\n<\/span><\/div>","aioseo_breadcrumb_json":[{"label":"Home","link":"https:\/\/genoks.com.tr\/en\/"},{"label":"About Us","link":"https:\/\/genoks.com.tr\/en\/about-us\/"}],"_links":{"self":[{"href":"https:\/\/genoks.com.tr\/en\/wp-json\/wp\/v2\/pages\/2224","targetHints":{"allow":["GET"]}}],"collection":[{"href":"https:\/\/genoks.com.tr\/en\/wp-json\/wp\/v2\/pages"}],"about":[{"href":"https:\/\/genoks.com.tr\/en\/wp-json\/wp\/v2\/types\/page"}],"author":[{"embeddable":true,"href":"https:\/\/genoks.com.tr\/en\/wp-json\/wp\/v2\/users\/1"}],"replies":[{"embeddable":true,"href":"https:\/\/genoks.com.tr\/en\/wp-json\/wp\/v2\/comments?post=2224"}],"version-history":[{"count":0,"href":"https:\/\/genoks.com.tr\/en\/wp-json\/wp\/v2\/pages\/2224\/revisions"}],"wp:attachment":[{"href":"https:\/\/genoks.com.tr\/en\/wp-json\/wp\/v2\/media?parent=2224"}],"curies":[{"name":"wp","href":"https:\/\/api.w.org\/{rel}","templated":true}]}}