{"id":2229,"date":"2026-01-29T12:56:57","date_gmt":"2026-01-29T12:56:57","guid":{"rendered":"https:\/\/genoks.com.tr\/?p=2229"},"modified":"2026-04-30T11:02:39","modified_gmt":"2026-04-30T11:02:39","slug":"cookie-policy","status":"publish","type":"page","link":"https:\/\/genoks.com.tr\/en\/cookie-policy\/","title":{"rendered":"Cookie Policy"},"content":{"rendered":"<h2>Cookie Policy<\/h2>\n<p>This Cookie Policy explains how Genoks Sa\u011fl\u0131k A\u015e uses cookies and similar technologies on genoks.com.tr.<\/p>\n<h3>What Are Cookies?<\/h3>\n<p>Cookies are small text files placed on your device when you visit a website. They help the site remember information about your visit, such as your preferred language and other settings, to make subsequent visits easier and the site more useful to you.<\/p>\n<h3>Types of Cookies We Use<\/h3>\n<ul>\n<li><strong>Strictly Necessary:<\/strong> Required for the website to function (e.g. session, security, language preference). These cannot be switched off.<\/li>\n<li><strong>Performance \/ Analytics:<\/strong> Help us understand how visitors interact with the site so we can improve it. We may use Google Analytics or similar tools.<\/li>\n<li><strong>Functionality:<\/strong> Remember choices you make (such as language or region) to provide a more personalized experience.<\/li>\n<li><strong>Targeting \/ Advertising:<\/strong> Used to deliver relevant content; may be set by us or third parties.<\/li>\n<\/ul>\n<h3>Managing Cookies<\/h3>\n<p>Most browsers allow you to control cookies through their settings \u2014 you can block, delete or be notified about cookies. Disabling certain cookies may impact your experience on the site.<\/p>\n<h3>Updates<\/h3>\n<p>This policy may be updated from time to time. The latest version will always be available on this page.<\/p>\n<h3>Contact<\/h3>\n<p>For questions about our use of cookies, please contact us via the contact form on our website.<\/p>\n","protected":false},"excerpt":{"rendered":"<p>How Genoks uses cookies and similar technologies on genoks.com.tr, including types of cookies and how to manage them.<\/p>\n","protected":false},"author":1,"featured_media":0,"parent":0,"menu_order":0,"comment_status":"closed","ping_status":"closed","template":"","meta":{"footnotes":""},"class_list":["post-2229","page","type-page","status-publish","hentry"],"aioseo_notices":[],"aioseo_head":"\n\t\t<!-- All in One SEO Pro 4.9.5.2 - aioseo.com -->\n\t<meta name=\"description\" content=\"How Genoks uses cookies and similar technologies on genoks.com.tr, including types of cookies and how to manage them.\" \/>\n\t<meta name=\"robots\" content=\"max-image-preview:large\" \/>\n\t<link rel=\"canonical\" href=\"https:\/\/genoks.com.tr\/en\/cookie-policy\/\" \/>\n\t<meta name=\"generator\" content=\"All in One SEO Pro (AIOSEO) 4.9.5.2\" \/>\n\t\t<meta property=\"og:locale\" content=\"en_US\" \/>\n\t\t<meta property=\"og:site_name\" content=\"Genoks Genetics | NIPT, Carrier Screening, Oncogenetics and WES Services - Shedding Light on Your Genes!\" \/>\n\t\t<meta property=\"og:type\" content=\"article\" \/>\n\t\t<meta property=\"og:title\" content=\"Cookie Policy - Genoks Genetics | NIPT, Carrier Screening, Oncogenetics and WES Services\" \/>\n\t\t<meta property=\"og:description\" content=\"How Genoks uses cookies and similar technologies on genoks.com.tr, including types of cookies and how to manage them.\" \/>\n\t\t<meta property=\"og:url\" content=\"https:\/\/genoks.com.tr\/en\/cookie-policy\/\" \/>\n\t\t<meta property=\"og:image\" content=\"https:\/\/genoks.com.tr\/wp-content\/uploads\/2025\/06\/genoks.svg\" \/>\n\t\t<meta property=\"og:image:secure_url\" content=\"https:\/\/genoks.com.tr\/wp-content\/uploads\/2025\/06\/genoks.svg\" \/>\n\t\t<meta property=\"article:published_time\" content=\"2026-01-29T12:56:57+00:00\" \/>\n\t\t<meta property=\"article:modified_time\" content=\"2026-04-30T11:02:39+00:00\" \/>\n\t\t<meta property=\"article:publisher\" content=\"https:\/\/www.facebook.com\/GenoksGHTM\" \/>\n\t\t<meta name=\"twitter:card\" content=\"summary_large_image\" \/>\n\t\t<meta name=\"twitter:site\" content=\"@Genoks_GHTM\" \/>\n\t\t<meta name=\"twitter:title\" content=\"Cookie Policy - Genoks Genetics | NIPT, Carrier Screening, Oncogenetics and WES Services\" \/>\n\t\t<meta name=\"twitter:description\" content=\"How Genoks uses cookies and similar technologies on genoks.com.tr, including types of cookies and how to manage them.\" \/>\n\t\t<meta name=\"twitter:creator\" content=\"@Genoks_GHTM\" \/>\n\t\t<meta name=\"twitter:image\" content=\"https:\/\/genoks.com.tr\/wp-content\/uploads\/2025\/06\/genoks.svg\" \/>\n\t\t<script type=\"application\/ld+json\" class=\"aioseo-schema\">\n\t\t\t{\"@context\":\"https:\\\/\\\/schema.org\",\"@graph\":[{\"@type\":\"BreadcrumbList\",\"@id\":\"https:\\\/\\\/genoks.com.tr\\\/en\\\/cookie-policy\\\/#breadcrumblist\",\"itemListElement\":[{\"@type\":\"ListItem\",\"@id\":\"https:\\\/\\\/genoks.com.tr\\\/en\\\/#listItem\",\"position\":1,\"name\":\"Home\",\"item\":\"https:\\\/\\\/genoks.com.tr\\\/en\\\/\",\"nextItem\":{\"@type\":\"ListItem\",\"@id\":\"https:\\\/\\\/genoks.com.tr\\\/en\\\/cookie-policy\\\/#listItem\",\"name\":\"Cookie Policy\"}},{\"@type\":\"ListItem\",\"@id\":\"https:\\\/\\\/genoks.com.tr\\\/en\\\/cookie-policy\\\/#listItem\",\"position\":2,\"name\":\"Cookie Policy\",\"previousItem\":{\"@type\":\"ListItem\",\"@id\":\"https:\\\/\\\/genoks.com.tr\\\/en\\\/#listItem\",\"name\":\"Home\"}}]},{\"@type\":\"Organization\",\"@id\":\"https:\\\/\\\/genoks.com.tr\\\/en\\\/#organization\",\"name\":\"Genoks Genetics | NIPT, Carrier Screening, Oncogenetics and WES Services\",\"description\":\"Shedding Light on Your Genes!\",\"url\":\"https:\\\/\\\/genoks.com.tr\\\/en\\\/\",\"telephone\":\"+904448732\",\"foundingDate\":\"2014-12-01\",\"numberOfEmployees\":{\"@type\":\"QuantitativeValue\",\"value\":160},\"logo\":{\"@type\":\"ImageObject\",\"url\":\"https:\\\/\\\/genoks.com.tr\\\/wp-content\\\/uploads\\\/2025\\\/06\\\/genoks.svg\",\"@id\":\"https:\\\/\\\/genoks.com.tr\\\/en\\\/cookie-policy\\\/#organizationLogo\",\"caption\":\"RapidNIPT testi ile yap\\u0131lan NIPT taramas\\u0131 sayesinde gebelikte 90'dan fazla kromozomal hastal\\u0131k risksiz ve erken d\\u00f6nemde tespit edilir.\"},\"image\":{\"@id\":\"https:\\\/\\\/genoks.com.tr\\\/en\\\/cookie-policy\\\/#organizationLogo\"},\"sameAs\":[\"https:\\\/\\\/www.facebook.com\\\/GenoksGHTM\",\"https:\\\/\\\/x.com\\\/Genoks_GHTM\",\"https:\\\/\\\/www.instagram.com\\\/genoks_ghtm\\\/\",\"https:\\\/\\\/www.linkedin.com\\\/in\\\/genoks\\\/\"]},{\"@type\":\"WebPage\",\"@id\":\"https:\\\/\\\/genoks.com.tr\\\/en\\\/cookie-policy\\\/#webpage\",\"url\":\"https:\\\/\\\/genoks.com.tr\\\/en\\\/cookie-policy\\\/\",\"name\":\"Cookie Policy - Genoks Genetics | NIPT, Carrier Screening, Oncogenetics and WES Services\",\"description\":\"How Genoks uses cookies and similar technologies on genoks.com.tr, including types of cookies and how to manage them.\",\"inLanguage\":\"en-US\",\"isPartOf\":{\"@id\":\"https:\\\/\\\/genoks.com.tr\\\/en\\\/#website\"},\"breadcrumb\":{\"@id\":\"https:\\\/\\\/genoks.com.tr\\\/en\\\/cookie-policy\\\/#breadcrumblist\"},\"datePublished\":\"2026-01-29T12:56:57+00:00\",\"dateModified\":\"2026-04-30T11:02:39+00:00\"},{\"@type\":\"WebSite\",\"@id\":\"https:\\\/\\\/genoks.com.tr\\\/en\\\/#website\",\"url\":\"https:\\\/\\\/genoks.com.tr\\\/en\\\/\",\"name\":\"Genoks Genetics | NIPT, Carrier Screening, Oncogenetics and WES Services\",\"description\":\"Shedding Light on Your Genes!\",\"inLanguage\":\"en-US\",\"publisher\":{\"@id\":\"https:\\\/\\\/genoks.com.tr\\\/en\\\/#organization\"}}]}\n\t\t<\/script>\n\t\t<!-- All in One SEO Pro -->\r\n\t\t<title>Cookie Policy - Genoks Genetics | NIPT, Carrier Screening, Oncogenetics and WES Services<\/title>\n\n","aioseo_head_json":{"title":"Cookie Policy - Genoks Genetics | NIPT, Carrier Screening, Oncogenetics and WES Services","description":"How Genoks uses cookies and similar technologies on genoks.com.tr, including types of cookies and how to manage them.","canonical_url":"https:\/\/genoks.com.tr\/en\/cookie-policy\/","robots":"max-image-preview:large","keywords":"","webmasterTools":{"miscellaneous":""},"schema":{"@context":"https:\/\/schema.org","@graph":[{"@type":"BreadcrumbList","@id":"https:\/\/genoks.com.tr\/en\/cookie-policy\/#breadcrumblist","itemListElement":[{"@type":"ListItem","@id":"https:\/\/genoks.com.tr\/en\/#listItem","position":1,"name":"Home","item":"https:\/\/genoks.com.tr\/en\/","nextItem":{"@type":"ListItem","@id":"https:\/\/genoks.com.tr\/en\/cookie-policy\/#listItem","name":"Cookie Policy"}},{"@type":"ListItem","@id":"https:\/\/genoks.com.tr\/en\/cookie-policy\/#listItem","position":2,"name":"Cookie Policy","previousItem":{"@type":"ListItem","@id":"https:\/\/genoks.com.tr\/en\/#listItem","name":"Home"}}]},{"@type":"Organization","@id":"https:\/\/genoks.com.tr\/en\/#organization","name":"Genoks Genetics | NIPT, Carrier Screening, Oncogenetics and WES Services","description":"Shedding Light on Your Genes!","url":"https:\/\/genoks.com.tr\/en\/","telephone":"+904448732","foundingDate":"2014-12-01","numberOfEmployees":{"@type":"QuantitativeValue","value":160},"logo":{"@type":"ImageObject","url":"https:\/\/genoks.com.tr\/wp-content\/uploads\/2025\/06\/genoks.svg","@id":"https:\/\/genoks.com.tr\/en\/cookie-policy\/#organizationLogo","caption":"RapidNIPT testi ile yap\u0131lan NIPT taramas\u0131 sayesinde gebelikte 90'dan fazla kromozomal hastal\u0131k risksiz ve erken d\u00f6nemde tespit edilir."},"image":{"@id":"https:\/\/genoks.com.tr\/en\/cookie-policy\/#organizationLogo"},"sameAs":["https:\/\/www.facebook.com\/GenoksGHTM","https:\/\/x.com\/Genoks_GHTM","https:\/\/www.instagram.com\/genoks_ghtm\/","https:\/\/www.linkedin.com\/in\/genoks\/"]},{"@type":"WebPage","@id":"https:\/\/genoks.com.tr\/en\/cookie-policy\/#webpage","url":"https:\/\/genoks.com.tr\/en\/cookie-policy\/","name":"Cookie Policy - Genoks Genetics | NIPT, Carrier Screening, Oncogenetics and WES Services","description":"How Genoks uses cookies and similar technologies on genoks.com.tr, including types of cookies and how to manage them.","inLanguage":"en-US","isPartOf":{"@id":"https:\/\/genoks.com.tr\/en\/#website"},"breadcrumb":{"@id":"https:\/\/genoks.com.tr\/en\/cookie-policy\/#breadcrumblist"},"datePublished":"2026-01-29T12:56:57+00:00","dateModified":"2026-04-30T11:02:39+00:00"},{"@type":"WebSite","@id":"https:\/\/genoks.com.tr\/en\/#website","url":"https:\/\/genoks.com.tr\/en\/","name":"Genoks Genetics | NIPT, Carrier Screening, Oncogenetics and WES Services","description":"Shedding Light on Your Genes!","inLanguage":"en-US","publisher":{"@id":"https:\/\/genoks.com.tr\/en\/#organization"}}]},"og:locale":"en_US","og:site_name":"Genoks Genetics | NIPT, Carrier Screening, Oncogenetics and WES Services - Shedding Light on Your Genes!","og:type":"article","og:title":"Cookie Policy - Genoks Genetics | NIPT, Carrier Screening, Oncogenetics and WES Services","og:description":"How Genoks uses cookies and similar technologies on genoks.com.tr, including types of cookies and how to manage them.","og:url":"https:\/\/genoks.com.tr\/en\/cookie-policy\/","og:image":"https:\/\/genoks.com.tr\/wp-content\/uploads\/2025\/06\/genoks.svg","og:image:secure_url":"https:\/\/genoks.com.tr\/wp-content\/uploads\/2025\/06\/genoks.svg","article:published_time":"2026-01-29T12:56:57+00:00","article:modified_time":"2026-04-30T11:02:39+00:00","article:publisher":"https:\/\/www.facebook.com\/GenoksGHTM","twitter:card":"summary_large_image","twitter:site":"@Genoks_GHTM","twitter:title":"Cookie Policy - Genoks Genetics | NIPT, Carrier Screening, Oncogenetics and WES Services","twitter:description":"How Genoks uses cookies and similar technologies on genoks.com.tr, including types of cookies and how to manage them.","twitter:creator":"@Genoks_GHTM","twitter:image":"https:\/\/genoks.com.tr\/wp-content\/uploads\/2025\/06\/genoks.svg"},"aioseo_meta_data":{"post_id":"2229","title":null,"description":null,"keywords":null,"keyphrases":null,"primary_term":null,"canonical_url":null,"og_title":null,"og_description":null,"og_object_type":"default","og_image_type":"default","og_image_url":null,"og_image_width":null,"og_image_height":null,"og_image_custom_url":null,"og_image_custom_fields":null,"og_video":null,"og_custom_url":null,"og_article_section":null,"og_article_tags":null,"twitter_use_og":false,"twitter_card":"default","twitter_image_type":"default","twitter_image_url":null,"twitter_image_custom_url":null,"twitter_image_custom_fields":null,"twitter_title":null,"twitter_description":null,"schema":{"blockGraphs":[],"customGraphs":[],"default":{"data":{"Article":[],"Course":[],"Dataset":[],"FAQPage":[],"Movie":[],"Person":[],"Product":[],"ProductReview":[],"Car":[],"Recipe":[],"Service":[],"SoftwareApplication":[],"WebPage":[]},"graphName":"","isEnabled":true},"graphs":[]},"schema_type":"default","schema_type_options":null,"pillar_content":false,"robots_default":true,"robots_noindex":false,"robots_noarchive":false,"robots_nosnippet":false,"robots_nofollow":false,"robots_noimageindex":false,"robots_noodp":false,"robots_notranslate":false,"robots_max_snippet":null,"robots_max_videopreview":null,"robots_max_imagepreview":"large","priority":null,"frequency":null,"local_seo":null,"seo_analyzer_scan_date":"2026-04-30 11:37:05","breadcrumb_settings":null,"limit_modified_date":false,"reviewed_by":null,"open_ai":null,"ai":null,"created":"2026-04-30 11:23:19","updated":"2026-04-30 11:37:05"},"aioseo_breadcrumb":"<div class=\"aioseo-breadcrumbs\"><span class=\"aioseo-breadcrumb\">\n\t<a href=\"https:\/\/genoks.com.tr\/en\/\" title=\"Home\">Home<\/a>\n<\/span><span class=\"aioseo-breadcrumb-separator\">&raquo;<\/span><span class=\"aioseo-breadcrumb\">\n\tCookie Policy\n<\/span><\/div>","aioseo_breadcrumb_json":[{"label":"Home","link":"https:\/\/genoks.com.tr\/en\/"},{"label":"Cookie Policy","link":"https:\/\/genoks.com.tr\/en\/cookie-policy\/"}],"_links":{"self":[{"href":"https:\/\/genoks.com.tr\/en\/wp-json\/wp\/v2\/pages\/2229","targetHints":{"allow":["GET"]}}],"collection":[{"href":"https:\/\/genoks.com.tr\/en\/wp-json\/wp\/v2\/pages"}],"about":[{"href":"https:\/\/genoks.com.tr\/en\/wp-json\/wp\/v2\/types\/page"}],"author":[{"embeddable":true,"href":"https:\/\/genoks.com.tr\/en\/wp-json\/wp\/v2\/users\/1"}],"replies":[{"embeddable":true,"href":"https:\/\/genoks.com.tr\/en\/wp-json\/wp\/v2\/comments?post=2229"}],"version-history":[{"count":0,"href":"https:\/\/genoks.com.tr\/en\/wp-json\/wp\/v2\/pages\/2229\/revisions"}],"wp:attachment":[{"href":"https:\/\/genoks.com.tr\/en\/wp-json\/wp\/v2\/media?parent=2229"}],"curies":[{"name":"wp","href":"https:\/\/api.w.org\/{rel}","templated":true}]}}