{"id":2354,"date":"2025-11-17T09:27:30","date_gmt":"2025-11-17T09:27:30","guid":{"rendered":"https:\/\/genoks.com.tr\/bizden-haberler-page-fa\/"},"modified":"2026-04-30T18:13:01","modified_gmt":"2026-04-30T18:13:01","slug":"bizden-haberler-page-fa","status":"publish","type":"page","link":"https:\/\/genoks.com.tr\/fa\/bizden-haberler-page-fa\/","title":{"rendered":"\u0627\u062e\u0628\u0627\u0631 \u0627\u0632 \u0645\u0627"},"content":{"rendered":"\n<div id=\"sb_instagram\"  class=\"sbi sbi_mob_col_1 sbi_tab_col_2 sbi_col_4 sbi_width_resp\" style=\"padding-bottom: 10px;\"\t data-feedid=\"*1\"  data-res=\"auto\" data-cols=\"4\" data-colsmobile=\"1\" data-colstablet=\"2\" data-num=\"20\" data-nummobile=\"20\" data-item-padding=\"5\"\t data-shortcode-atts=\"{&quot;feed&quot;:&quot;1&quot;}\"  data-postid=\"2354\" data-locatornonce=\"750bf7c594\" data-imageaspectratio=\"1:1\" data-sbi-flags=\"favorLocal\">\n\t\n\t<div id=\"sbi_images\"  style=\"gap: 10px;\">\n\t\t\t<\/div>\n\n\t<div id=\"sbi_load\" >\n\n\t\n\t\t\t<span class=\"sbi_follow_btn sbi_custom\" >\n\t\t\t<a target=\"_blank\"\n\t\t\t\trel=\"nofollow noopener\"  href=\"https:\/\/www.instagram.com\/genoks_ghtm\/\" style=\"background: rgb(64,139,209);\">\n\t\t\t\t<svg class=\"svg-inline--fa fa-instagram fa-w-14\" aria-hidden=\"true\" data-fa-processed=\"\" aria-label=\"Instagram\" data-prefix=\"fab\" data-icon=\"instagram\" role=\"img\" viewBox=\"0 0 448 512\">\n                    <path fill=\"currentColor\" d=\"M224.1 141c-63.6 0-114.9 51.3-114.9 114.9s51.3 114.9 114.9 114.9S339 319.5 339 255.9 287.7 141 224.1 141zm0 189.6c-41.1 0-74.7-33.5-74.7-74.7s33.5-74.7 74.7-74.7 74.7 33.5 74.7 74.7-33.6 74.7-74.7 74.7zm146.4-194.3c0 14.9-12 26.8-26.8 26.8-14.9 0-26.8-12-26.8-26.8s12-26.8 26.8-26.8 26.8 12 26.8 26.8zm76.1 27.2c-1.7-35.9-9.9-67.7-36.2-93.9-26.2-26.2-58-34.4-93.9-36.2-37-2.1-147.9-2.1-184.9 0-35.8 1.7-67.6 9.9-93.9 36.1s-34.4 58-36.2 93.9c-2.1 37-2.1 147.9 0 184.9 1.7 35.9 9.9 67.7 36.2 93.9s58 34.4 93.9 36.2c37 2.1 147.9 2.1 184.9 0 35.9-1.7 67.7-9.9 93.9-36.2 26.2-26.2 34.4-58 36.2-93.9 2.1-37 2.1-147.8 0-184.8zM398.8 388c-7.8 19.6-22.9 34.7-42.6 42.6-29.5 11.7-99.5 9-132.1 9s-102.7 2.6-132.1-9c-19.6-7.8-34.7-22.9-42.6-42.6-11.7-29.5-9-99.5-9-132.1s-2.6-102.7 9-132.1c7.8-19.6 22.9-34.7 42.6-42.6 29.5-11.7 99.5-9 132.1-9s102.7-2.6 132.1 9c19.6 7.8 34.7 22.9 42.6 42.6 11.7 29.5 9 99.5 9 132.1s2.7 102.7-9 132.1z\"><\/path>\n                <\/svg>\t\t\t\t<span>Follow on Instagram<\/span>\n\t\t\t<\/a>\n\t\t<\/span>\n\t\n<\/div>\n\t\t<span class=\"sbi_resized_image_data\" data-feed-id=\"*1\"\n\t\t  data-resized=\"[]\">\n\t<\/span>\n\t<\/div>\n\n\n\n\n\n<p><\/p>\n","protected":false},"excerpt":{"rendered":"","protected":false},"author":1,"featured_media":0,"parent":0,"menu_order":0,"comment_status":"closed","ping_status":"closed","template":"","meta":{"footnotes":""},"class_list":["post-2354","page","type-page","status-publish","hentry"],"aioseo_notices":[],"aioseo_head":"\n\t\t<!-- All in One SEO Pro 4.9.5.2 - aioseo.com -->\n\t<meta name=\"robots\" content=\"max-image-preview:large\" \/>\n\t<link rel=\"canonical\" href=\"https:\/\/genoks.com.tr\/fa\/bizden-haberler-page-fa\/\" \/>\n\t<meta name=\"generator\" content=\"All in One SEO Pro (AIOSEO) 4.9.5.2\" \/>\n\t\t<meta property=\"og:locale\" content=\"fa_IR\" \/>\n\t\t<meta property=\"og:site_name\" content=\"Genoks Genetics | NIPT\u060c \u063a\u0631\u0628\u0627\u0644\u06af\u0631\u06cc \u0646\u0627\u0642\u0644\u06cc\u0646\u060c \u0622\u0646\u06a9\u0648\u0698\u0646\u062a\u06cc\u06a9 \u0648 \u062e\u062f\u0645\u0627\u062a WES - \u0628\u0631 \u0698\u0646\u200c\u0647\u0627\u06cc \u0634\u0645\u0627 \u0646\u0648\u0631 \u0645\u06cc\u200c\u062a\u0627\u0628\u0627\u0646\u06cc\u0645!\" \/>\n\t\t<meta property=\"og:type\" content=\"article\" \/>\n\t\t<meta property=\"og:title\" content=\"\u0627\u062e\u0628\u0627\u0631 \u0627\u0632 \u0645\u0627 - Genoks Genetics | NIPT\u060c \u063a\u0631\u0628\u0627\u0644\u06af\u0631\u06cc \u0646\u0627\u0642\u0644\u06cc\u0646\u060c \u0622\u0646\u06a9\u0648\u0698\u0646\u062a\u06cc\u06a9 \u0648 \u062e\u062f\u0645\u0627\u062a WES\" \/>\n\t\t<meta property=\"og:url\" content=\"https:\/\/genoks.com.tr\/fa\/bizden-haberler-page-fa\/\" \/>\n\t\t<meta property=\"og:image\" content=\"https:\/\/genoks.com.tr\/wp-content\/uploads\/2025\/06\/genoks.svg\" \/>\n\t\t<meta property=\"og:image:secure_url\" content=\"https:\/\/genoks.com.tr\/wp-content\/uploads\/2025\/06\/genoks.svg\" \/>\n\t\t<meta property=\"article:published_time\" content=\"2025-11-17T09:27:30+00:00\" \/>\n\t\t<meta property=\"article:modified_time\" content=\"2026-04-30T18:13:01+00:00\" \/>\n\t\t<meta property=\"article:publisher\" content=\"https:\/\/www.facebook.com\/GenoksGHTM\" \/>\n\t\t<meta name=\"twitter:card\" content=\"summary_large_image\" \/>\n\t\t<meta name=\"twitter:site\" content=\"@Genoks_GHTM\" \/>\n\t\t<meta name=\"twitter:title\" content=\"\u0627\u062e\u0628\u0627\u0631 \u0627\u0632 \u0645\u0627 - Genoks Genetics | NIPT\u060c \u063a\u0631\u0628\u0627\u0644\u06af\u0631\u06cc \u0646\u0627\u0642\u0644\u06cc\u0646\u060c \u0622\u0646\u06a9\u0648\u0698\u0646\u062a\u06cc\u06a9 \u0648 \u062e\u062f\u0645\u0627\u062a WES\" \/>\n\t\t<meta name=\"twitter:creator\" content=\"@Genoks_GHTM\" \/>\n\t\t<meta name=\"twitter:image\" content=\"https:\/\/genoks.com.tr\/wp-content\/uploads\/2025\/06\/genoks.svg\" \/>\n\t\t<script type=\"application\/ld+json\" class=\"aioseo-schema\">\n\t\t\t{\"@context\":\"https:\\\/\\\/schema.org\",\"@graph\":[{\"@type\":\"BreadcrumbList\",\"@id\":\"https:\\\/\\\/genoks.com.tr\\\/fa\\\/bizden-haberler-page-fa\\\/#breadcrumblist\",\"itemListElement\":[{\"@type\":\"ListItem\",\"@id\":\"https:\\\/\\\/genoks.com.tr\\\/fa\\\/#listItem\",\"position\":1,\"name\":\"Home\",\"item\":\"https:\\\/\\\/genoks.com.tr\\\/fa\\\/\",\"nextItem\":{\"@type\":\"ListItem\",\"@id\":\"https:\\\/\\\/genoks.com.tr\\\/fa\\\/bizden-haberler-page-fa\\\/#listItem\",\"name\":\"\\u0627\\u062e\\u0628\\u0627\\u0631 \\u0627\\u0632 \\u0645\\u0627\"}},{\"@type\":\"ListItem\",\"@id\":\"https:\\\/\\\/genoks.com.tr\\\/fa\\\/bizden-haberler-page-fa\\\/#listItem\",\"position\":2,\"name\":\"\\u0627\\u062e\\u0628\\u0627\\u0631 \\u0627\\u0632 \\u0645\\u0627\",\"previousItem\":{\"@type\":\"ListItem\",\"@id\":\"https:\\\/\\\/genoks.com.tr\\\/fa\\\/#listItem\",\"name\":\"Home\"}}]},{\"@type\":\"Organization\",\"@id\":\"https:\\\/\\\/genoks.com.tr\\\/fa\\\/#organization\",\"name\":\"Genoks Genetics | NIPT\\u060c \\u063a\\u0631\\u0628\\u0627\\u0644\\u06af\\u0631\\u06cc \\u0646\\u0627\\u0642\\u0644\\u06cc\\u0646\\u060c \\u0622\\u0646\\u06a9\\u0648\\u0698\\u0646\\u062a\\u06cc\\u06a9 \\u0648 \\u062e\\u062f\\u0645\\u0627\\u062a WES\",\"description\":\"\\u0628\\u0631 \\u0698\\u0646\\u200c\\u0647\\u0627\\u06cc \\u0634\\u0645\\u0627 \\u0646\\u0648\\u0631 \\u0645\\u06cc\\u200c\\u062a\\u0627\\u0628\\u0627\\u0646\\u06cc\\u0645!\",\"url\":\"https:\\\/\\\/genoks.com.tr\\\/fa\\\/\",\"telephone\":\"+904448732\",\"foundingDate\":\"2014-12-01\",\"numberOfEmployees\":{\"@type\":\"QuantitativeValue\",\"value\":160},\"logo\":{\"@type\":\"ImageObject\",\"url\":\"https:\\\/\\\/genoks.com.tr\\\/wp-content\\\/uploads\\\/2025\\\/06\\\/genoks.svg\",\"@id\":\"https:\\\/\\\/genoks.com.tr\\\/fa\\\/bizden-haberler-page-fa\\\/#organizationLogo\",\"caption\":\"RapidNIPT testi ile yap\\u0131lan NIPT taramas\\u0131 sayesinde gebelikte 90'dan fazla kromozomal hastal\\u0131k risksiz ve erken d\\u00f6nemde tespit edilir.\"},\"image\":{\"@id\":\"https:\\\/\\\/genoks.com.tr\\\/fa\\\/bizden-haberler-page-fa\\\/#organizationLogo\"},\"sameAs\":[\"https:\\\/\\\/www.facebook.com\\\/GenoksGHTM\",\"https:\\\/\\\/x.com\\\/Genoks_GHTM\",\"https:\\\/\\\/www.instagram.com\\\/genoks_ghtm\\\/\",\"https:\\\/\\\/www.linkedin.com\\\/in\\\/genoks\\\/\"]},{\"@type\":\"WebPage\",\"@id\":\"https:\\\/\\\/genoks.com.tr\\\/fa\\\/bizden-haberler-page-fa\\\/#webpage\",\"url\":\"https:\\\/\\\/genoks.com.tr\\\/fa\\\/bizden-haberler-page-fa\\\/\",\"name\":\"\\u0627\\u062e\\u0628\\u0627\\u0631 \\u0627\\u0632 \\u0645\\u0627 - Genoks Genetics | NIPT\\u060c \\u063a\\u0631\\u0628\\u0627\\u0644\\u06af\\u0631\\u06cc \\u0646\\u0627\\u0642\\u0644\\u06cc\\u0646\\u060c \\u0622\\u0646\\u06a9\\u0648\\u0698\\u0646\\u062a\\u06cc\\u06a9 \\u0648 \\u062e\\u062f\\u0645\\u0627\\u062a WES\",\"inLanguage\":\"fa-IR\",\"isPartOf\":{\"@id\":\"https:\\\/\\\/genoks.com.tr\\\/fa\\\/#website\"},\"breadcrumb\":{\"@id\":\"https:\\\/\\\/genoks.com.tr\\\/fa\\\/bizden-haberler-page-fa\\\/#breadcrumblist\"},\"datePublished\":\"2025-11-17T09:27:30+00:00\",\"dateModified\":\"2026-04-30T18:13:01+00:00\"},{\"@type\":\"WebSite\",\"@id\":\"https:\\\/\\\/genoks.com.tr\\\/fa\\\/#website\",\"url\":\"https:\\\/\\\/genoks.com.tr\\\/fa\\\/\",\"name\":\"Genoks Genetics | NIPT\\u060c \\u063a\\u0631\\u0628\\u0627\\u0644\\u06af\\u0631\\u06cc \\u0646\\u0627\\u0642\\u0644\\u06cc\\u0646\\u060c \\u0622\\u0646\\u06a9\\u0648\\u0698\\u0646\\u062a\\u06cc\\u06a9 \\u0648 \\u062e\\u062f\\u0645\\u0627\\u062a WES\",\"description\":\"\\u0628\\u0631 \\u0698\\u0646\\u200c\\u0647\\u0627\\u06cc \\u0634\\u0645\\u0627 \\u0646\\u0648\\u0631 \\u0645\\u06cc\\u200c\\u062a\\u0627\\u0628\\u0627\\u0646\\u06cc\\u0645!\",\"inLanguage\":\"fa-IR\",\"publisher\":{\"@id\":\"https:\\\/\\\/genoks.com.tr\\\/fa\\\/#organization\"}}]}\n\t\t<\/script>\n\t\t<!-- All in One SEO Pro -->\r\n\t\t<title>\u0627\u062e\u0628\u0627\u0631 \u0627\u0632 \u0645\u0627 - Genoks Genetics | NIPT\u060c \u063a\u0631\u0628\u0627\u0644\u06af\u0631\u06cc \u0646\u0627\u0642\u0644\u06cc\u0646\u060c \u0622\u0646\u06a9\u0648\u0698\u0646\u062a\u06cc\u06a9 \u0648 \u062e\u062f\u0645\u0627\u062a WES<\/title>\n\n","aioseo_head_json":{"title":"\u0627\u062e\u0628\u0627\u0631 \u0627\u0632 \u0645\u0627 - Genoks Genetics | NIPT\u060c \u063a\u0631\u0628\u0627\u0644\u06af\u0631\u06cc \u0646\u0627\u0642\u0644\u06cc\u0646\u060c \u0622\u0646\u06a9\u0648\u0698\u0646\u062a\u06cc\u06a9 \u0648 \u062e\u062f\u0645\u0627\u062a WES","description":"","canonical_url":"https:\/\/genoks.com.tr\/fa\/bizden-haberler-page-fa\/","robots":"max-image-preview:large","keywords":"","webmasterTools":{"miscellaneous":""},"schema":{"@context":"https:\/\/schema.org","@graph":[{"@type":"BreadcrumbList","@id":"https:\/\/genoks.com.tr\/fa\/bizden-haberler-page-fa\/#breadcrumblist","itemListElement":[{"@type":"ListItem","@id":"https:\/\/genoks.com.tr\/fa\/#listItem","position":1,"name":"Home","item":"https:\/\/genoks.com.tr\/fa\/","nextItem":{"@type":"ListItem","@id":"https:\/\/genoks.com.tr\/fa\/bizden-haberler-page-fa\/#listItem","name":"\u0627\u062e\u0628\u0627\u0631 \u0627\u0632 \u0645\u0627"}},{"@type":"ListItem","@id":"https:\/\/genoks.com.tr\/fa\/bizden-haberler-page-fa\/#listItem","position":2,"name":"\u0627\u062e\u0628\u0627\u0631 \u0627\u0632 \u0645\u0627","previousItem":{"@type":"ListItem","@id":"https:\/\/genoks.com.tr\/fa\/#listItem","name":"Home"}}]},{"@type":"Organization","@id":"https:\/\/genoks.com.tr\/fa\/#organization","name":"Genoks Genetics | NIPT\u060c \u063a\u0631\u0628\u0627\u0644\u06af\u0631\u06cc \u0646\u0627\u0642\u0644\u06cc\u0646\u060c \u0622\u0646\u06a9\u0648\u0698\u0646\u062a\u06cc\u06a9 \u0648 \u062e\u062f\u0645\u0627\u062a WES","description":"\u0628\u0631 \u0698\u0646\u200c\u0647\u0627\u06cc \u0634\u0645\u0627 \u0646\u0648\u0631 \u0645\u06cc\u200c\u062a\u0627\u0628\u0627\u0646\u06cc\u0645!","url":"https:\/\/genoks.com.tr\/fa\/","telephone":"+904448732","foundingDate":"2014-12-01","numberOfEmployees":{"@type":"QuantitativeValue","value":160},"logo":{"@type":"ImageObject","url":"https:\/\/genoks.com.tr\/wp-content\/uploads\/2025\/06\/genoks.svg","@id":"https:\/\/genoks.com.tr\/fa\/bizden-haberler-page-fa\/#organizationLogo","caption":"RapidNIPT testi ile yap\u0131lan NIPT taramas\u0131 sayesinde gebelikte 90'dan fazla kromozomal hastal\u0131k risksiz ve erken d\u00f6nemde tespit edilir."},"image":{"@id":"https:\/\/genoks.com.tr\/fa\/bizden-haberler-page-fa\/#organizationLogo"},"sameAs":["https:\/\/www.facebook.com\/GenoksGHTM","https:\/\/x.com\/Genoks_GHTM","https:\/\/www.instagram.com\/genoks_ghtm\/","https:\/\/www.linkedin.com\/in\/genoks\/"]},{"@type":"WebPage","@id":"https:\/\/genoks.com.tr\/fa\/bizden-haberler-page-fa\/#webpage","url":"https:\/\/genoks.com.tr\/fa\/bizden-haberler-page-fa\/","name":"\u0627\u062e\u0628\u0627\u0631 \u0627\u0632 \u0645\u0627 - Genoks Genetics | NIPT\u060c \u063a\u0631\u0628\u0627\u0644\u06af\u0631\u06cc \u0646\u0627\u0642\u0644\u06cc\u0646\u060c \u0622\u0646\u06a9\u0648\u0698\u0646\u062a\u06cc\u06a9 \u0648 \u062e\u062f\u0645\u0627\u062a WES","inLanguage":"fa-IR","isPartOf":{"@id":"https:\/\/genoks.com.tr\/fa\/#website"},"breadcrumb":{"@id":"https:\/\/genoks.com.tr\/fa\/bizden-haberler-page-fa\/#breadcrumblist"},"datePublished":"2025-11-17T09:27:30+00:00","dateModified":"2026-04-30T18:13:01+00:00"},{"@type":"WebSite","@id":"https:\/\/genoks.com.tr\/fa\/#website","url":"https:\/\/genoks.com.tr\/fa\/","name":"Genoks Genetics | NIPT\u060c \u063a\u0631\u0628\u0627\u0644\u06af\u0631\u06cc \u0646\u0627\u0642\u0644\u06cc\u0646\u060c \u0622\u0646\u06a9\u0648\u0698\u0646\u062a\u06cc\u06a9 \u0648 \u062e\u062f\u0645\u0627\u062a WES","description":"\u0628\u0631 \u0698\u0646\u200c\u0647\u0627\u06cc \u0634\u0645\u0627 \u0646\u0648\u0631 \u0645\u06cc\u200c\u062a\u0627\u0628\u0627\u0646\u06cc\u0645!","inLanguage":"fa-IR","publisher":{"@id":"https:\/\/genoks.com.tr\/fa\/#organization"}}]},"og:locale":"fa_IR","og:site_name":"Genoks Genetics | NIPT\u060c \u063a\u0631\u0628\u0627\u0644\u06af\u0631\u06cc \u0646\u0627\u0642\u0644\u06cc\u0646\u060c \u0622\u0646\u06a9\u0648\u0698\u0646\u062a\u06cc\u06a9 \u0648 \u062e\u062f\u0645\u0627\u062a WES - \u0628\u0631 \u0698\u0646\u200c\u0647\u0627\u06cc \u0634\u0645\u0627 \u0646\u0648\u0631 \u0645\u06cc\u200c\u062a\u0627\u0628\u0627\u0646\u06cc\u0645!","og:type":"article","og:title":"\u0627\u062e\u0628\u0627\u0631 \u0627\u0632 \u0645\u0627 - Genoks Genetics | NIPT\u060c \u063a\u0631\u0628\u0627\u0644\u06af\u0631\u06cc \u0646\u0627\u0642\u0644\u06cc\u0646\u060c \u0622\u0646\u06a9\u0648\u0698\u0646\u062a\u06cc\u06a9 \u0648 \u062e\u062f\u0645\u0627\u062a WES","og:url":"https:\/\/genoks.com.tr\/fa\/bizden-haberler-page-fa\/","og:image":"https:\/\/genoks.com.tr\/wp-content\/uploads\/2025\/06\/genoks.svg","og:image:secure_url":"https:\/\/genoks.com.tr\/wp-content\/uploads\/2025\/06\/genoks.svg","article:published_time":"2025-11-17T09:27:30+00:00","article:modified_time":"2026-04-30T18:13:01+00:00","article:publisher":"https:\/\/www.facebook.com\/GenoksGHTM","twitter:card":"summary_large_image","twitter:site":"@Genoks_GHTM","twitter:title":"\u0627\u062e\u0628\u0627\u0631 \u0627\u0632 \u0645\u0627 - Genoks Genetics | NIPT\u060c \u063a\u0631\u0628\u0627\u0644\u06af\u0631\u06cc \u0646\u0627\u0642\u0644\u06cc\u0646\u060c \u0622\u0646\u06a9\u0648\u0698\u0646\u062a\u06cc\u06a9 \u0648 \u062e\u062f\u0645\u0627\u062a WES","twitter:creator":"@Genoks_GHTM","twitter:image":"https:\/\/genoks.com.tr\/wp-content\/uploads\/2025\/06\/genoks.svg"},"aioseo_meta_data":{"post_id":"2354","title":null,"description":null,"keywords":null,"keyphrases":null,"primary_term":null,"canonical_url":null,"og_title":null,"og_description":null,"og_object_type":"default","og_image_type":"default","og_image_url":null,"og_image_width":null,"og_image_height":null,"og_image_custom_url":null,"og_image_custom_fields":null,"og_video":null,"og_custom_url":null,"og_article_section":null,"og_article_tags":null,"twitter_use_og":false,"twitter_card":"default","twitter_image_type":"default","twitter_image_url":null,"twitter_image_custom_url":null,"twitter_image_custom_fields":null,"twitter_title":null,"twitter_description":null,"schema":{"blockGraphs":[],"customGraphs":[],"default":{"data":{"Article":[],"Course":[],"Dataset":[],"FAQPage":[],"Movie":[],"Person":[],"Product":[],"ProductReview":[],"Car":[],"Recipe":[],"Service":[],"SoftwareApplication":[],"WebPage":[]},"graphName":"","isEnabled":true},"graphs":[]},"schema_type":"default","schema_type_options":null,"pillar_content":false,"robots_default":true,"robots_noindex":false,"robots_noarchive":false,"robots_nosnippet":false,"robots_nofollow":false,"robots_noimageindex":false,"robots_noodp":false,"robots_notranslate":false,"robots_max_snippet":null,"robots_max_videopreview":null,"robots_max_imagepreview":"large","priority":null,"frequency":null,"local_seo":null,"seo_analyzer_scan_date":"2026-04-30 19:06:03","breadcrumb_settings":null,"limit_modified_date":false,"reviewed_by":null,"open_ai":null,"ai":null,"created":"2026-04-30 17:39:46","updated":"2026-04-30 20:24:55"},"aioseo_breadcrumb":"<div class=\"aioseo-breadcrumbs\"><span class=\"aioseo-breadcrumb\">\n\t<a href=\"https:\/\/genoks.com.tr\/fa\/\" title=\"Home\">Home<\/a>\n<\/span><span class=\"aioseo-breadcrumb-separator\">&raquo;<\/span><span class=\"aioseo-breadcrumb\">\n\t\u0627\u062e\u0628\u0627\u0631 \u0627\u0632 \u0645\u0627\n<\/span><\/div>","aioseo_breadcrumb_json":[{"label":"Home","link":"https:\/\/genoks.com.tr\/fa\/"},{"label":"\u0627\u062e\u0628\u0627\u0631 \u0627\u0632 \u0645\u0627","link":"https:\/\/genoks.com.tr\/fa\/bizden-haberler-page-fa\/"}],"_links":{"self":[{"href":"https:\/\/genoks.com.tr\/fa\/wp-json\/wp\/v2\/pages\/2354","targetHints":{"allow":["GET"]}}],"collection":[{"href":"https:\/\/genoks.com.tr\/fa\/wp-json\/wp\/v2\/pages"}],"about":[{"href":"https:\/\/genoks.com.tr\/fa\/wp-json\/wp\/v2\/types\/page"}],"author":[{"embeddable":true,"href":"https:\/\/genoks.com.tr\/fa\/wp-json\/wp\/v2\/users\/1"}],"replies":[{"embeddable":true,"href":"https:\/\/genoks.com.tr\/fa\/wp-json\/wp\/v2\/comments?post=2354"}],"version-history":[{"count":1,"href":"https:\/\/genoks.com.tr\/fa\/wp-json\/wp\/v2\/pages\/2354\/revisions"}],"predecessor-version":[{"id":2670,"href":"https:\/\/genoks.com.tr\/fa\/wp-json\/wp\/v2\/pages\/2354\/revisions\/2670"}],"wp:attachment":[{"href":"https:\/\/genoks.com.tr\/fa\/wp-json\/wp\/v2\/media?parent=2354"}],"curies":[{"name":"wp","href":"https:\/\/api.w.org\/{rel}","templated":true}]}}