{"id":2910,"date":"2026-05-01T14:02:57","date_gmt":"2026-05-01T14:02:57","guid":{"rendered":"https:\/\/genoks.com.tr\/privacy-policy-fa\/"},"modified":"2026-05-01T14:02:57","modified_gmt":"2026-05-01T14:02:57","slug":"privacy-policy-fa","status":"publish","type":"page","link":"https:\/\/genoks.com.tr\/fa\/privacy-policy-fa\/","title":{"rendered":"\u0633\u06cc\u0627\u0633\u062a \u062d\u0641\u0638 \u062d\u0631\u06cc\u0645 \u062e\u0635\u0648\u0635\u06cc"},"content":{"rendered":"","protected":false},"excerpt":{"rendered":"","protected":false},"author":1,"featured_media":0,"parent":0,"menu_order":0,"comment_status":"closed","ping_status":"closed","template":"","meta":{"footnotes":""},"class_list":["post-2910","page","type-page","status-publish","hentry"],"aioseo_notices":[],"aioseo_head":"\n\t\t<!-- All in One SEO Pro 4.9.5.2 - aioseo.com -->\n\t<meta name=\"robots\" content=\"max-image-preview:large\" \/>\n\t<link rel=\"canonical\" href=\"https:\/\/genoks.com.tr\/fa\/privacy-policy-fa\/\" \/>\n\t<meta name=\"generator\" content=\"All in One SEO Pro (AIOSEO) 4.9.5.2\" \/>\n\t\t<meta property=\"og:locale\" content=\"fa_IR\" \/>\n\t\t<meta property=\"og:site_name\" content=\"Genoks Genetics | NIPT\u060c \u063a\u0631\u0628\u0627\u0644\u06af\u0631\u06cc \u0646\u0627\u0642\u0644\u06cc\u0646\u060c \u0622\u0646\u06a9\u0648\u0698\u0646\u062a\u06cc\u06a9 \u0648 \u062e\u062f\u0645\u0627\u062a WES - \u0628\u0631 \u0698\u0646\u200c\u0647\u0627\u06cc \u0634\u0645\u0627 \u0646\u0648\u0631 \u0645\u06cc\u200c\u062a\u0627\u0628\u0627\u0646\u06cc\u0645!\" \/>\n\t\t<meta property=\"og:type\" content=\"article\" \/>\n\t\t<meta property=\"og:title\" content=\"\u0633\u06cc\u0627\u0633\u062a \u062d\u0641\u0638 \u062d\u0631\u06cc\u0645 \u062e\u0635\u0648\u0635\u06cc - Genoks Genetics | NIPT\u060c \u063a\u0631\u0628\u0627\u0644\u06af\u0631\u06cc \u0646\u0627\u0642\u0644\u06cc\u0646\u060c \u0622\u0646\u06a9\u0648\u0698\u0646\u062a\u06cc\u06a9 \u0648 \u062e\u062f\u0645\u0627\u062a WES\" \/>\n\t\t<meta property=\"og:url\" content=\"https:\/\/genoks.com.tr\/fa\/privacy-policy-fa\/\" \/>\n\t\t<meta property=\"og:image\" content=\"https:\/\/genoks.com.tr\/wp-content\/uploads\/2025\/06\/genoks.svg\" \/>\n\t\t<meta property=\"og:image:secure_url\" content=\"https:\/\/genoks.com.tr\/wp-content\/uploads\/2025\/06\/genoks.svg\" \/>\n\t\t<meta property=\"article:published_time\" content=\"2026-05-01T14:02:57+00:00\" \/>\n\t\t<meta property=\"article:modified_time\" content=\"2026-05-01T14:02:57+00:00\" \/>\n\t\t<meta property=\"article:publisher\" content=\"https:\/\/www.facebook.com\/GenoksGHTM\" \/>\n\t\t<meta name=\"twitter:card\" content=\"summary_large_image\" \/>\n\t\t<meta name=\"twitter:site\" content=\"@Genoks_GHTM\" \/>\n\t\t<meta name=\"twitter:title\" content=\"\u0633\u06cc\u0627\u0633\u062a \u062d\u0641\u0638 \u062d\u0631\u06cc\u0645 \u062e\u0635\u0648\u0635\u06cc - Genoks Genetics | NIPT\u060c \u063a\u0631\u0628\u0627\u0644\u06af\u0631\u06cc \u0646\u0627\u0642\u0644\u06cc\u0646\u060c \u0622\u0646\u06a9\u0648\u0698\u0646\u062a\u06cc\u06a9 \u0648 \u062e\u062f\u0645\u0627\u062a WES\" \/>\n\t\t<meta name=\"twitter:creator\" content=\"@Genoks_GHTM\" \/>\n\t\t<meta name=\"twitter:image\" content=\"https:\/\/genoks.com.tr\/wp-content\/uploads\/2025\/06\/genoks.svg\" \/>\n\t\t<script type=\"application\/ld+json\" class=\"aioseo-schema\">\n\t\t\t{\"@context\":\"https:\\\/\\\/schema.org\",\"@graph\":[{\"@type\":\"BreadcrumbList\",\"@id\":\"https:\\\/\\\/genoks.com.tr\\\/fa\\\/privacy-policy-fa\\\/#breadcrumblist\",\"itemListElement\":[{\"@type\":\"ListItem\",\"@id\":\"https:\\\/\\\/genoks.com.tr\\\/fa\\\/#listItem\",\"position\":1,\"name\":\"Home\",\"item\":\"https:\\\/\\\/genoks.com.tr\\\/fa\\\/\",\"nextItem\":{\"@type\":\"ListItem\",\"@id\":\"https:\\\/\\\/genoks.com.tr\\\/fa\\\/privacy-policy-fa\\\/#listItem\",\"name\":\"\\u0633\\u06cc\\u0627\\u0633\\u062a \\u062d\\u0641\\u0638 \\u062d\\u0631\\u06cc\\u0645 \\u062e\\u0635\\u0648\\u0635\\u06cc\"}},{\"@type\":\"ListItem\",\"@id\":\"https:\\\/\\\/genoks.com.tr\\\/fa\\\/privacy-policy-fa\\\/#listItem\",\"position\":2,\"name\":\"\\u0633\\u06cc\\u0627\\u0633\\u062a \\u062d\\u0641\\u0638 \\u062d\\u0631\\u06cc\\u0645 \\u062e\\u0635\\u0648\\u0635\\u06cc\",\"previousItem\":{\"@type\":\"ListItem\",\"@id\":\"https:\\\/\\\/genoks.com.tr\\\/fa\\\/#listItem\",\"name\":\"Home\"}}]},{\"@type\":\"Organization\",\"@id\":\"https:\\\/\\\/genoks.com.tr\\\/fa\\\/#organization\",\"name\":\"Genoks Genetics | NIPT\\u060c \\u063a\\u0631\\u0628\\u0627\\u0644\\u06af\\u0631\\u06cc \\u0646\\u0627\\u0642\\u0644\\u06cc\\u0646\\u060c \\u0622\\u0646\\u06a9\\u0648\\u0698\\u0646\\u062a\\u06cc\\u06a9 \\u0648 \\u062e\\u062f\\u0645\\u0627\\u062a WES\",\"description\":\"\\u0628\\u0631 \\u0698\\u0646\\u200c\\u0647\\u0627\\u06cc \\u0634\\u0645\\u0627 \\u0646\\u0648\\u0631 \\u0645\\u06cc\\u200c\\u062a\\u0627\\u0628\\u0627\\u0646\\u06cc\\u0645!\",\"url\":\"https:\\\/\\\/genoks.com.tr\\\/fa\\\/\",\"telephone\":\"+904448732\",\"foundingDate\":\"2014-12-01\",\"numberOfEmployees\":{\"@type\":\"QuantitativeValue\",\"value\":160},\"logo\":{\"@type\":\"ImageObject\",\"url\":\"https:\\\/\\\/genoks.com.tr\\\/wp-content\\\/uploads\\\/2025\\\/06\\\/genoks.svg\",\"@id\":\"https:\\\/\\\/genoks.com.tr\\\/fa\\\/privacy-policy-fa\\\/#organizationLogo\",\"caption\":\"RapidNIPT testi ile yap\\u0131lan NIPT taramas\\u0131 sayesinde gebelikte 90'dan fazla kromozomal hastal\\u0131k risksiz ve erken d\\u00f6nemde tespit edilir.\"},\"image\":{\"@id\":\"https:\\\/\\\/genoks.com.tr\\\/fa\\\/privacy-policy-fa\\\/#organizationLogo\"},\"sameAs\":[\"https:\\\/\\\/www.facebook.com\\\/GenoksGHTM\",\"https:\\\/\\\/x.com\\\/Genoks_GHTM\",\"https:\\\/\\\/www.instagram.com\\\/genoks_ghtm\\\/\",\"https:\\\/\\\/www.linkedin.com\\\/in\\\/genoks\\\/\"]},{\"@type\":\"WebPage\",\"@id\":\"https:\\\/\\\/genoks.com.tr\\\/fa\\\/privacy-policy-fa\\\/#webpage\",\"url\":\"https:\\\/\\\/genoks.com.tr\\\/fa\\\/privacy-policy-fa\\\/\",\"name\":\"\\u0633\\u06cc\\u0627\\u0633\\u062a \\u062d\\u0641\\u0638 \\u062d\\u0631\\u06cc\\u0645 \\u062e\\u0635\\u0648\\u0635\\u06cc - Genoks Genetics | NIPT\\u060c \\u063a\\u0631\\u0628\\u0627\\u0644\\u06af\\u0631\\u06cc \\u0646\\u0627\\u0642\\u0644\\u06cc\\u0646\\u060c \\u0622\\u0646\\u06a9\\u0648\\u0698\\u0646\\u062a\\u06cc\\u06a9 \\u0648 \\u062e\\u062f\\u0645\\u0627\\u062a WES\",\"inLanguage\":\"fa-IR\",\"isPartOf\":{\"@id\":\"https:\\\/\\\/genoks.com.tr\\\/fa\\\/#website\"},\"breadcrumb\":{\"@id\":\"https:\\\/\\\/genoks.com.tr\\\/fa\\\/privacy-policy-fa\\\/#breadcrumblist\"},\"datePublished\":\"2026-05-01T14:02:57+00:00\",\"dateModified\":\"2026-05-01T14:02:57+00:00\"},{\"@type\":\"WebSite\",\"@id\":\"https:\\\/\\\/genoks.com.tr\\\/fa\\\/#website\",\"url\":\"https:\\\/\\\/genoks.com.tr\\\/fa\\\/\",\"name\":\"Genoks Genetics | NIPT\\u060c \\u063a\\u0631\\u0628\\u0627\\u0644\\u06af\\u0631\\u06cc \\u0646\\u0627\\u0642\\u0644\\u06cc\\u0646\\u060c \\u0622\\u0646\\u06a9\\u0648\\u0698\\u0646\\u062a\\u06cc\\u06a9 \\u0648 \\u062e\\u062f\\u0645\\u0627\\u062a WES\",\"description\":\"\\u0628\\u0631 \\u0698\\u0646\\u200c\\u0647\\u0627\\u06cc \\u0634\\u0645\\u0627 \\u0646\\u0648\\u0631 \\u0645\\u06cc\\u200c\\u062a\\u0627\\u0628\\u0627\\u0646\\u06cc\\u0645!\",\"inLanguage\":\"fa-IR\",\"publisher\":{\"@id\":\"https:\\\/\\\/genoks.com.tr\\\/fa\\\/#organization\"}}]}\n\t\t<\/script>\n\t\t<!-- All in One SEO Pro -->\r\n\t\t<title>\u0633\u06cc\u0627\u0633\u062a \u062d\u0641\u0638 \u062d\u0631\u06cc\u0645 \u062e\u0635\u0648\u0635\u06cc - Genoks Genetics | NIPT\u060c \u063a\u0631\u0628\u0627\u0644\u06af\u0631\u06cc \u0646\u0627\u0642\u0644\u06cc\u0646\u060c \u0622\u0646\u06a9\u0648\u0698\u0646\u062a\u06cc\u06a9 \u0648 \u062e\u062f\u0645\u0627\u062a WES<\/title>\n\n","aioseo_head_json":{"title":"\u0633\u06cc\u0627\u0633\u062a \u062d\u0641\u0638 \u062d\u0631\u06cc\u0645 \u062e\u0635\u0648\u0635\u06cc - Genoks Genetics | NIPT\u060c \u063a\u0631\u0628\u0627\u0644\u06af\u0631\u06cc \u0646\u0627\u0642\u0644\u06cc\u0646\u060c \u0622\u0646\u06a9\u0648\u0698\u0646\u062a\u06cc\u06a9 \u0648 \u062e\u062f\u0645\u0627\u062a WES","description":"","canonical_url":"https:\/\/genoks.com.tr\/fa\/privacy-policy-fa\/","robots":"max-image-preview:large","keywords":"","webmasterTools":{"miscellaneous":""},"schema":{"@context":"https:\/\/schema.org","@graph":[{"@type":"BreadcrumbList","@id":"https:\/\/genoks.com.tr\/fa\/privacy-policy-fa\/#breadcrumblist","itemListElement":[{"@type":"ListItem","@id":"https:\/\/genoks.com.tr\/fa\/#listItem","position":1,"name":"Home","item":"https:\/\/genoks.com.tr\/fa\/","nextItem":{"@type":"ListItem","@id":"https:\/\/genoks.com.tr\/fa\/privacy-policy-fa\/#listItem","name":"\u0633\u06cc\u0627\u0633\u062a \u062d\u0641\u0638 \u062d\u0631\u06cc\u0645 \u062e\u0635\u0648\u0635\u06cc"}},{"@type":"ListItem","@id":"https:\/\/genoks.com.tr\/fa\/privacy-policy-fa\/#listItem","position":2,"name":"\u0633\u06cc\u0627\u0633\u062a \u062d\u0641\u0638 \u062d\u0631\u06cc\u0645 \u062e\u0635\u0648\u0635\u06cc","previousItem":{"@type":"ListItem","@id":"https:\/\/genoks.com.tr\/fa\/#listItem","name":"Home"}}]},{"@type":"Organization","@id":"https:\/\/genoks.com.tr\/fa\/#organization","name":"Genoks Genetics | NIPT\u060c \u063a\u0631\u0628\u0627\u0644\u06af\u0631\u06cc \u0646\u0627\u0642\u0644\u06cc\u0646\u060c \u0622\u0646\u06a9\u0648\u0698\u0646\u062a\u06cc\u06a9 \u0648 \u062e\u062f\u0645\u0627\u062a WES","description":"\u0628\u0631 \u0698\u0646\u200c\u0647\u0627\u06cc \u0634\u0645\u0627 \u0646\u0648\u0631 \u0645\u06cc\u200c\u062a\u0627\u0628\u0627\u0646\u06cc\u0645!","url":"https:\/\/genoks.com.tr\/fa\/","telephone":"+904448732","foundingDate":"2014-12-01","numberOfEmployees":{"@type":"QuantitativeValue","value":160},"logo":{"@type":"ImageObject","url":"https:\/\/genoks.com.tr\/wp-content\/uploads\/2025\/06\/genoks.svg","@id":"https:\/\/genoks.com.tr\/fa\/privacy-policy-fa\/#organizationLogo","caption":"RapidNIPT testi ile yap\u0131lan NIPT taramas\u0131 sayesinde gebelikte 90'dan fazla kromozomal hastal\u0131k risksiz ve erken d\u00f6nemde tespit edilir."},"image":{"@id":"https:\/\/genoks.com.tr\/fa\/privacy-policy-fa\/#organizationLogo"},"sameAs":["https:\/\/www.facebook.com\/GenoksGHTM","https:\/\/x.com\/Genoks_GHTM","https:\/\/www.instagram.com\/genoks_ghtm\/","https:\/\/www.linkedin.com\/in\/genoks\/"]},{"@type":"WebPage","@id":"https:\/\/genoks.com.tr\/fa\/privacy-policy-fa\/#webpage","url":"https:\/\/genoks.com.tr\/fa\/privacy-policy-fa\/","name":"\u0633\u06cc\u0627\u0633\u062a \u062d\u0641\u0638 \u062d\u0631\u06cc\u0645 \u062e\u0635\u0648\u0635\u06cc - Genoks Genetics | NIPT\u060c \u063a\u0631\u0628\u0627\u0644\u06af\u0631\u06cc \u0646\u0627\u0642\u0644\u06cc\u0646\u060c \u0622\u0646\u06a9\u0648\u0698\u0646\u062a\u06cc\u06a9 \u0648 \u062e\u062f\u0645\u0627\u062a WES","inLanguage":"fa-IR","isPartOf":{"@id":"https:\/\/genoks.com.tr\/fa\/#website"},"breadcrumb":{"@id":"https:\/\/genoks.com.tr\/fa\/privacy-policy-fa\/#breadcrumblist"},"datePublished":"2026-05-01T14:02:57+00:00","dateModified":"2026-05-01T14:02:57+00:00"},{"@type":"WebSite","@id":"https:\/\/genoks.com.tr\/fa\/#website","url":"https:\/\/genoks.com.tr\/fa\/","name":"Genoks Genetics | NIPT\u060c \u063a\u0631\u0628\u0627\u0644\u06af\u0631\u06cc \u0646\u0627\u0642\u0644\u06cc\u0646\u060c \u0622\u0646\u06a9\u0648\u0698\u0646\u062a\u06cc\u06a9 \u0648 \u062e\u062f\u0645\u0627\u062a WES","description":"\u0628\u0631 \u0698\u0646\u200c\u0647\u0627\u06cc \u0634\u0645\u0627 \u0646\u0648\u0631 \u0645\u06cc\u200c\u062a\u0627\u0628\u0627\u0646\u06cc\u0645!","inLanguage":"fa-IR","publisher":{"@id":"https:\/\/genoks.com.tr\/fa\/#organization"}}]},"og:locale":"fa_IR","og:site_name":"Genoks Genetics | NIPT\u060c \u063a\u0631\u0628\u0627\u0644\u06af\u0631\u06cc \u0646\u0627\u0642\u0644\u06cc\u0646\u060c \u0622\u0646\u06a9\u0648\u0698\u0646\u062a\u06cc\u06a9 \u0648 \u062e\u062f\u0645\u0627\u062a WES - \u0628\u0631 \u0698\u0646\u200c\u0647\u0627\u06cc \u0634\u0645\u0627 \u0646\u0648\u0631 \u0645\u06cc\u200c\u062a\u0627\u0628\u0627\u0646\u06cc\u0645!","og:type":"article","og:title":"\u0633\u06cc\u0627\u0633\u062a \u062d\u0641\u0638 \u062d\u0631\u06cc\u0645 \u062e\u0635\u0648\u0635\u06cc - Genoks Genetics | NIPT\u060c \u063a\u0631\u0628\u0627\u0644\u06af\u0631\u06cc \u0646\u0627\u0642\u0644\u06cc\u0646\u060c \u0622\u0646\u06a9\u0648\u0698\u0646\u062a\u06cc\u06a9 \u0648 \u062e\u062f\u0645\u0627\u062a WES","og:url":"https:\/\/genoks.com.tr\/fa\/privacy-policy-fa\/","og:image":"https:\/\/genoks.com.tr\/wp-content\/uploads\/2025\/06\/genoks.svg","og:image:secure_url":"https:\/\/genoks.com.tr\/wp-content\/uploads\/2025\/06\/genoks.svg","article:published_time":"2026-05-01T14:02:57+00:00","article:modified_time":"2026-05-01T14:02:57+00:00","article:publisher":"https:\/\/www.facebook.com\/GenoksGHTM","twitter:card":"summary_large_image","twitter:site":"@Genoks_GHTM","twitter:title":"\u0633\u06cc\u0627\u0633\u062a \u062d\u0641\u0638 \u062d\u0631\u06cc\u0645 \u062e\u0635\u0648\u0635\u06cc - Genoks Genetics | NIPT\u060c \u063a\u0631\u0628\u0627\u0644\u06af\u0631\u06cc \u0646\u0627\u0642\u0644\u06cc\u0646\u060c \u0622\u0646\u06a9\u0648\u0698\u0646\u062a\u06cc\u06a9 \u0648 \u062e\u062f\u0645\u0627\u062a WES","twitter:creator":"@Genoks_GHTM","twitter:image":"https:\/\/genoks.com.tr\/wp-content\/uploads\/2025\/06\/genoks.svg"},"aioseo_meta_data":{"post_id":"2910","title":null,"description":null,"keywords":null,"keyphrases":null,"primary_term":null,"canonical_url":null,"og_title":null,"og_description":null,"og_object_type":"default","og_image_type":"default","og_image_url":null,"og_image_width":null,"og_image_height":null,"og_image_custom_url":null,"og_image_custom_fields":null,"og_video":null,"og_custom_url":null,"og_article_section":null,"og_article_tags":null,"twitter_use_og":false,"twitter_card":"default","twitter_image_type":"default","twitter_image_url":null,"twitter_image_custom_url":null,"twitter_image_custom_fields":null,"twitter_title":null,"twitter_description":null,"schema":{"blockGraphs":[],"customGraphs":[],"default":{"data":{"Article":[],"Course":[],"Dataset":[],"FAQPage":[],"Movie":[],"Person":[],"Product":[],"ProductReview":[],"Car":[],"Recipe":[],"Service":[],"SoftwareApplication":[],"WebPage":[]},"graphName":"","isEnabled":true},"graphs":[]},"schema_type":"default","schema_type_options":null,"pillar_content":false,"robots_default":true,"robots_noindex":false,"robots_noarchive":false,"robots_nosnippet":false,"robots_nofollow":false,"robots_noimageindex":false,"robots_noodp":false,"robots_notranslate":false,"robots_max_snippet":null,"robots_max_videopreview":null,"robots_max_imagepreview":"large","priority":null,"frequency":null,"local_seo":null,"seo_analyzer_scan_date":"2026-05-01 14:05:31","breadcrumb_settings":null,"limit_modified_date":false,"reviewed_by":null,"open_ai":null,"ai":null,"created":"2026-05-01 14:02:57","updated":"2026-05-01 14:06:40"},"aioseo_breadcrumb":"<div class=\"aioseo-breadcrumbs\"><span class=\"aioseo-breadcrumb\">\n\t<a href=\"https:\/\/genoks.com.tr\/fa\/\" title=\"Home\">Home<\/a>\n<\/span><span class=\"aioseo-breadcrumb-separator\">&raquo;<\/span><span class=\"aioseo-breadcrumb\">\n\t\u0633\u06cc\u0627\u0633\u062a \u062d\u0641\u0638 \u062d\u0631\u06cc\u0645 \u062e\u0635\u0648\u0635\u06cc\n<\/span><\/div>","aioseo_breadcrumb_json":[{"label":"Home","link":"https:\/\/genoks.com.tr\/fa\/"},{"label":"\u0633\u06cc\u0627\u0633\u062a \u062d\u0641\u0638 \u062d\u0631\u06cc\u0645 \u062e\u0635\u0648\u0635\u06cc","link":"https:\/\/genoks.com.tr\/fa\/privacy-policy-fa\/"}],"_links":{"self":[{"href":"https:\/\/genoks.com.tr\/fa\/wp-json\/wp\/v2\/pages\/2910","targetHints":{"allow":["GET"]}}],"collection":[{"href":"https:\/\/genoks.com.tr\/fa\/wp-json\/wp\/v2\/pages"}],"about":[{"href":"https:\/\/genoks.com.tr\/fa\/wp-json\/wp\/v2\/types\/page"}],"author":[{"embeddable":true,"href":"https:\/\/genoks.com.tr\/fa\/wp-json\/wp\/v2\/users\/1"}],"replies":[{"embeddable":true,"href":"https:\/\/genoks.com.tr\/fa\/wp-json\/wp\/v2\/comments?post=2910"}],"version-history":[{"count":0,"href":"https:\/\/genoks.com.tr\/fa\/wp-json\/wp\/v2\/pages\/2910\/revisions"}],"wp:attachment":[{"href":"https:\/\/genoks.com.tr\/fa\/wp-json\/wp\/v2\/media?parent=2910"}],"curies":[{"name":"wp","href":"https:\/\/api.w.org\/{rel}","templated":true}]}}