{"id":2152,"date":"2026-01-29T12:56:57","date_gmt":"2026-01-29T12:56:57","guid":{"rendered":"https:\/\/genoks.com.tr\/?page_id=2152"},"modified":"2026-01-29T12:58:19","modified_gmt":"2026-01-29T12:58:19","slug":"cerez-politikasi","status":"publish","type":"page","link":"https:\/\/genoks.com.tr\/cerez-politikasi\/","title":{"rendered":"\u00c7erez Politikas\u0131"},"content":{"rendered":"","protected":false},"excerpt":{"rendered":"","protected":false},"author":1,"featured_media":0,"parent":0,"menu_order":0,"comment_status":"closed","ping_status":"closed","template":"","meta":{"footnotes":""},"class_list":["post-2152","page","type-page","status-publish","hentry"],"aioseo_notices":[],"aioseo_head":"\n\t\t<!-- All in One SEO Pro 4.9.5.2 - aioseo.com -->\n\t<meta name=\"robots\" content=\"max-image-preview:large\" \/>\n\t<link rel=\"canonical\" href=\"https:\/\/genoks.com.tr\/cerez-politikasi\/\" \/>\n\t<meta name=\"generator\" content=\"All in One SEO Pro (AIOSEO) 4.9.5.2\" \/>\n\t\t<meta property=\"og:locale\" content=\"en_US\" \/>\n\t\t<meta property=\"og:site_name\" content=\"Genoks Genetics | NIPT, Skrining Nosilaca, Onkogenetika i WES Usluge - Bacamo Svjetlost na Va\u0161e Gene!\" \/>\n\t\t<meta property=\"og:type\" content=\"article\" \/>\n\t\t<meta property=\"og:title\" content=\"\u00c7erez Politikas\u0131 - Genoks Genetics | NIPT, Skrining Nosilaca, Onkogenetika i WES Usluge\" \/>\n\t\t<meta property=\"og:url\" content=\"https:\/\/genoks.com.tr\/cerez-politikasi\/\" \/>\n\t\t<meta property=\"og:image\" content=\"https:\/\/genoks.com.tr\/wp-content\/uploads\/2025\/06\/genoks.svg\" \/>\n\t\t<meta property=\"og:image:secure_url\" content=\"https:\/\/genoks.com.tr\/wp-content\/uploads\/2025\/06\/genoks.svg\" \/>\n\t\t<meta property=\"article:published_time\" content=\"2026-01-29T12:56:57+00:00\" \/>\n\t\t<meta property=\"article:modified_time\" content=\"2026-01-29T12:58:19+00:00\" \/>\n\t\t<meta property=\"article:publisher\" content=\"https:\/\/www.facebook.com\/GenoksGHTM\" \/>\n\t\t<meta name=\"twitter:card\" content=\"summary_large_image\" \/>\n\t\t<meta name=\"twitter:site\" content=\"@Genoks_GHTM\" \/>\n\t\t<meta name=\"twitter:title\" content=\"\u00c7erez Politikas\u0131 - Genoks Genetics | NIPT, Skrining Nosilaca, Onkogenetika i WES Usluge\" \/>\n\t\t<meta name=\"twitter:creator\" content=\"@Genoks_GHTM\" \/>\n\t\t<meta name=\"twitter:image\" content=\"https:\/\/genoks.com.tr\/wp-content\/uploads\/2025\/06\/genoks.svg\" \/>\n\t\t<script type=\"application\/ld+json\" class=\"aioseo-schema\">\n\t\t\t{\"@context\":\"https:\\\/\\\/schema.org\",\"@graph\":[{\"@type\":\"BreadcrumbList\",\"@id\":\"https:\\\/\\\/genoks.com.tr\\\/cerez-politikasi\\\/#breadcrumblist\",\"itemListElement\":[{\"@type\":\"ListItem\",\"@id\":\"https:\\\/\\\/genoks.com.tr\\\/me\\\/#listItem\",\"position\":1,\"name\":\"Home\",\"item\":\"https:\\\/\\\/genoks.com.tr\\\/me\\\/\",\"nextItem\":{\"@type\":\"ListItem\",\"@id\":\"https:\\\/\\\/genoks.com.tr\\\/cerez-politikasi\\\/#listItem\",\"name\":\"\\u00c7erez Politikas\\u0131\"}},{\"@type\":\"ListItem\",\"@id\":\"https:\\\/\\\/genoks.com.tr\\\/cerez-politikasi\\\/#listItem\",\"position\":2,\"name\":\"\\u00c7erez Politikas\\u0131\",\"previousItem\":{\"@type\":\"ListItem\",\"@id\":\"https:\\\/\\\/genoks.com.tr\\\/me\\\/#listItem\",\"name\":\"Home\"}}]},{\"@type\":\"Organization\",\"@id\":\"https:\\\/\\\/genoks.com.tr\\\/me\\\/#organization\",\"name\":\"Genoks Genetics | NIPT, Skrining Nosilaca, Onkogenetika i WES Usluge\",\"description\":\"Bacamo Svjetlost na Va\\u0161e Gene!\",\"url\":\"https:\\\/\\\/genoks.com.tr\\\/me\\\/\",\"telephone\":\"+904448732\",\"foundingDate\":\"2014-12-01\",\"numberOfEmployees\":{\"@type\":\"QuantitativeValue\",\"value\":160},\"logo\":{\"@type\":\"ImageObject\",\"url\":\"https:\\\/\\\/genoks.com.tr\\\/wp-content\\\/uploads\\\/2025\\\/06\\\/genoks.svg\",\"@id\":\"https:\\\/\\\/genoks.com.tr\\\/cerez-politikasi\\\/#organizationLogo\",\"caption\":\"RapidNIPT testi ile yap\\u0131lan NIPT taramas\\u0131 sayesinde gebelikte 90'dan fazla kromozomal hastal\\u0131k risksiz ve erken d\\u00f6nemde tespit edilir.\"},\"image\":{\"@id\":\"https:\\\/\\\/genoks.com.tr\\\/cerez-politikasi\\\/#organizationLogo\"},\"sameAs\":[\"https:\\\/\\\/www.facebook.com\\\/GenoksGHTM\",\"https:\\\/\\\/x.com\\\/Genoks_GHTM\",\"https:\\\/\\\/www.instagram.com\\\/genoks_ghtm\\\/\",\"https:\\\/\\\/www.linkedin.com\\\/in\\\/genoks\\\/\"]},{\"@type\":\"WebPage\",\"@id\":\"https:\\\/\\\/genoks.com.tr\\\/cerez-politikasi\\\/#webpage\",\"url\":\"https:\\\/\\\/genoks.com.tr\\\/cerez-politikasi\\\/\",\"name\":\"\\u00c7erez Politikas\\u0131 - Genoks Genetics | NIPT, Skrining Nosilaca, Onkogenetika i WES Usluge\",\"inLanguage\":\"cnr-ME\",\"isPartOf\":{\"@id\":\"https:\\\/\\\/genoks.com.tr\\\/me\\\/#website\"},\"breadcrumb\":{\"@id\":\"https:\\\/\\\/genoks.com.tr\\\/cerez-politikasi\\\/#breadcrumblist\"},\"datePublished\":\"2026-01-29T12:56:57+00:00\",\"dateModified\":\"2026-01-29T12:58:19+00:00\"},{\"@type\":\"WebSite\",\"@id\":\"https:\\\/\\\/genoks.com.tr\\\/me\\\/#website\",\"url\":\"https:\\\/\\\/genoks.com.tr\\\/me\\\/\",\"name\":\"Genoks Genetics | NIPT, Skrining Nosilaca, Onkogenetika i WES Usluge\",\"description\":\"Bacamo Svjetlost na Va\\u0161e Gene!\",\"inLanguage\":\"cnr-ME\",\"publisher\":{\"@id\":\"https:\\\/\\\/genoks.com.tr\\\/me\\\/#organization\"}}]}\n\t\t<\/script>\n\t\t<!-- All in One SEO Pro -->\r\n\t\t<title>\u00c7erez Politikas\u0131 - Genoks Genetics | NIPT, Skrining Nosilaca, Onkogenetika i WES Usluge<\/title>\n\n","aioseo_head_json":{"title":"\u00c7erez Politikas\u0131 - Genoks Genetics | NIPT, Skrining Nosilaca, Onkogenetika i WES Usluge","description":"","canonical_url":"https:\/\/genoks.com.tr\/cerez-politikasi\/","robots":"max-image-preview:large","keywords":"","webmasterTools":{"miscellaneous":""},"schema":{"@context":"https:\/\/schema.org","@graph":[{"@type":"BreadcrumbList","@id":"https:\/\/genoks.com.tr\/cerez-politikasi\/#breadcrumblist","itemListElement":[{"@type":"ListItem","@id":"https:\/\/genoks.com.tr\/me\/#listItem","position":1,"name":"Home","item":"https:\/\/genoks.com.tr\/me\/","nextItem":{"@type":"ListItem","@id":"https:\/\/genoks.com.tr\/cerez-politikasi\/#listItem","name":"\u00c7erez Politikas\u0131"}},{"@type":"ListItem","@id":"https:\/\/genoks.com.tr\/cerez-politikasi\/#listItem","position":2,"name":"\u00c7erez Politikas\u0131","previousItem":{"@type":"ListItem","@id":"https:\/\/genoks.com.tr\/me\/#listItem","name":"Home"}}]},{"@type":"Organization","@id":"https:\/\/genoks.com.tr\/me\/#organization","name":"Genoks Genetics | NIPT, Skrining Nosilaca, Onkogenetika i WES Usluge","description":"Bacamo Svjetlost na Va\u0161e Gene!","url":"https:\/\/genoks.com.tr\/me\/","telephone":"+904448732","foundingDate":"2014-12-01","numberOfEmployees":{"@type":"QuantitativeValue","value":160},"logo":{"@type":"ImageObject","url":"https:\/\/genoks.com.tr\/wp-content\/uploads\/2025\/06\/genoks.svg","@id":"https:\/\/genoks.com.tr\/cerez-politikasi\/#organizationLogo","caption":"RapidNIPT testi ile yap\u0131lan NIPT taramas\u0131 sayesinde gebelikte 90'dan fazla kromozomal hastal\u0131k risksiz ve erken d\u00f6nemde tespit edilir."},"image":{"@id":"https:\/\/genoks.com.tr\/cerez-politikasi\/#organizationLogo"},"sameAs":["https:\/\/www.facebook.com\/GenoksGHTM","https:\/\/x.com\/Genoks_GHTM","https:\/\/www.instagram.com\/genoks_ghtm\/","https:\/\/www.linkedin.com\/in\/genoks\/"]},{"@type":"WebPage","@id":"https:\/\/genoks.com.tr\/cerez-politikasi\/#webpage","url":"https:\/\/genoks.com.tr\/cerez-politikasi\/","name":"\u00c7erez Politikas\u0131 - Genoks Genetics | NIPT, Skrining Nosilaca, Onkogenetika i WES Usluge","inLanguage":"cnr-ME","isPartOf":{"@id":"https:\/\/genoks.com.tr\/me\/#website"},"breadcrumb":{"@id":"https:\/\/genoks.com.tr\/cerez-politikasi\/#breadcrumblist"},"datePublished":"2026-01-29T12:56:57+00:00","dateModified":"2026-01-29T12:58:19+00:00"},{"@type":"WebSite","@id":"https:\/\/genoks.com.tr\/me\/#website","url":"https:\/\/genoks.com.tr\/me\/","name":"Genoks Genetics | NIPT, Skrining Nosilaca, Onkogenetika i WES Usluge","description":"Bacamo Svjetlost na Va\u0161e Gene!","inLanguage":"cnr-ME","publisher":{"@id":"https:\/\/genoks.com.tr\/me\/#organization"}}]},"og:locale":"en_US","og:site_name":"Genoks Genetics | NIPT, Skrining Nosilaca, Onkogenetika i WES Usluge - Bacamo Svjetlost na Va\u0161e Gene!","og:type":"article","og:title":"\u00c7erez Politikas\u0131 - Genoks Genetics | NIPT, Skrining Nosilaca, Onkogenetika i WES Usluge","og:url":"https:\/\/genoks.com.tr\/cerez-politikasi\/","og:image":"https:\/\/genoks.com.tr\/wp-content\/uploads\/2025\/06\/genoks.svg","og:image:secure_url":"https:\/\/genoks.com.tr\/wp-content\/uploads\/2025\/06\/genoks.svg","article:published_time":"2026-01-29T12:56:57+00:00","article:modified_time":"2026-01-29T12:58:19+00:00","article:publisher":"https:\/\/www.facebook.com\/GenoksGHTM","twitter:card":"summary_large_image","twitter:site":"@Genoks_GHTM","twitter:title":"\u00c7erez Politikas\u0131 - Genoks Genetics | NIPT, Skrining Nosilaca, Onkogenetika i WES Usluge","twitter:creator":"@Genoks_GHTM","twitter:image":"https:\/\/genoks.com.tr\/wp-content\/uploads\/2025\/06\/genoks.svg"},"aioseo_meta_data":{"post_id":"2152","title":null,"description":null,"keywords":null,"keyphrases":{"focus":{"keyphrase":"","score":0,"analysis":{"keyphraseInTitle":{"score":0,"maxScore":9,"error":1}}},"additional":[]},"primary_term":null,"canonical_url":null,"og_title":null,"og_description":null,"og_object_type":"default","og_image_type":"default","og_image_url":null,"og_image_width":null,"og_image_height":null,"og_image_custom_url":null,"og_image_custom_fields":null,"og_video":"","og_custom_url":null,"og_article_section":null,"og_article_tags":null,"twitter_use_og":false,"twitter_card":"default","twitter_image_type":"default","twitter_image_url":null,"twitter_image_custom_url":null,"twitter_image_custom_fields":null,"twitter_title":null,"twitter_description":null,"schema":{"blockGraphs":[],"customGraphs":[],"default":{"data":{"Article":[],"Course":[],"Dataset":[],"FAQPage":[],"Movie":[],"Person":[],"Product":[],"ProductReview":[],"Car":[],"Recipe":[],"Service":[],"SoftwareApplication":[],"WebPage":[]},"graphName":"WebPage","isEnabled":true},"graphs":[]},"schema_type":"default","schema_type_options":null,"pillar_content":false,"robots_default":true,"robots_noindex":false,"robots_noarchive":false,"robots_nosnippet":false,"robots_nofollow":false,"robots_noimageindex":false,"robots_noodp":false,"robots_notranslate":false,"robots_max_snippet":"-1","robots_max_videopreview":"-1","robots_max_imagepreview":"large","priority":null,"frequency":"default","local_seo":null,"seo_analyzer_scan_date":"2026-01-29 13:01:43","breadcrumb_settings":null,"limit_modified_date":false,"reviewed_by":"0","open_ai":null,"ai":{"faqs":[],"keyPoints":[],"titles":[],"descriptions":[],"socialPosts":{"email":[],"linkedin":[],"twitter":[],"facebook":[],"instagram":[]}},"created":"2026-01-29 12:55:50","updated":"2026-01-29 13:11:10"},"aioseo_breadcrumb":"<div class=\"aioseo-breadcrumbs\"><span class=\"aioseo-breadcrumb\">\n\t<a href=\"https:\/\/genoks.com.tr\/me\/\" title=\"Home\">Home<\/a>\n<\/span><span class=\"aioseo-breadcrumb-separator\">&raquo;<\/span><span class=\"aioseo-breadcrumb\">\n\t\u00c7erez Politikas\u0131\n<\/span><\/div>","aioseo_breadcrumb_json":[{"label":"Home","link":"https:\/\/genoks.com.tr\/me\/"},{"label":"\u00c7erez Politikas\u0131","link":"https:\/\/genoks.com.tr\/cerez-politikasi\/"}],"_links":{"self":[{"href":"https:\/\/genoks.com.tr\/me\/wp-json\/wp\/v2\/pages\/2152","targetHints":{"allow":["GET"]}}],"collection":[{"href":"https:\/\/genoks.com.tr\/me\/wp-json\/wp\/v2\/pages"}],"about":[{"href":"https:\/\/genoks.com.tr\/me\/wp-json\/wp\/v2\/types\/page"}],"author":[{"embeddable":true,"href":"https:\/\/genoks.com.tr\/me\/wp-json\/wp\/v2\/users\/1"}],"replies":[{"embeddable":true,"href":"https:\/\/genoks.com.tr\/me\/wp-json\/wp\/v2\/comments?post=2152"}],"version-history":[{"count":0,"href":"https:\/\/genoks.com.tr\/me\/wp-json\/wp\/v2\/pages\/2152\/revisions"}],"wp:attachment":[{"href":"https:\/\/genoks.com.tr\/me\/wp-json\/wp\/v2\/media?parent=2152"}],"curies":[{"name":"wp","href":"https:\/\/api.w.org\/{rel}","templated":true}]}}