{"id":1736,"date":"2023-01-25T15:21:13","date_gmt":"2023-01-25T15:21:13","guid":{"rendered":"https:\/\/genoks.com.tr\/%d0%b3%d0%bb%d0%b0%d0%b2%d0%bd%d0%b0%d1%8f-%d1%81%d1%82%d1%80%d0%b0%d0%bd%d0%b8%d1%86%d0%b0\/"},"modified":"2026-04-30T18:08:00","modified_gmt":"2026-04-30T18:08:00","slug":"%d0%b3%d0%bb%d0%b0%d0%b2%d0%bd%d0%b0%d1%8f-%d1%81%d1%82%d1%80%d0%b0%d0%bd%d0%b8%d1%86%d0%b0","status":"publish","type":"page","link":"https:\/\/genoks.com.tr\/ru\/","title":{"rendered":"\u0414\u043e\u043c\u0430\u0448\u043d\u044f\u044f \u0441\u0442\u0440\u0430\u043d\u0438\u0446\u0430"},"content":{"rendered":"","protected":false},"excerpt":{"rendered":"","protected":false},"author":1,"featured_media":0,"parent":0,"menu_order":0,"comment_status":"open","ping_status":"closed","template":"","meta":{"footnotes":""},"class_list":["post-1736","page","type-page","status-publish","hentry"],"aioseo_notices":[],"aioseo_head":"\n\t\t<!-- All in One SEO Pro 4.9.5.2 - aioseo.com -->\n\t<meta name=\"description\" content=\"Genoks \u043f\u0440\u0435\u0434\u043b\u0430\u0433\u0430\u0435\u0442 \u0438\u043d\u0434\u0438\u0432\u0438\u0434\u0443\u0430\u043b\u044c\u043d\u044b\u0435 \u0440\u0435\u0448\u0435\u043d\u0438\u044f \u0441 \u043f\u043e\u043c\u043e\u0449\u044c\u044e NIPT, WES, \u0441\u043a\u0440\u0438\u043d\u0438\u043d\u0433\u0430 \u043d\u043e\u0441\u0438\u0442\u0435\u043b\u0435\u0439, \u043e\u043d\u043a\u043e\u0433\u0435\u043d\u0435\u0442\u0438\u043a\u0438, CES, \u0442\u0435\u0441\u0442\u043e\u0432 \u043d\u0430 \u0440\u0430\u043a \u0438 \u0433\u0435\u043d\u0435\u0442\u0438\u0447\u0435\u0441\u043a\u0438\u0445 \u0442\u0435\u0441\u0442\u043e\u0432. Genoks \u0440\u044f\u0434\u043e\u043c \u0441 \u0432\u0430\u043c\u0438 \u0434\u043b\u044f \u0432\u0430\u0448\u0435\u0433\u043e \u0433\u0435\u043d\u0435\u0442\u0438\u0447\u0435\u0441\u043a\u043e\u0433\u043e \u0437\u0434\u043e\u0440\u043e\u0432\u044c\u044f.\" \/>\n\t<meta name=\"robots\" content=\"max-image-preview:large\" \/>\n\t<link rel=\"canonical\" href=\"https:\/\/genoks.com.tr\/ru\/\" \/>\n\t<meta name=\"generator\" content=\"All in One SEO Pro (AIOSEO) 4.9.5.2\" \/>\n\t\t<meta property=\"og:locale\" content=\"ru_RU\" \/>\n\t\t<meta property=\"og:site_name\" content=\"Genoks Genetics | NIPT, \u0421\u043a\u0440\u0438\u043d\u0438\u043d\u0433 \u041d\u043e\u0441\u0438\u0442\u0435\u043b\u0435\u0439, \u041e\u043d\u043a\u043e\u0433\u0435\u043d\u0435\u0442\u0438\u043a\u0430 \u0438 \u0423\u0441\u043b\u0443\u0433\u0438 WES - \u041e\u0441\u0432\u0435\u0449\u0430\u0435\u043c \u0412\u0430\u0448\u0438 \u0413\u0435\u043d\u044b!\" \/>\n\t\t<meta property=\"og:type\" content=\"website\" \/>\n\t\t<meta property=\"og:title\" content=\"Genoks | NIPT, \u0441\u043a\u0440\u0438\u043d\u0438\u043d\u0433 \u043d\u043e\u0441\u0438\u0442\u0435\u043b\u0435\u0439, \u043e\u043d\u043a\u043e\u0433\u0435\u043d\u0435\u0442\u0438\u043a\u0430, \u0443\u0441\u043b\u0443\u0433\u0438 WES\" \/>\n\t\t<meta property=\"og:description\" content=\"Genoks \u043f\u0440\u0435\u0434\u043b\u0430\u0433\u0430\u0435\u0442 \u0438\u043d\u0434\u0438\u0432\u0438\u0434\u0443\u0430\u043b\u044c\u043d\u044b\u0435 \u0440\u0435\u0448\u0435\u043d\u0438\u044f \u0441 \u043f\u043e\u043c\u043e\u0449\u044c\u044e NIPT, WES, \u0441\u043a\u0440\u0438\u043d\u0438\u043d\u0433\u0430 \u043d\u043e\u0441\u0438\u0442\u0435\u043b\u0435\u0439, \u043e\u043d\u043a\u043e\u0433\u0435\u043d\u0435\u0442\u0438\u043a\u0438, CES, \u0442\u0435\u0441\u0442\u043e\u0432 \u043d\u0430 \u0440\u0430\u043a \u0438 \u0433\u0435\u043d\u0435\u0442\u0438\u0447\u0435\u0441\u043a\u0438\u0445 \u0442\u0435\u0441\u0442\u043e\u0432. Genoks \u0440\u044f\u0434\u043e\u043c \u0441 \u0432\u0430\u043c\u0438 \u0434\u043b\u044f \u0432\u0430\u0448\u0435\u0433\u043e \u0433\u0435\u043d\u0435\u0442\u0438\u0447\u0435\u0441\u043a\u043e\u0433\u043e \u0437\u0434\u043e\u0440\u043e\u0432\u044c\u044f.\" \/>\n\t\t<meta property=\"og:url\" content=\"https:\/\/genoks.com.tr\/ru\/\" \/>\n\t\t<meta property=\"og:image\" content=\"https:\/\/genoks.com.tr\/wp-content\/uploads\/2025\/06\/genoks.svg\" \/>\n\t\t<meta property=\"og:image:secure_url\" content=\"https:\/\/genoks.com.tr\/wp-content\/uploads\/2025\/06\/genoks.svg\" \/>\n\t\t<meta name=\"twitter:card\" content=\"summary_large_image\" \/>\n\t\t<meta name=\"twitter:site\" content=\"@Genoks_GHTM\" \/>\n\t\t<meta name=\"twitter:title\" content=\"Genoks | NIPT, \u0441\u043a\u0440\u0438\u043d\u0438\u043d\u0433 \u043d\u043e\u0441\u0438\u0442\u0435\u043b\u0435\u0439, \u043e\u043d\u043a\u043e\u0433\u0435\u043d\u0435\u0442\u0438\u043a\u0430, \u0443\u0441\u043b\u0443\u0433\u0438 WES\" \/>\n\t\t<meta name=\"twitter:description\" content=\"Genoks \u043f\u0440\u0435\u0434\u043b\u0430\u0433\u0430\u0435\u0442 \u0438\u043d\u0434\u0438\u0432\u0438\u0434\u0443\u0430\u043b\u044c\u043d\u044b\u0435 \u0440\u0435\u0448\u0435\u043d\u0438\u044f \u0441 \u043f\u043e\u043c\u043e\u0449\u044c\u044e NIPT, WES, \u0441\u043a\u0440\u0438\u043d\u0438\u043d\u0433\u0430 \u043d\u043e\u0441\u0438\u0442\u0435\u043b\u0435\u0439, \u043e\u043d\u043a\u043e\u0433\u0435\u043d\u0435\u0442\u0438\u043a\u0438, CES, \u0442\u0435\u0441\u0442\u043e\u0432 \u043d\u0430 \u0440\u0430\u043a \u0438 \u0433\u0435\u043d\u0435\u0442\u0438\u0447\u0435\u0441\u043a\u0438\u0445 \u0442\u0435\u0441\u0442\u043e\u0432. Genoks \u0440\u044f\u0434\u043e\u043c \u0441 \u0432\u0430\u043c\u0438 \u0434\u043b\u044f \u0432\u0430\u0448\u0435\u0433\u043e \u0433\u0435\u043d\u0435\u0442\u0438\u0447\u0435\u0441\u043a\u043e\u0433\u043e \u0437\u0434\u043e\u0440\u043e\u0432\u044c\u044f.\" \/>\n\t\t<meta name=\"twitter:creator\" content=\"@Genoks_GHTM\" \/>\n\t\t<meta name=\"twitter:image\" content=\"https:\/\/genoks.com.tr\/wp-content\/uploads\/2025\/06\/genoks.svg\" \/>\n\t\t<script type=\"application\/ld+json\" class=\"aioseo-schema\">\n\t\t\t{\"@context\":\"https:\\\/\\\/schema.org\",\"@graph\":[{\"@type\":\"BreadcrumbList\",\"@id\":\"https:\\\/\\\/genoks.com.tr\\\/ru\\\/#breadcrumblist\",\"itemListElement\":[{\"@type\":\"ListItem\",\"@id\":\"https:\\\/\\\/genoks.com.tr\\\/ru\\\/#listItem\",\"position\":1,\"name\":\"Home\",\"item\":\"https:\\\/\\\/genoks.com.tr\\\/ru\\\/\",\"nextItem\":{\"@type\":\"ListItem\",\"@id\":\"https:\\\/\\\/genoks.com.tr\\\/ru\\\/#listItem\",\"name\":\"\\u0414\\u043e\\u043c\\u0430\\u0448\\u043d\\u044f\\u044f \\u0441\\u0442\\u0440\\u0430\\u043d\\u0438\\u0446\\u0430\"}},{\"@type\":\"ListItem\",\"@id\":\"https:\\\/\\\/genoks.com.tr\\\/ru\\\/#listItem\",\"position\":2,\"name\":\"\\u0414\\u043e\\u043c\\u0430\\u0448\\u043d\\u044f\\u044f \\u0441\\u0442\\u0440\\u0430\\u043d\\u0438\\u0446\\u0430\",\"previousItem\":{\"@type\":\"ListItem\",\"@id\":\"https:\\\/\\\/genoks.com.tr\\\/ru\\\/#listItem\",\"name\":\"Home\"}}]},{\"@type\":\"Organization\",\"@id\":\"https:\\\/\\\/genoks.com.tr\\\/ru\\\/#organization\",\"name\":\"Genoks Genetics | NIPT, \\u0421\\u043a\\u0440\\u0438\\u043d\\u0438\\u043d\\u0433 \\u041d\\u043e\\u0441\\u0438\\u0442\\u0435\\u043b\\u0435\\u0439, \\u041e\\u043d\\u043a\\u043e\\u0433\\u0435\\u043d\\u0435\\u0442\\u0438\\u043a\\u0430 \\u0438 \\u0423\\u0441\\u043b\\u0443\\u0433\\u0438 WES\",\"description\":\"\\u041e\\u0441\\u0432\\u0435\\u0449\\u0430\\u0435\\u043c \\u0412\\u0430\\u0448\\u0438 \\u0413\\u0435\\u043d\\u044b!\",\"url\":\"https:\\\/\\\/genoks.com.tr\\\/ru\\\/\",\"telephone\":\"+904448732\",\"foundingDate\":\"2014-12-01\",\"numberOfEmployees\":{\"@type\":\"QuantitativeValue\",\"value\":160},\"logo\":{\"@type\":\"ImageObject\",\"url\":\"https:\\\/\\\/genoks.com.tr\\\/wp-content\\\/uploads\\\/2025\\\/06\\\/genoks.svg\",\"@id\":\"https:\\\/\\\/genoks.com.tr\\\/ru\\\/#organizationLogo\",\"caption\":\"RapidNIPT testi ile yap\\u0131lan NIPT taramas\\u0131 sayesinde gebelikte 90'dan fazla kromozomal hastal\\u0131k risksiz ve erken d\\u00f6nemde tespit edilir.\"},\"image\":{\"@id\":\"https:\\\/\\\/genoks.com.tr\\\/ru\\\/#organizationLogo\"},\"sameAs\":[\"https:\\\/\\\/www.facebook.com\\\/GenoksGHTM\",\"https:\\\/\\\/x.com\\\/Genoks_GHTM\",\"https:\\\/\\\/www.instagram.com\\\/genoks_ghtm\\\/\",\"https:\\\/\\\/www.linkedin.com\\\/in\\\/genoks\\\/\"]},{\"@type\":\"WebPage\",\"@id\":\"https:\\\/\\\/genoks.com.tr\\\/ru\\\/#webpage\",\"url\":\"https:\\\/\\\/genoks.com.tr\\\/ru\\\/\",\"name\":\"Genoks | NIPT, \\u0441\\u043a\\u0440\\u0438\\u043d\\u0438\\u043d\\u0433 \\u043d\\u043e\\u0441\\u0438\\u0442\\u0435\\u043b\\u0435\\u0439, \\u043e\\u043d\\u043a\\u043e\\u0433\\u0435\\u043d\\u0435\\u0442\\u0438\\u043a\\u0430, \\u0443\\u0441\\u043b\\u0443\\u0433\\u0438 WES\",\"description\":\"Genoks \\u043f\\u0440\\u0435\\u0434\\u043b\\u0430\\u0433\\u0430\\u0435\\u0442 \\u0438\\u043d\\u0434\\u0438\\u0432\\u0438\\u0434\\u0443\\u0430\\u043b\\u044c\\u043d\\u044b\\u0435 \\u0440\\u0435\\u0448\\u0435\\u043d\\u0438\\u044f \\u0441 \\u043f\\u043e\\u043c\\u043e\\u0449\\u044c\\u044e NIPT, WES, \\u0441\\u043a\\u0440\\u0438\\u043d\\u0438\\u043d\\u0433\\u0430 \\u043d\\u043e\\u0441\\u0438\\u0442\\u0435\\u043b\\u0435\\u0439, \\u043e\\u043d\\u043a\\u043e\\u0433\\u0435\\u043d\\u0435\\u0442\\u0438\\u043a\\u0438, CES, \\u0442\\u0435\\u0441\\u0442\\u043e\\u0432 \\u043d\\u0430 \\u0440\\u0430\\u043a \\u0438 \\u0433\\u0435\\u043d\\u0435\\u0442\\u0438\\u0447\\u0435\\u0441\\u043a\\u0438\\u0445 \\u0442\\u0435\\u0441\\u0442\\u043e\\u0432. Genoks \\u0440\\u044f\\u0434\\u043e\\u043c \\u0441 \\u0432\\u0430\\u043c\\u0438 \\u0434\\u043b\\u044f \\u0432\\u0430\\u0448\\u0435\\u0433\\u043e \\u0433\\u0435\\u043d\\u0435\\u0442\\u0438\\u0447\\u0435\\u0441\\u043a\\u043e\\u0433\\u043e \\u0437\\u0434\\u043e\\u0440\\u043e\\u0432\\u044c\\u044f.\",\"inLanguage\":\"ru-RU\",\"isPartOf\":{\"@id\":\"https:\\\/\\\/genoks.com.tr\\\/ru\\\/#website\"},\"breadcrumb\":{\"@id\":\"https:\\\/\\\/genoks.com.tr\\\/ru\\\/#breadcrumblist\"},\"datePublished\":\"2023-01-25T15:21:13+00:00\",\"dateModified\":\"2026-04-30T18:08:00+00:00\"},{\"@type\":\"WebSite\",\"@id\":\"https:\\\/\\\/genoks.com.tr\\\/ru\\\/#website\",\"url\":\"https:\\\/\\\/genoks.com.tr\\\/ru\\\/\",\"name\":\"Genoks Genetics | NIPT, \\u0421\\u043a\\u0440\\u0438\\u043d\\u0438\\u043d\\u0433 \\u041d\\u043e\\u0441\\u0438\\u0442\\u0435\\u043b\\u0435\\u0439, \\u041e\\u043d\\u043a\\u043e\\u0433\\u0435\\u043d\\u0435\\u0442\\u0438\\u043a\\u0430 \\u0438 \\u0423\\u0441\\u043b\\u0443\\u0433\\u0438 WES\",\"description\":\"\\u041e\\u0441\\u0432\\u0435\\u0449\\u0430\\u0435\\u043c \\u0412\\u0430\\u0448\\u0438 \\u0413\\u0435\\u043d\\u044b!\",\"inLanguage\":\"ru-RU\",\"publisher\":{\"@id\":\"https:\\\/\\\/genoks.com.tr\\\/ru\\\/#organization\"}}]}\n\t\t<\/script>\n\t\t<!-- All in One SEO Pro -->\r\n\t\t<title>Genoks | NIPT, \u0441\u043a\u0440\u0438\u043d\u0438\u043d\u0433 \u043d\u043e\u0441\u0438\u0442\u0435\u043b\u0435\u0439, \u043e\u043d\u043a\u043e\u0433\u0435\u043d\u0435\u0442\u0438\u043a\u0430, \u0443\u0441\u043b\u0443\u0433\u0438 WES<\/title>\n\n","aioseo_head_json":{"title":"Genoks | NIPT, \u0441\u043a\u0440\u0438\u043d\u0438\u043d\u0433 \u043d\u043e\u0441\u0438\u0442\u0435\u043b\u0435\u0439, \u043e\u043d\u043a\u043e\u0433\u0435\u043d\u0435\u0442\u0438\u043a\u0430, \u0443\u0441\u043b\u0443\u0433\u0438 WES","description":"Genoks \u043f\u0440\u0435\u0434\u043b\u0430\u0433\u0430\u0435\u0442 \u0438\u043d\u0434\u0438\u0432\u0438\u0434\u0443\u0430\u043b\u044c\u043d\u044b\u0435 \u0440\u0435\u0448\u0435\u043d\u0438\u044f \u0441 \u043f\u043e\u043c\u043e\u0449\u044c\u044e NIPT, WES, \u0441\u043a\u0440\u0438\u043d\u0438\u043d\u0433\u0430 \u043d\u043e\u0441\u0438\u0442\u0435\u043b\u0435\u0439, \u043e\u043d\u043a\u043e\u0433\u0435\u043d\u0435\u0442\u0438\u043a\u0438, CES, \u0442\u0435\u0441\u0442\u043e\u0432 \u043d\u0430 \u0440\u0430\u043a \u0438 \u0433\u0435\u043d\u0435\u0442\u0438\u0447\u0435\u0441\u043a\u0438\u0445 \u0442\u0435\u0441\u0442\u043e\u0432. Genoks \u0440\u044f\u0434\u043e\u043c \u0441 \u0432\u0430\u043c\u0438 \u0434\u043b\u044f \u0432\u0430\u0448\u0435\u0433\u043e \u0433\u0435\u043d\u0435\u0442\u0438\u0447\u0435\u0441\u043a\u043e\u0433\u043e \u0437\u0434\u043e\u0440\u043e\u0432\u044c\u044f.","canonical_url":"https:\/\/genoks.com.tr\/ru\/","robots":"max-image-preview:large","keywords":"","webmasterTools":{"miscellaneous":""},"schema":{"@context":"https:\/\/schema.org","@graph":[{"@type":"BreadcrumbList","@id":"https:\/\/genoks.com.tr\/ru\/#breadcrumblist","itemListElement":[{"@type":"ListItem","@id":"https:\/\/genoks.com.tr\/ru\/#listItem","position":1,"name":"Home","item":"https:\/\/genoks.com.tr\/ru\/","nextItem":{"@type":"ListItem","@id":"https:\/\/genoks.com.tr\/ru\/#listItem","name":"\u0414\u043e\u043c\u0430\u0448\u043d\u044f\u044f \u0441\u0442\u0440\u0430\u043d\u0438\u0446\u0430"}},{"@type":"ListItem","@id":"https:\/\/genoks.com.tr\/ru\/#listItem","position":2,"name":"\u0414\u043e\u043c\u0430\u0448\u043d\u044f\u044f \u0441\u0442\u0440\u0430\u043d\u0438\u0446\u0430","previousItem":{"@type":"ListItem","@id":"https:\/\/genoks.com.tr\/ru\/#listItem","name":"Home"}}]},{"@type":"Organization","@id":"https:\/\/genoks.com.tr\/ru\/#organization","name":"Genoks Genetics | NIPT, \u0421\u043a\u0440\u0438\u043d\u0438\u043d\u0433 \u041d\u043e\u0441\u0438\u0442\u0435\u043b\u0435\u0439, \u041e\u043d\u043a\u043e\u0433\u0435\u043d\u0435\u0442\u0438\u043a\u0430 \u0438 \u0423\u0441\u043b\u0443\u0433\u0438 WES","description":"\u041e\u0441\u0432\u0435\u0449\u0430\u0435\u043c \u0412\u0430\u0448\u0438 \u0413\u0435\u043d\u044b!","url":"https:\/\/genoks.com.tr\/ru\/","telephone":"+904448732","foundingDate":"2014-12-01","numberOfEmployees":{"@type":"QuantitativeValue","value":160},"logo":{"@type":"ImageObject","url":"https:\/\/genoks.com.tr\/wp-content\/uploads\/2025\/06\/genoks.svg","@id":"https:\/\/genoks.com.tr\/ru\/#organizationLogo","caption":"RapidNIPT testi ile yap\u0131lan NIPT taramas\u0131 sayesinde gebelikte 90'dan fazla kromozomal hastal\u0131k risksiz ve erken d\u00f6nemde tespit edilir."},"image":{"@id":"https:\/\/genoks.com.tr\/ru\/#organizationLogo"},"sameAs":["https:\/\/www.facebook.com\/GenoksGHTM","https:\/\/x.com\/Genoks_GHTM","https:\/\/www.instagram.com\/genoks_ghtm\/","https:\/\/www.linkedin.com\/in\/genoks\/"]},{"@type":"WebPage","@id":"https:\/\/genoks.com.tr\/ru\/#webpage","url":"https:\/\/genoks.com.tr\/ru\/","name":"Genoks | NIPT, \u0441\u043a\u0440\u0438\u043d\u0438\u043d\u0433 \u043d\u043e\u0441\u0438\u0442\u0435\u043b\u0435\u0439, \u043e\u043d\u043a\u043e\u0433\u0435\u043d\u0435\u0442\u0438\u043a\u0430, \u0443\u0441\u043b\u0443\u0433\u0438 WES","description":"Genoks \u043f\u0440\u0435\u0434\u043b\u0430\u0433\u0430\u0435\u0442 \u0438\u043d\u0434\u0438\u0432\u0438\u0434\u0443\u0430\u043b\u044c\u043d\u044b\u0435 \u0440\u0435\u0448\u0435\u043d\u0438\u044f \u0441 \u043f\u043e\u043c\u043e\u0449\u044c\u044e NIPT, WES, \u0441\u043a\u0440\u0438\u043d\u0438\u043d\u0433\u0430 \u043d\u043e\u0441\u0438\u0442\u0435\u043b\u0435\u0439, \u043e\u043d\u043a\u043e\u0433\u0435\u043d\u0435\u0442\u0438\u043a\u0438, CES, \u0442\u0435\u0441\u0442\u043e\u0432 \u043d\u0430 \u0440\u0430\u043a \u0438 \u0433\u0435\u043d\u0435\u0442\u0438\u0447\u0435\u0441\u043a\u0438\u0445 \u0442\u0435\u0441\u0442\u043e\u0432. Genoks \u0440\u044f\u0434\u043e\u043c \u0441 \u0432\u0430\u043c\u0438 \u0434\u043b\u044f \u0432\u0430\u0448\u0435\u0433\u043e \u0433\u0435\u043d\u0435\u0442\u0438\u0447\u0435\u0441\u043a\u043e\u0433\u043e \u0437\u0434\u043e\u0440\u043e\u0432\u044c\u044f.","inLanguage":"ru-RU","isPartOf":{"@id":"https:\/\/genoks.com.tr\/ru\/#website"},"breadcrumb":{"@id":"https:\/\/genoks.com.tr\/ru\/#breadcrumblist"},"datePublished":"2023-01-25T15:21:13+00:00","dateModified":"2026-04-30T18:08:00+00:00"},{"@type":"WebSite","@id":"https:\/\/genoks.com.tr\/ru\/#website","url":"https:\/\/genoks.com.tr\/ru\/","name":"Genoks Genetics | NIPT, \u0421\u043a\u0440\u0438\u043d\u0438\u043d\u0433 \u041d\u043e\u0441\u0438\u0442\u0435\u043b\u0435\u0439, \u041e\u043d\u043a\u043e\u0433\u0435\u043d\u0435\u0442\u0438\u043a\u0430 \u0438 \u0423\u0441\u043b\u0443\u0433\u0438 WES","description":"\u041e\u0441\u0432\u0435\u0449\u0430\u0435\u043c \u0412\u0430\u0448\u0438 \u0413\u0435\u043d\u044b!","inLanguage":"ru-RU","publisher":{"@id":"https:\/\/genoks.com.tr\/ru\/#organization"}}]},"og:locale":"ru_RU","og:site_name":"Genoks Genetics | NIPT, \u0421\u043a\u0440\u0438\u043d\u0438\u043d\u0433 \u041d\u043e\u0441\u0438\u0442\u0435\u043b\u0435\u0439, \u041e\u043d\u043a\u043e\u0433\u0435\u043d\u0435\u0442\u0438\u043a\u0430 \u0438 \u0423\u0441\u043b\u0443\u0433\u0438 WES - \u041e\u0441\u0432\u0435\u0449\u0430\u0435\u043c \u0412\u0430\u0448\u0438 \u0413\u0435\u043d\u044b!","og:type":"website","og:title":"Genoks | NIPT, \u0441\u043a\u0440\u0438\u043d\u0438\u043d\u0433 \u043d\u043e\u0441\u0438\u0442\u0435\u043b\u0435\u0439, \u043e\u043d\u043a\u043e\u0433\u0435\u043d\u0435\u0442\u0438\u043a\u0430, \u0443\u0441\u043b\u0443\u0433\u0438 WES","og:description":"Genoks \u043f\u0440\u0435\u0434\u043b\u0430\u0433\u0430\u0435\u0442 \u0438\u043d\u0434\u0438\u0432\u0438\u0434\u0443\u0430\u043b\u044c\u043d\u044b\u0435 \u0440\u0435\u0448\u0435\u043d\u0438\u044f \u0441 \u043f\u043e\u043c\u043e\u0449\u044c\u044e NIPT, WES, \u0441\u043a\u0440\u0438\u043d\u0438\u043d\u0433\u0430 \u043d\u043e\u0441\u0438\u0442\u0435\u043b\u0435\u0439, \u043e\u043d\u043a\u043e\u0433\u0435\u043d\u0435\u0442\u0438\u043a\u0438, CES, \u0442\u0435\u0441\u0442\u043e\u0432 \u043d\u0430 \u0440\u0430\u043a \u0438 \u0433\u0435\u043d\u0435\u0442\u0438\u0447\u0435\u0441\u043a\u0438\u0445 \u0442\u0435\u0441\u0442\u043e\u0432. Genoks \u0440\u044f\u0434\u043e\u043c \u0441 \u0432\u0430\u043c\u0438 \u0434\u043b\u044f \u0432\u0430\u0448\u0435\u0433\u043e \u0433\u0435\u043d\u0435\u0442\u0438\u0447\u0435\u0441\u043a\u043e\u0433\u043e \u0437\u0434\u043e\u0440\u043e\u0432\u044c\u044f.","og:url":"https:\/\/genoks.com.tr\/ru\/","og:image":"https:\/\/genoks.com.tr\/wp-content\/uploads\/2025\/06\/genoks.svg","og:image:secure_url":"https:\/\/genoks.com.tr\/wp-content\/uploads\/2025\/06\/genoks.svg","twitter:card":"summary_large_image","twitter:site":"@Genoks_GHTM","twitter:title":"Genoks | NIPT, \u0441\u043a\u0440\u0438\u043d\u0438\u043d\u0433 \u043d\u043e\u0441\u0438\u0442\u0435\u043b\u0435\u0439, \u043e\u043d\u043a\u043e\u0433\u0435\u043d\u0435\u0442\u0438\u043a\u0430, \u0443\u0441\u043b\u0443\u0433\u0438 WES","twitter:description":"Genoks \u043f\u0440\u0435\u0434\u043b\u0430\u0433\u0430\u0435\u0442 \u0438\u043d\u0434\u0438\u0432\u0438\u0434\u0443\u0430\u043b\u044c\u043d\u044b\u0435 \u0440\u0435\u0448\u0435\u043d\u0438\u044f \u0441 \u043f\u043e\u043c\u043e\u0449\u044c\u044e NIPT, WES, \u0441\u043a\u0440\u0438\u043d\u0438\u043d\u0433\u0430 \u043d\u043e\u0441\u0438\u0442\u0435\u043b\u0435\u0439, \u043e\u043d\u043a\u043e\u0433\u0435\u043d\u0435\u0442\u0438\u043a\u0438, CES, \u0442\u0435\u0441\u0442\u043e\u0432 \u043d\u0430 \u0440\u0430\u043a \u0438 \u0433\u0435\u043d\u0435\u0442\u0438\u0447\u0435\u0441\u043a\u0438\u0445 \u0442\u0435\u0441\u0442\u043e\u0432. Genoks \u0440\u044f\u0434\u043e\u043c \u0441 \u0432\u0430\u043c\u0438 \u0434\u043b\u044f \u0432\u0430\u0448\u0435\u0433\u043e \u0433\u0435\u043d\u0435\u0442\u0438\u0447\u0435\u0441\u043a\u043e\u0433\u043e \u0437\u0434\u043e\u0440\u043e\u0432\u044c\u044f.","twitter:creator":"@Genoks_GHTM","twitter:image":"https:\/\/genoks.com.tr\/wp-content\/uploads\/2025\/06\/genoks.svg"},"aioseo_meta_data":{"post_id":"1736","title":"Genoks | NIPT, \u0441\u043a\u0440\u0438\u043d\u0438\u043d\u0433 \u043d\u043e\u0441\u0438\u0442\u0435\u043b\u0435\u0439, \u043e\u043d\u043a\u043e\u0433\u0435\u043d\u0435\u0442\u0438\u043a\u0430, \u0443\u0441\u043b\u0443\u0433\u0438 WES","description":"Genoks \u043f\u0440\u0435\u0434\u043b\u0430\u0433\u0430\u0435\u0442 \u0438\u043d\u0434\u0438\u0432\u0438\u0434\u0443\u0430\u043b\u044c\u043d\u044b\u0435 \u0440\u0435\u0448\u0435\u043d\u0438\u044f \u0441 \u043f\u043e\u043c\u043e\u0449\u044c\u044e NIPT, WES, \u0441\u043a\u0440\u0438\u043d\u0438\u043d\u0433\u0430 \u043d\u043e\u0441\u0438\u0442\u0435\u043b\u0435\u0439, \u043e\u043d\u043a\u043e\u0433\u0435\u043d\u0435\u0442\u0438\u043a\u0438, CES, \u0442\u0435\u0441\u0442\u043e\u0432 \u043d\u0430 \u0440\u0430\u043a \u0438 \u0433\u0435\u043d\u0435\u0442\u0438\u0447\u0435\u0441\u043a\u0438\u0445 \u0442\u0435\u0441\u0442\u043e\u0432. Genoks \u0440\u044f\u0434\u043e\u043c \u0441 \u0432\u0430\u043c\u0438 \u0434\u043b\u044f \u0432\u0430\u0448\u0435\u0433\u043e \u0433\u0435\u043d\u0435\u0442\u0438\u0447\u0435\u0441\u043a\u043e\u0433\u043e \u0437\u0434\u043e\u0440\u043e\u0432\u044c\u044f. ","keywords":null,"keyphrases":{"focus":{"keyphrase":"NIPT","score":100,"analysis":{"keyphraseInTitle":{"score":9,"maxScore":9,"error":0},"keyphraseInDescription":{"score":9,"maxScore":9,"error":0},"keyphraseLength":{"score":9,"maxScore":9,"error":0,"length":1}}},"additional":[{"keyphrase":"WES","score":100,"analysis":{"keyphraseInDescription":{"score":9,"maxScore":9,"error":0},"keyphraseLength":{"score":9,"maxScore":9,"error":0,"length":1}}},{"keyphrase":"Ta\u015f\u0131y\u0131c\u0131","score":100,"analysis":{"keyphraseInDescription":{"score":9,"maxScore":9,"error":0},"keyphraseLength":{"score":9,"maxScore":9,"error":0,"length":3}}},{"keyphrase":"tarama","score":100,"analysis":{"keyphraseInDescription":{"score":9,"maxScore":9,"error":0},"keyphraseLength":{"score":9,"maxScore":9,"error":0,"length":1}}},{"keyphrase":"kanser","score":100,"analysis":{"keyphraseInDescription":{"score":9,"maxScore":9,"error":0},"keyphraseLength":{"score":9,"maxScore":9,"error":0,"length":1}}},{"keyphrase":"genetik","score":100,"analysis":{"keyphraseInDescription":{"score":9,"maxScore":9,"error":0},"keyphraseLength":{"score":9,"maxScore":9,"error":0,"length":1}}},{"keyphrase":"Onkogenetik","score":100,"analysis":{"keyphraseInDescription":{"score":9,"maxScore":9,"error":0},"keyphraseLength":{"score":9,"maxScore":9,"error":0,"length":1}}},{"keyphrase":"CES","score":100,"analysis":{"keyphraseInDescription":{"score":9,"maxScore":9,"error":0},"keyphraseLength":{"score":9,"maxScore":9,"error":0,"length":1}}},{"keyphrase":"nipt test","score":67,"analysis":{"keyphraseInDescription":{"score":3,"maxScore":9,"error":1},"keyphraseLength":{"score":9,"maxScore":9,"error":0,"length":2}}},{"keyphrase":"nipt testi yapt\u0131ran kad\u0131nlar kul\u00fcb\u00fc","score":50,"analysis":{"keyphraseInDescription":{"score":3,"maxScore":9,"error":1},"keyphraseLength":{"score":6,"maxScore":9,"error":1,"length":8}}},{"keyphrase":"nipt testi ne zaman yap\u0131l\u0131r","score":50,"analysis":{"keyphraseInDescription":{"score":3,"maxScore":9,"error":1},"keyphraseLength":{"score":6,"maxScore":9,"error":1,"length":7}}}]},"primary_term":null,"canonical_url":null,"og_title":null,"og_description":null,"og_object_type":"website","og_image_type":"default","og_image_url":null,"og_image_width":null,"og_image_height":null,"og_image_custom_url":null,"og_image_custom_fields":null,"og_video":"","og_custom_url":null,"og_article_section":null,"og_article_tags":null,"twitter_use_og":false,"twitter_card":"default","twitter_image_type":"default","twitter_image_url":null,"twitter_image_custom_url":null,"twitter_image_custom_fields":null,"twitter_title":null,"twitter_description":null,"schema":{"blockGraphs":[],"customGraphs":[],"default":{"data":{"Article":[],"Course":[],"Dataset":[],"FAQPage":[],"Movie":[],"Person":[],"Product":[],"ProductReview":[],"Car":[],"Recipe":[],"Service":[],"SoftwareApplication":[],"WebPage":[]},"graphName":"WebPage","isEnabled":true},"graphs":[]},"schema_type":"default","schema_type_options":null,"pillar_content":false,"robots_default":true,"robots_noindex":false,"robots_noarchive":false,"robots_nosnippet":false,"robots_nofollow":false,"robots_noimageindex":false,"robots_noodp":false,"robots_notranslate":false,"robots_max_snippet":"-1","robots_max_videopreview":"-1","robots_max_imagepreview":"large","priority":null,"frequency":"default","local_seo":null,"seo_analyzer_scan_date":"2026-04-30 18:59:42","breadcrumb_settings":null,"limit_modified_date":false,"reviewed_by":"0","open_ai":null,"ai":{"faqs":[],"keyPoints":[],"titles":[],"descriptions":[],"socialPosts":{"email":[],"linkedin":[],"twitter":[],"facebook":[],"instagram":[]}},"created":"2025-12-13 15:48:43","updated":"2026-04-30 20:17:30"},"aioseo_breadcrumb":"<div class=\"aioseo-breadcrumbs\"><span class=\"aioseo-breadcrumb\">\n\t<a href=\"https:\/\/genoks.com.tr\/ru\/\" title=\"Home\">Home<\/a>\n<\/span><span class=\"aioseo-breadcrumb-separator\">&raquo;<\/span><span class=\"aioseo-breadcrumb\">\n\t\u0414\u043e\u043c\u0430\u0448\u043d\u044f\u044f \u0441\u0442\u0440\u0430\u043d\u0438\u0446\u0430\n<\/span><\/div>","aioseo_breadcrumb_json":[{"label":"Home","link":"https:\/\/genoks.com.tr\/ru\/"},{"label":"\u0414\u043e\u043c\u0430\u0448\u043d\u044f\u044f \u0441\u0442\u0440\u0430\u043d\u0438\u0446\u0430","link":"https:\/\/genoks.com.tr\/ru\/"}],"_links":{"self":[{"href":"https:\/\/genoks.com.tr\/ru\/wp-json\/wp\/v2\/pages\/1736","targetHints":{"allow":["GET"]}}],"collection":[{"href":"https:\/\/genoks.com.tr\/ru\/wp-json\/wp\/v2\/pages"}],"about":[{"href":"https:\/\/genoks.com.tr\/ru\/wp-json\/wp\/v2\/types\/page"}],"author":[{"embeddable":true,"href":"https:\/\/genoks.com.tr\/ru\/wp-json\/wp\/v2\/users\/1"}],"replies":[{"embeddable":true,"href":"https:\/\/genoks.com.tr\/ru\/wp-json\/wp\/v2\/comments?post=1736"}],"version-history":[{"count":1,"href":"https:\/\/genoks.com.tr\/ru\/wp-json\/wp\/v2\/pages\/1736\/revisions"}],"predecessor-version":[{"id":2387,"href":"https:\/\/genoks.com.tr\/ru\/wp-json\/wp\/v2\/pages\/1736\/revisions\/2387"}],"wp:attachment":[{"href":"https:\/\/genoks.com.tr\/ru\/wp-json\/wp\/v2\/media?parent=1736"}],"curies":[{"name":"wp","href":"https:\/\/api.w.org\/{rel}","templated":true}]}}