{"id":1864,"date":"2025-10-08T09:15:12","date_gmt":"2025-10-08T09:15:12","guid":{"rendered":"https:\/\/genoks.com.tr\/%d0%be-%d0%bd%d0%b0%d1%81-2\/"},"modified":"2026-04-30T18:10:32","modified_gmt":"2026-04-30T18:10:32","slug":"%d0%be-%d0%bd%d0%b0%d1%81-2","status":"publish","type":"page","link":"https:\/\/genoks.com.tr\/ru\/%d0%be-%d0%bd%d0%b0%d1%81-2\/","title":{"rendered":"\u041e \u043d\u0430\u0441"},"content":{"rendered":"","protected":false},"excerpt":{"rendered":"","protected":false},"author":1,"featured_media":0,"parent":0,"menu_order":0,"comment_status":"closed","ping_status":"closed","template":"","meta":{"footnotes":""},"class_list":["post-1864","page","type-page","status-publish","hentry"],"aioseo_notices":[],"aioseo_head":"\n\t\t<!-- All in One SEO Pro 4.9.5.2 - aioseo.com -->\n\t<meta name=\"robots\" content=\"max-image-preview:large\" \/>\n\t<link rel=\"canonical\" href=\"https:\/\/genoks.com.tr\/ru\/%d0%be-%d0%bd%d0%b0%d1%81-2\/\" \/>\n\t<meta name=\"generator\" content=\"All in One SEO Pro (AIOSEO) 4.9.5.2\" \/>\n\t\t<meta property=\"og:locale\" content=\"ru_RU\" \/>\n\t\t<meta property=\"og:site_name\" content=\"Genoks Genetics | NIPT, \u0421\u043a\u0440\u0438\u043d\u0438\u043d\u0433 \u041d\u043e\u0441\u0438\u0442\u0435\u043b\u0435\u0439, \u041e\u043d\u043a\u043e\u0433\u0435\u043d\u0435\u0442\u0438\u043a\u0430 \u0438 \u0423\u0441\u043b\u0443\u0433\u0438 WES - \u041e\u0441\u0432\u0435\u0449\u0430\u0435\u043c \u0412\u0430\u0448\u0438 \u0413\u0435\u043d\u044b!\" \/>\n\t\t<meta property=\"og:type\" content=\"article\" \/>\n\t\t<meta property=\"og:title\" content=\"\u041e \u043d\u0430\u0441 - Genoks Genetics | NIPT, \u0421\u043a\u0440\u0438\u043d\u0438\u043d\u0433 \u041d\u043e\u0441\u0438\u0442\u0435\u043b\u0435\u0439, \u041e\u043d\u043a\u043e\u0433\u0435\u043d\u0435\u0442\u0438\u043a\u0430 \u0438 \u0423\u0441\u043b\u0443\u0433\u0438 WES\" \/>\n\t\t<meta property=\"og:url\" content=\"https:\/\/genoks.com.tr\/ru\/%d0%be-%d0%bd%d0%b0%d1%81-2\/\" \/>\n\t\t<meta property=\"og:image\" content=\"https:\/\/genoks.com.tr\/wp-content\/uploads\/2025\/06\/genoks.svg\" \/>\n\t\t<meta property=\"og:image:secure_url\" content=\"https:\/\/genoks.com.tr\/wp-content\/uploads\/2025\/06\/genoks.svg\" \/>\n\t\t<meta property=\"article:published_time\" content=\"2025-10-08T09:15:12+00:00\" \/>\n\t\t<meta property=\"article:modified_time\" content=\"2026-04-30T18:10:32+00:00\" \/>\n\t\t<meta property=\"article:publisher\" content=\"https:\/\/www.facebook.com\/GenoksGHTM\" \/>\n\t\t<meta name=\"twitter:card\" content=\"summary_large_image\" \/>\n\t\t<meta name=\"twitter:site\" content=\"@Genoks_GHTM\" \/>\n\t\t<meta name=\"twitter:title\" content=\"\u041e \u043d\u0430\u0441 - Genoks Genetics | NIPT, \u0421\u043a\u0440\u0438\u043d\u0438\u043d\u0433 \u041d\u043e\u0441\u0438\u0442\u0435\u043b\u0435\u0439, \u041e\u043d\u043a\u043e\u0433\u0435\u043d\u0435\u0442\u0438\u043a\u0430 \u0438 \u0423\u0441\u043b\u0443\u0433\u0438 WES\" \/>\n\t\t<meta name=\"twitter:creator\" content=\"@Genoks_GHTM\" \/>\n\t\t<meta name=\"twitter:image\" content=\"https:\/\/genoks.com.tr\/wp-content\/uploads\/2025\/06\/genoks.svg\" \/>\n\t\t<script type=\"application\/ld+json\" class=\"aioseo-schema\">\n\t\t\t{\"@context\":\"https:\\\/\\\/schema.org\",\"@graph\":[{\"@type\":\"BreadcrumbList\",\"@id\":\"https:\\\/\\\/genoks.com.tr\\\/ru\\\/%d0%be-%d0%bd%d0%b0%d1%81-2\\\/#breadcrumblist\",\"itemListElement\":[{\"@type\":\"ListItem\",\"@id\":\"https:\\\/\\\/genoks.com.tr\\\/ru\\\/#listItem\",\"position\":1,\"name\":\"Home\",\"item\":\"https:\\\/\\\/genoks.com.tr\\\/ru\\\/\",\"nextItem\":{\"@type\":\"ListItem\",\"@id\":\"https:\\\/\\\/genoks.com.tr\\\/ru\\\/%d0%be-%d0%bd%d0%b0%d1%81-2\\\/#listItem\",\"name\":\"\\u041e \\u043d\\u0430\\u0441\"}},{\"@type\":\"ListItem\",\"@id\":\"https:\\\/\\\/genoks.com.tr\\\/ru\\\/%d0%be-%d0%bd%d0%b0%d1%81-2\\\/#listItem\",\"position\":2,\"name\":\"\\u041e \\u043d\\u0430\\u0441\",\"previousItem\":{\"@type\":\"ListItem\",\"@id\":\"https:\\\/\\\/genoks.com.tr\\\/ru\\\/#listItem\",\"name\":\"Home\"}}]},{\"@type\":\"Organization\",\"@id\":\"https:\\\/\\\/genoks.com.tr\\\/ru\\\/#organization\",\"name\":\"Genoks Genetics | NIPT, \\u0421\\u043a\\u0440\\u0438\\u043d\\u0438\\u043d\\u0433 \\u041d\\u043e\\u0441\\u0438\\u0442\\u0435\\u043b\\u0435\\u0439, \\u041e\\u043d\\u043a\\u043e\\u0433\\u0435\\u043d\\u0435\\u0442\\u0438\\u043a\\u0430 \\u0438 \\u0423\\u0441\\u043b\\u0443\\u0433\\u0438 WES\",\"description\":\"\\u041e\\u0441\\u0432\\u0435\\u0449\\u0430\\u0435\\u043c \\u0412\\u0430\\u0448\\u0438 \\u0413\\u0435\\u043d\\u044b!\",\"url\":\"https:\\\/\\\/genoks.com.tr\\\/ru\\\/\",\"telephone\":\"+904448732\",\"foundingDate\":\"2014-12-01\",\"numberOfEmployees\":{\"@type\":\"QuantitativeValue\",\"value\":160},\"logo\":{\"@type\":\"ImageObject\",\"url\":\"https:\\\/\\\/genoks.com.tr\\\/wp-content\\\/uploads\\\/2025\\\/06\\\/genoks.svg\",\"@id\":\"https:\\\/\\\/genoks.com.tr\\\/ru\\\/%d0%be-%d0%bd%d0%b0%d1%81-2\\\/#organizationLogo\",\"caption\":\"RapidNIPT testi ile yap\\u0131lan NIPT taramas\\u0131 sayesinde gebelikte 90'dan fazla kromozomal hastal\\u0131k risksiz ve erken d\\u00f6nemde tespit edilir.\"},\"image\":{\"@id\":\"https:\\\/\\\/genoks.com.tr\\\/ru\\\/%d0%be-%d0%bd%d0%b0%d1%81-2\\\/#organizationLogo\"},\"sameAs\":[\"https:\\\/\\\/www.facebook.com\\\/GenoksGHTM\",\"https:\\\/\\\/x.com\\\/Genoks_GHTM\",\"https:\\\/\\\/www.instagram.com\\\/genoks_ghtm\\\/\",\"https:\\\/\\\/www.linkedin.com\\\/in\\\/genoks\\\/\"]},{\"@type\":\"WebPage\",\"@id\":\"https:\\\/\\\/genoks.com.tr\\\/ru\\\/%d0%be-%d0%bd%d0%b0%d1%81-2\\\/#webpage\",\"url\":\"https:\\\/\\\/genoks.com.tr\\\/ru\\\/%d0%be-%d0%bd%d0%b0%d1%81-2\\\/\",\"name\":\"\\u041e \\u043d\\u0430\\u0441 - Genoks Genetics | NIPT, \\u0421\\u043a\\u0440\\u0438\\u043d\\u0438\\u043d\\u0433 \\u041d\\u043e\\u0441\\u0438\\u0442\\u0435\\u043b\\u0435\\u0439, \\u041e\\u043d\\u043a\\u043e\\u0433\\u0435\\u043d\\u0435\\u0442\\u0438\\u043a\\u0430 \\u0438 \\u0423\\u0441\\u043b\\u0443\\u0433\\u0438 WES\",\"inLanguage\":\"ru-RU\",\"isPartOf\":{\"@id\":\"https:\\\/\\\/genoks.com.tr\\\/ru\\\/#website\"},\"breadcrumb\":{\"@id\":\"https:\\\/\\\/genoks.com.tr\\\/ru\\\/%d0%be-%d0%bd%d0%b0%d1%81-2\\\/#breadcrumblist\"},\"datePublished\":\"2025-10-08T09:15:12+00:00\",\"dateModified\":\"2026-04-30T18:10:32+00:00\"},{\"@type\":\"WebSite\",\"@id\":\"https:\\\/\\\/genoks.com.tr\\\/ru\\\/#website\",\"url\":\"https:\\\/\\\/genoks.com.tr\\\/ru\\\/\",\"name\":\"Genoks Genetics | NIPT, \\u0421\\u043a\\u0440\\u0438\\u043d\\u0438\\u043d\\u0433 \\u041d\\u043e\\u0441\\u0438\\u0442\\u0435\\u043b\\u0435\\u0439, \\u041e\\u043d\\u043a\\u043e\\u0433\\u0435\\u043d\\u0435\\u0442\\u0438\\u043a\\u0430 \\u0438 \\u0423\\u0441\\u043b\\u0443\\u0433\\u0438 WES\",\"description\":\"\\u041e\\u0441\\u0432\\u0435\\u0449\\u0430\\u0435\\u043c \\u0412\\u0430\\u0448\\u0438 \\u0413\\u0435\\u043d\\u044b!\",\"inLanguage\":\"ru-RU\",\"publisher\":{\"@id\":\"https:\\\/\\\/genoks.com.tr\\\/ru\\\/#organization\"}}]}\n\t\t<\/script>\n\t\t<!-- All in One SEO Pro -->\r\n\t\t<title>\u041e \u043d\u0430\u0441 - Genoks Genetics | NIPT, \u0421\u043a\u0440\u0438\u043d\u0438\u043d\u0433 \u041d\u043e\u0441\u0438\u0442\u0435\u043b\u0435\u0439, \u041e\u043d\u043a\u043e\u0433\u0435\u043d\u0435\u0442\u0438\u043a\u0430 \u0438 \u0423\u0441\u043b\u0443\u0433\u0438 WES<\/title>\n\n","aioseo_head_json":{"title":"\u041e \u043d\u0430\u0441 - Genoks Genetics | NIPT, \u0421\u043a\u0440\u0438\u043d\u0438\u043d\u0433 \u041d\u043e\u0441\u0438\u0442\u0435\u043b\u0435\u0439, \u041e\u043d\u043a\u043e\u0433\u0435\u043d\u0435\u0442\u0438\u043a\u0430 \u0438 \u0423\u0441\u043b\u0443\u0433\u0438 WES","description":"","canonical_url":"https:\/\/genoks.com.tr\/ru\/%d0%be-%d0%bd%d0%b0%d1%81-2\/","robots":"max-image-preview:large","keywords":"","webmasterTools":{"miscellaneous":""},"schema":{"@context":"https:\/\/schema.org","@graph":[{"@type":"BreadcrumbList","@id":"https:\/\/genoks.com.tr\/ru\/%d0%be-%d0%bd%d0%b0%d1%81-2\/#breadcrumblist","itemListElement":[{"@type":"ListItem","@id":"https:\/\/genoks.com.tr\/ru\/#listItem","position":1,"name":"Home","item":"https:\/\/genoks.com.tr\/ru\/","nextItem":{"@type":"ListItem","@id":"https:\/\/genoks.com.tr\/ru\/%d0%be-%d0%bd%d0%b0%d1%81-2\/#listItem","name":"\u041e \u043d\u0430\u0441"}},{"@type":"ListItem","@id":"https:\/\/genoks.com.tr\/ru\/%d0%be-%d0%bd%d0%b0%d1%81-2\/#listItem","position":2,"name":"\u041e \u043d\u0430\u0441","previousItem":{"@type":"ListItem","@id":"https:\/\/genoks.com.tr\/ru\/#listItem","name":"Home"}}]},{"@type":"Organization","@id":"https:\/\/genoks.com.tr\/ru\/#organization","name":"Genoks Genetics | NIPT, \u0421\u043a\u0440\u0438\u043d\u0438\u043d\u0433 \u041d\u043e\u0441\u0438\u0442\u0435\u043b\u0435\u0439, \u041e\u043d\u043a\u043e\u0433\u0435\u043d\u0435\u0442\u0438\u043a\u0430 \u0438 \u0423\u0441\u043b\u0443\u0433\u0438 WES","description":"\u041e\u0441\u0432\u0435\u0449\u0430\u0435\u043c \u0412\u0430\u0448\u0438 \u0413\u0435\u043d\u044b!","url":"https:\/\/genoks.com.tr\/ru\/","telephone":"+904448732","foundingDate":"2014-12-01","numberOfEmployees":{"@type":"QuantitativeValue","value":160},"logo":{"@type":"ImageObject","url":"https:\/\/genoks.com.tr\/wp-content\/uploads\/2025\/06\/genoks.svg","@id":"https:\/\/genoks.com.tr\/ru\/%d0%be-%d0%bd%d0%b0%d1%81-2\/#organizationLogo","caption":"RapidNIPT testi ile yap\u0131lan NIPT taramas\u0131 sayesinde gebelikte 90'dan fazla kromozomal hastal\u0131k risksiz ve erken d\u00f6nemde tespit edilir."},"image":{"@id":"https:\/\/genoks.com.tr\/ru\/%d0%be-%d0%bd%d0%b0%d1%81-2\/#organizationLogo"},"sameAs":["https:\/\/www.facebook.com\/GenoksGHTM","https:\/\/x.com\/Genoks_GHTM","https:\/\/www.instagram.com\/genoks_ghtm\/","https:\/\/www.linkedin.com\/in\/genoks\/"]},{"@type":"WebPage","@id":"https:\/\/genoks.com.tr\/ru\/%d0%be-%d0%bd%d0%b0%d1%81-2\/#webpage","url":"https:\/\/genoks.com.tr\/ru\/%d0%be-%d0%bd%d0%b0%d1%81-2\/","name":"\u041e \u043d\u0430\u0441 - Genoks Genetics | NIPT, \u0421\u043a\u0440\u0438\u043d\u0438\u043d\u0433 \u041d\u043e\u0441\u0438\u0442\u0435\u043b\u0435\u0439, \u041e\u043d\u043a\u043e\u0433\u0435\u043d\u0435\u0442\u0438\u043a\u0430 \u0438 \u0423\u0441\u043b\u0443\u0433\u0438 WES","inLanguage":"ru-RU","isPartOf":{"@id":"https:\/\/genoks.com.tr\/ru\/#website"},"breadcrumb":{"@id":"https:\/\/genoks.com.tr\/ru\/%d0%be-%d0%bd%d0%b0%d1%81-2\/#breadcrumblist"},"datePublished":"2025-10-08T09:15:12+00:00","dateModified":"2026-04-30T18:10:32+00:00"},{"@type":"WebSite","@id":"https:\/\/genoks.com.tr\/ru\/#website","url":"https:\/\/genoks.com.tr\/ru\/","name":"Genoks Genetics | NIPT, \u0421\u043a\u0440\u0438\u043d\u0438\u043d\u0433 \u041d\u043e\u0441\u0438\u0442\u0435\u043b\u0435\u0439, \u041e\u043d\u043a\u043e\u0433\u0435\u043d\u0435\u0442\u0438\u043a\u0430 \u0438 \u0423\u0441\u043b\u0443\u0433\u0438 WES","description":"\u041e\u0441\u0432\u0435\u0449\u0430\u0435\u043c \u0412\u0430\u0448\u0438 \u0413\u0435\u043d\u044b!","inLanguage":"ru-RU","publisher":{"@id":"https:\/\/genoks.com.tr\/ru\/#organization"}}]},"og:locale":"ru_RU","og:site_name":"Genoks Genetics | NIPT, \u0421\u043a\u0440\u0438\u043d\u0438\u043d\u0433 \u041d\u043e\u0441\u0438\u0442\u0435\u043b\u0435\u0439, \u041e\u043d\u043a\u043e\u0433\u0435\u043d\u0435\u0442\u0438\u043a\u0430 \u0438 \u0423\u0441\u043b\u0443\u0433\u0438 WES - \u041e\u0441\u0432\u0435\u0449\u0430\u0435\u043c \u0412\u0430\u0448\u0438 \u0413\u0435\u043d\u044b!","og:type":"article","og:title":"\u041e \u043d\u0430\u0441 - Genoks Genetics | NIPT, \u0421\u043a\u0440\u0438\u043d\u0438\u043d\u0433 \u041d\u043e\u0441\u0438\u0442\u0435\u043b\u0435\u0439, \u041e\u043d\u043a\u043e\u0433\u0435\u043d\u0435\u0442\u0438\u043a\u0430 \u0438 \u0423\u0441\u043b\u0443\u0433\u0438 WES","og:url":"https:\/\/genoks.com.tr\/ru\/%d0%be-%d0%bd%d0%b0%d1%81-2\/","og:image":"https:\/\/genoks.com.tr\/wp-content\/uploads\/2025\/06\/genoks.svg","og:image:secure_url":"https:\/\/genoks.com.tr\/wp-content\/uploads\/2025\/06\/genoks.svg","article:published_time":"2025-10-08T09:15:12+00:00","article:modified_time":"2026-04-30T18:10:32+00:00","article:publisher":"https:\/\/www.facebook.com\/GenoksGHTM","twitter:card":"summary_large_image","twitter:site":"@Genoks_GHTM","twitter:title":"\u041e \u043d\u0430\u0441 - Genoks Genetics | NIPT, \u0421\u043a\u0440\u0438\u043d\u0438\u043d\u0433 \u041d\u043e\u0441\u0438\u0442\u0435\u043b\u0435\u0439, \u041e\u043d\u043a\u043e\u0433\u0435\u043d\u0435\u0442\u0438\u043a\u0430 \u0438 \u0423\u0441\u043b\u0443\u0433\u0438 WES","twitter:creator":"@Genoks_GHTM","twitter:image":"https:\/\/genoks.com.tr\/wp-content\/uploads\/2025\/06\/genoks.svg"},"aioseo_meta_data":{"post_id":"1864","title":null,"description":null,"keywords":null,"keyphrases":{"focus":{"keyphrase":"","score":0,"analysis":{"keyphraseInTitle":{"score":0,"maxScore":9,"error":1}}},"additional":[]},"primary_term":null,"canonical_url":null,"og_title":null,"og_description":null,"og_object_type":"default","og_image_type":"default","og_image_url":null,"og_image_width":null,"og_image_height":null,"og_image_custom_url":null,"og_image_custom_fields":null,"og_video":"","og_custom_url":null,"og_article_section":null,"og_article_tags":null,"twitter_use_og":false,"twitter_card":"default","twitter_image_type":"default","twitter_image_url":null,"twitter_image_custom_url":null,"twitter_image_custom_fields":null,"twitter_title":null,"twitter_description":null,"schema":{"blockGraphs":[],"customGraphs":[],"default":{"data":{"Article":[],"Course":[],"Dataset":[],"FAQPage":[],"Movie":[],"Person":[],"Product":[],"ProductReview":[],"Car":[],"Recipe":[],"Service":[],"SoftwareApplication":[],"WebPage":[]},"graphName":"WebPage","isEnabled":true},"graphs":[]},"schema_type":"default","schema_type_options":null,"pillar_content":false,"robots_default":true,"robots_noindex":false,"robots_noarchive":false,"robots_nosnippet":false,"robots_nofollow":false,"robots_noimageindex":false,"robots_noodp":false,"robots_notranslate":false,"robots_max_snippet":"-1","robots_max_videopreview":"-1","robots_max_imagepreview":"large","priority":null,"frequency":"default","local_seo":null,"seo_analyzer_scan_date":"2026-04-30 19:08:57","breadcrumb_settings":null,"limit_modified_date":false,"reviewed_by":"0","open_ai":null,"ai":{"faqs":[],"keyPoints":[],"titles":[],"descriptions":[],"socialPosts":{"email":[],"linkedin":[],"twitter":[],"facebook":[],"instagram":[]}},"created":"2025-12-13 15:53:09","updated":"2026-04-30 20:18:57"},"aioseo_breadcrumb":"<div class=\"aioseo-breadcrumbs\"><span class=\"aioseo-breadcrumb\">\n\t<a href=\"https:\/\/genoks.com.tr\/ru\/\" title=\"Home\">Home<\/a>\n<\/span><span class=\"aioseo-breadcrumb-separator\">&raquo;<\/span><span class=\"aioseo-breadcrumb\">\n\t\u041e \u043d\u0430\u0441\n<\/span><\/div>","aioseo_breadcrumb_json":[{"label":"Home","link":"https:\/\/genoks.com.tr\/ru\/"},{"label":"\u041e \u043d\u0430\u0441","link":"https:\/\/genoks.com.tr\/ru\/%d0%be-%d0%bd%d0%b0%d1%81-2\/"}],"_links":{"self":[{"href":"https:\/\/genoks.com.tr\/ru\/wp-json\/wp\/v2\/pages\/1864","targetHints":{"allow":["GET"]}}],"collection":[{"href":"https:\/\/genoks.com.tr\/ru\/wp-json\/wp\/v2\/pages"}],"about":[{"href":"https:\/\/genoks.com.tr\/ru\/wp-json\/wp\/v2\/types\/page"}],"author":[{"embeddable":true,"href":"https:\/\/genoks.com.tr\/ru\/wp-json\/wp\/v2\/users\/1"}],"replies":[{"embeddable":true,"href":"https:\/\/genoks.com.tr\/ru\/wp-json\/wp\/v2\/comments?post=1864"}],"version-history":[{"count":1,"href":"https:\/\/genoks.com.tr\/ru\/wp-json\/wp\/v2\/pages\/1864\/revisions"}],"predecessor-version":[{"id":2548,"href":"https:\/\/genoks.com.tr\/ru\/wp-json\/wp\/v2\/pages\/1864\/revisions\/2548"}],"wp:attachment":[{"href":"https:\/\/genoks.com.tr\/ru\/wp-json\/wp\/v2\/media?parent=1864"}],"curies":[{"name":"wp","href":"https:\/\/api.w.org\/{rel}","templated":true}]}}