{"id":2886,"date":"2026-04-30T20:12:38","date_gmt":"2026-04-30T20:12:38","guid":{"rendered":"https:\/\/genoks.com.tr\/privacy-policy-ru\/"},"modified":"2026-04-30T20:12:38","modified_gmt":"2026-04-30T20:12:38","slug":"privacy-policy-ru","status":"publish","type":"page","link":"https:\/\/genoks.com.tr\/ru\/privacy-policy-ru\/","title":{"rendered":"\u041f\u043e\u043b\u0438\u0442\u0438\u043a\u0430 \u043a\u043e\u043d\u0444\u0438\u0434\u0435\u043d\u0446\u0438\u0430\u043b\u044c\u043d\u043e\u0441\u0442\u0438"},"content":{"rendered":"","protected":false},"excerpt":{"rendered":"","protected":false},"author":1,"featured_media":0,"parent":0,"menu_order":0,"comment_status":"closed","ping_status":"closed","template":"","meta":{"footnotes":""},"class_list":["post-2886","page","type-page","status-publish","hentry"],"aioseo_notices":[],"aioseo_head":"\n\t\t<!-- All in One SEO Pro 4.9.5.2 - aioseo.com -->\n\t<meta name=\"robots\" content=\"max-image-preview:large\" \/>\n\t<link rel=\"canonical\" href=\"https:\/\/genoks.com.tr\/ru\/privacy-policy-ru\/\" \/>\n\t<meta name=\"generator\" content=\"All in One SEO Pro (AIOSEO) 4.9.5.2\" \/>\n\t\t<meta property=\"og:locale\" content=\"ru_RU\" \/>\n\t\t<meta property=\"og:site_name\" content=\"Genoks Genetics | NIPT, \u0421\u043a\u0440\u0438\u043d\u0438\u043d\u0433 \u041d\u043e\u0441\u0438\u0442\u0435\u043b\u0435\u0439, \u041e\u043d\u043a\u043e\u0433\u0435\u043d\u0435\u0442\u0438\u043a\u0430 \u0438 \u0423\u0441\u043b\u0443\u0433\u0438 WES - \u041e\u0441\u0432\u0435\u0449\u0430\u0435\u043c \u0412\u0430\u0448\u0438 \u0413\u0435\u043d\u044b!\" \/>\n\t\t<meta property=\"og:type\" content=\"article\" \/>\n\t\t<meta property=\"og:title\" content=\"\u041f\u043e\u043b\u0438\u0442\u0438\u043a\u0430 \u043a\u043e\u043d\u0444\u0438\u0434\u0435\u043d\u0446\u0438\u0430\u043b\u044c\u043d\u043e\u0441\u0442\u0438 - Genoks Genetics | NIPT, \u0421\u043a\u0440\u0438\u043d\u0438\u043d\u0433 \u041d\u043e\u0441\u0438\u0442\u0435\u043b\u0435\u0439, \u041e\u043d\u043a\u043e\u0433\u0435\u043d\u0435\u0442\u0438\u043a\u0430 \u0438 \u0423\u0441\u043b\u0443\u0433\u0438 WES\" \/>\n\t\t<meta property=\"og:url\" content=\"https:\/\/genoks.com.tr\/ru\/privacy-policy-ru\/\" \/>\n\t\t<meta property=\"og:image\" content=\"https:\/\/genoks.com.tr\/wp-content\/uploads\/2025\/06\/genoks.svg\" \/>\n\t\t<meta property=\"og:image:secure_url\" content=\"https:\/\/genoks.com.tr\/wp-content\/uploads\/2025\/06\/genoks.svg\" \/>\n\t\t<meta property=\"article:published_time\" content=\"2026-04-30T20:12:38+00:00\" \/>\n\t\t<meta property=\"article:modified_time\" content=\"2026-04-30T20:12:38+00:00\" \/>\n\t\t<meta property=\"article:publisher\" content=\"https:\/\/www.facebook.com\/GenoksGHTM\" \/>\n\t\t<meta name=\"twitter:card\" content=\"summary_large_image\" \/>\n\t\t<meta name=\"twitter:site\" content=\"@Genoks_GHTM\" \/>\n\t\t<meta name=\"twitter:title\" content=\"\u041f\u043e\u043b\u0438\u0442\u0438\u043a\u0430 \u043a\u043e\u043d\u0444\u0438\u0434\u0435\u043d\u0446\u0438\u0430\u043b\u044c\u043d\u043e\u0441\u0442\u0438 - Genoks Genetics | NIPT, \u0421\u043a\u0440\u0438\u043d\u0438\u043d\u0433 \u041d\u043e\u0441\u0438\u0442\u0435\u043b\u0435\u0439, \u041e\u043d\u043a\u043e\u0433\u0435\u043d\u0435\u0442\u0438\u043a\u0430 \u0438 \u0423\u0441\u043b\u0443\u0433\u0438 WES\" \/>\n\t\t<meta name=\"twitter:creator\" content=\"@Genoks_GHTM\" \/>\n\t\t<meta name=\"twitter:image\" content=\"https:\/\/genoks.com.tr\/wp-content\/uploads\/2025\/06\/genoks.svg\" \/>\n\t\t<script type=\"application\/ld+json\" class=\"aioseo-schema\">\n\t\t\t{\"@context\":\"https:\\\/\\\/schema.org\",\"@graph\":[{\"@type\":\"BreadcrumbList\",\"@id\":\"https:\\\/\\\/genoks.com.tr\\\/ru\\\/privacy-policy-ru\\\/#breadcrumblist\",\"itemListElement\":[{\"@type\":\"ListItem\",\"@id\":\"https:\\\/\\\/genoks.com.tr\\\/ru\\\/#listItem\",\"position\":1,\"name\":\"Home\",\"item\":\"https:\\\/\\\/genoks.com.tr\\\/ru\\\/\",\"nextItem\":{\"@type\":\"ListItem\",\"@id\":\"https:\\\/\\\/genoks.com.tr\\\/ru\\\/privacy-policy-ru\\\/#listItem\",\"name\":\"\\u041f\\u043e\\u043b\\u0438\\u0442\\u0438\\u043a\\u0430 \\u043a\\u043e\\u043d\\u0444\\u0438\\u0434\\u0435\\u043d\\u0446\\u0438\\u0430\\u043b\\u044c\\u043d\\u043e\\u0441\\u0442\\u0438\"}},{\"@type\":\"ListItem\",\"@id\":\"https:\\\/\\\/genoks.com.tr\\\/ru\\\/privacy-policy-ru\\\/#listItem\",\"position\":2,\"name\":\"\\u041f\\u043e\\u043b\\u0438\\u0442\\u0438\\u043a\\u0430 \\u043a\\u043e\\u043d\\u0444\\u0438\\u0434\\u0435\\u043d\\u0446\\u0438\\u0430\\u043b\\u044c\\u043d\\u043e\\u0441\\u0442\\u0438\",\"previousItem\":{\"@type\":\"ListItem\",\"@id\":\"https:\\\/\\\/genoks.com.tr\\\/ru\\\/#listItem\",\"name\":\"Home\"}}]},{\"@type\":\"Organization\",\"@id\":\"https:\\\/\\\/genoks.com.tr\\\/ru\\\/#organization\",\"name\":\"Genoks Genetics | NIPT, \\u0421\\u043a\\u0440\\u0438\\u043d\\u0438\\u043d\\u0433 \\u041d\\u043e\\u0441\\u0438\\u0442\\u0435\\u043b\\u0435\\u0439, \\u041e\\u043d\\u043a\\u043e\\u0433\\u0435\\u043d\\u0435\\u0442\\u0438\\u043a\\u0430 \\u0438 \\u0423\\u0441\\u043b\\u0443\\u0433\\u0438 WES\",\"description\":\"\\u041e\\u0441\\u0432\\u0435\\u0449\\u0430\\u0435\\u043c \\u0412\\u0430\\u0448\\u0438 \\u0413\\u0435\\u043d\\u044b!\",\"url\":\"https:\\\/\\\/genoks.com.tr\\\/ru\\\/\",\"telephone\":\"+904448732\",\"foundingDate\":\"2014-12-01\",\"numberOfEmployees\":{\"@type\":\"QuantitativeValue\",\"value\":160},\"logo\":{\"@type\":\"ImageObject\",\"url\":\"https:\\\/\\\/genoks.com.tr\\\/wp-content\\\/uploads\\\/2025\\\/06\\\/genoks.svg\",\"@id\":\"https:\\\/\\\/genoks.com.tr\\\/ru\\\/privacy-policy-ru\\\/#organizationLogo\",\"caption\":\"RapidNIPT testi ile yap\\u0131lan NIPT taramas\\u0131 sayesinde gebelikte 90'dan fazla kromozomal hastal\\u0131k risksiz ve erken d\\u00f6nemde tespit edilir.\"},\"image\":{\"@id\":\"https:\\\/\\\/genoks.com.tr\\\/ru\\\/privacy-policy-ru\\\/#organizationLogo\"},\"sameAs\":[\"https:\\\/\\\/www.facebook.com\\\/GenoksGHTM\",\"https:\\\/\\\/x.com\\\/Genoks_GHTM\",\"https:\\\/\\\/www.instagram.com\\\/genoks_ghtm\\\/\",\"https:\\\/\\\/www.linkedin.com\\\/in\\\/genoks\\\/\"]},{\"@type\":\"WebPage\",\"@id\":\"https:\\\/\\\/genoks.com.tr\\\/ru\\\/privacy-policy-ru\\\/#webpage\",\"url\":\"https:\\\/\\\/genoks.com.tr\\\/ru\\\/privacy-policy-ru\\\/\",\"name\":\"\\u041f\\u043e\\u043b\\u0438\\u0442\\u0438\\u043a\\u0430 \\u043a\\u043e\\u043d\\u0444\\u0438\\u0434\\u0435\\u043d\\u0446\\u0438\\u0430\\u043b\\u044c\\u043d\\u043e\\u0441\\u0442\\u0438 - Genoks Genetics | NIPT, \\u0421\\u043a\\u0440\\u0438\\u043d\\u0438\\u043d\\u0433 \\u041d\\u043e\\u0441\\u0438\\u0442\\u0435\\u043b\\u0435\\u0439, \\u041e\\u043d\\u043a\\u043e\\u0433\\u0435\\u043d\\u0435\\u0442\\u0438\\u043a\\u0430 \\u0438 \\u0423\\u0441\\u043b\\u0443\\u0433\\u0438 WES\",\"inLanguage\":\"ru-RU\",\"isPartOf\":{\"@id\":\"https:\\\/\\\/genoks.com.tr\\\/ru\\\/#website\"},\"breadcrumb\":{\"@id\":\"https:\\\/\\\/genoks.com.tr\\\/ru\\\/privacy-policy-ru\\\/#breadcrumblist\"},\"datePublished\":\"2026-04-30T20:12:38+00:00\",\"dateModified\":\"2026-04-30T20:12:38+00:00\"},{\"@type\":\"WebSite\",\"@id\":\"https:\\\/\\\/genoks.com.tr\\\/ru\\\/#website\",\"url\":\"https:\\\/\\\/genoks.com.tr\\\/ru\\\/\",\"name\":\"Genoks Genetics | NIPT, \\u0421\\u043a\\u0440\\u0438\\u043d\\u0438\\u043d\\u0433 \\u041d\\u043e\\u0441\\u0438\\u0442\\u0435\\u043b\\u0435\\u0439, \\u041e\\u043d\\u043a\\u043e\\u0433\\u0435\\u043d\\u0435\\u0442\\u0438\\u043a\\u0430 \\u0438 \\u0423\\u0441\\u043b\\u0443\\u0433\\u0438 WES\",\"description\":\"\\u041e\\u0441\\u0432\\u0435\\u0449\\u0430\\u0435\\u043c \\u0412\\u0430\\u0448\\u0438 \\u0413\\u0435\\u043d\\u044b!\",\"inLanguage\":\"ru-RU\",\"publisher\":{\"@id\":\"https:\\\/\\\/genoks.com.tr\\\/ru\\\/#organization\"}}]}\n\t\t<\/script>\n\t\t<!-- All in One SEO Pro -->\r\n\t\t<title>\u041f\u043e\u043b\u0438\u0442\u0438\u043a\u0430 \u043a\u043e\u043d\u0444\u0438\u0434\u0435\u043d\u0446\u0438\u0430\u043b\u044c\u043d\u043e\u0441\u0442\u0438 - Genoks Genetics | NIPT, \u0421\u043a\u0440\u0438\u043d\u0438\u043d\u0433 \u041d\u043e\u0441\u0438\u0442\u0435\u043b\u0435\u0439, \u041e\u043d\u043a\u043e\u0433\u0435\u043d\u0435\u0442\u0438\u043a\u0430 \u0438 \u0423\u0441\u043b\u0443\u0433\u0438 WES<\/title>\n\n","aioseo_head_json":{"title":"\u041f\u043e\u043b\u0438\u0442\u0438\u043a\u0430 \u043a\u043e\u043d\u0444\u0438\u0434\u0435\u043d\u0446\u0438\u0430\u043b\u044c\u043d\u043e\u0441\u0442\u0438 - Genoks Genetics | NIPT, \u0421\u043a\u0440\u0438\u043d\u0438\u043d\u0433 \u041d\u043e\u0441\u0438\u0442\u0435\u043b\u0435\u0439, \u041e\u043d\u043a\u043e\u0433\u0435\u043d\u0435\u0442\u0438\u043a\u0430 \u0438 \u0423\u0441\u043b\u0443\u0433\u0438 WES","description":"","canonical_url":"https:\/\/genoks.com.tr\/ru\/privacy-policy-ru\/","robots":"max-image-preview:large","keywords":"","webmasterTools":{"miscellaneous":""},"schema":{"@context":"https:\/\/schema.org","@graph":[{"@type":"BreadcrumbList","@id":"https:\/\/genoks.com.tr\/ru\/privacy-policy-ru\/#breadcrumblist","itemListElement":[{"@type":"ListItem","@id":"https:\/\/genoks.com.tr\/ru\/#listItem","position":1,"name":"Home","item":"https:\/\/genoks.com.tr\/ru\/","nextItem":{"@type":"ListItem","@id":"https:\/\/genoks.com.tr\/ru\/privacy-policy-ru\/#listItem","name":"\u041f\u043e\u043b\u0438\u0442\u0438\u043a\u0430 \u043a\u043e\u043d\u0444\u0438\u0434\u0435\u043d\u0446\u0438\u0430\u043b\u044c\u043d\u043e\u0441\u0442\u0438"}},{"@type":"ListItem","@id":"https:\/\/genoks.com.tr\/ru\/privacy-policy-ru\/#listItem","position":2,"name":"\u041f\u043e\u043b\u0438\u0442\u0438\u043a\u0430 \u043a\u043e\u043d\u0444\u0438\u0434\u0435\u043d\u0446\u0438\u0430\u043b\u044c\u043d\u043e\u0441\u0442\u0438","previousItem":{"@type":"ListItem","@id":"https:\/\/genoks.com.tr\/ru\/#listItem","name":"Home"}}]},{"@type":"Organization","@id":"https:\/\/genoks.com.tr\/ru\/#organization","name":"Genoks Genetics | NIPT, \u0421\u043a\u0440\u0438\u043d\u0438\u043d\u0433 \u041d\u043e\u0441\u0438\u0442\u0435\u043b\u0435\u0439, \u041e\u043d\u043a\u043e\u0433\u0435\u043d\u0435\u0442\u0438\u043a\u0430 \u0438 \u0423\u0441\u043b\u0443\u0433\u0438 WES","description":"\u041e\u0441\u0432\u0435\u0449\u0430\u0435\u043c \u0412\u0430\u0448\u0438 \u0413\u0435\u043d\u044b!","url":"https:\/\/genoks.com.tr\/ru\/","telephone":"+904448732","foundingDate":"2014-12-01","numberOfEmployees":{"@type":"QuantitativeValue","value":160},"logo":{"@type":"ImageObject","url":"https:\/\/genoks.com.tr\/wp-content\/uploads\/2025\/06\/genoks.svg","@id":"https:\/\/genoks.com.tr\/ru\/privacy-policy-ru\/#organizationLogo","caption":"RapidNIPT testi ile yap\u0131lan NIPT taramas\u0131 sayesinde gebelikte 90'dan fazla kromozomal hastal\u0131k risksiz ve erken d\u00f6nemde tespit edilir."},"image":{"@id":"https:\/\/genoks.com.tr\/ru\/privacy-policy-ru\/#organizationLogo"},"sameAs":["https:\/\/www.facebook.com\/GenoksGHTM","https:\/\/x.com\/Genoks_GHTM","https:\/\/www.instagram.com\/genoks_ghtm\/","https:\/\/www.linkedin.com\/in\/genoks\/"]},{"@type":"WebPage","@id":"https:\/\/genoks.com.tr\/ru\/privacy-policy-ru\/#webpage","url":"https:\/\/genoks.com.tr\/ru\/privacy-policy-ru\/","name":"\u041f\u043e\u043b\u0438\u0442\u0438\u043a\u0430 \u043a\u043e\u043d\u0444\u0438\u0434\u0435\u043d\u0446\u0438\u0430\u043b\u044c\u043d\u043e\u0441\u0442\u0438 - Genoks Genetics | NIPT, \u0421\u043a\u0440\u0438\u043d\u0438\u043d\u0433 \u041d\u043e\u0441\u0438\u0442\u0435\u043b\u0435\u0439, \u041e\u043d\u043a\u043e\u0433\u0435\u043d\u0435\u0442\u0438\u043a\u0430 \u0438 \u0423\u0441\u043b\u0443\u0433\u0438 WES","inLanguage":"ru-RU","isPartOf":{"@id":"https:\/\/genoks.com.tr\/ru\/#website"},"breadcrumb":{"@id":"https:\/\/genoks.com.tr\/ru\/privacy-policy-ru\/#breadcrumblist"},"datePublished":"2026-04-30T20:12:38+00:00","dateModified":"2026-04-30T20:12:38+00:00"},{"@type":"WebSite","@id":"https:\/\/genoks.com.tr\/ru\/#website","url":"https:\/\/genoks.com.tr\/ru\/","name":"Genoks Genetics | NIPT, \u0421\u043a\u0440\u0438\u043d\u0438\u043d\u0433 \u041d\u043e\u0441\u0438\u0442\u0435\u043b\u0435\u0439, \u041e\u043d\u043a\u043e\u0433\u0435\u043d\u0435\u0442\u0438\u043a\u0430 \u0438 \u0423\u0441\u043b\u0443\u0433\u0438 WES","description":"\u041e\u0441\u0432\u0435\u0449\u0430\u0435\u043c \u0412\u0430\u0448\u0438 \u0413\u0435\u043d\u044b!","inLanguage":"ru-RU","publisher":{"@id":"https:\/\/genoks.com.tr\/ru\/#organization"}}]},"og:locale":"ru_RU","og:site_name":"Genoks Genetics | NIPT, \u0421\u043a\u0440\u0438\u043d\u0438\u043d\u0433 \u041d\u043e\u0441\u0438\u0442\u0435\u043b\u0435\u0439, \u041e\u043d\u043a\u043e\u0433\u0435\u043d\u0435\u0442\u0438\u043a\u0430 \u0438 \u0423\u0441\u043b\u0443\u0433\u0438 WES - \u041e\u0441\u0432\u0435\u0449\u0430\u0435\u043c \u0412\u0430\u0448\u0438 \u0413\u0435\u043d\u044b!","og:type":"article","og:title":"\u041f\u043e\u043b\u0438\u0442\u0438\u043a\u0430 \u043a\u043e\u043d\u0444\u0438\u0434\u0435\u043d\u0446\u0438\u0430\u043b\u044c\u043d\u043e\u0441\u0442\u0438 - Genoks Genetics | NIPT, \u0421\u043a\u0440\u0438\u043d\u0438\u043d\u0433 \u041d\u043e\u0441\u0438\u0442\u0435\u043b\u0435\u0439, \u041e\u043d\u043a\u043e\u0433\u0435\u043d\u0435\u0442\u0438\u043a\u0430 \u0438 \u0423\u0441\u043b\u0443\u0433\u0438 WES","og:url":"https:\/\/genoks.com.tr\/ru\/privacy-policy-ru\/","og:image":"https:\/\/genoks.com.tr\/wp-content\/uploads\/2025\/06\/genoks.svg","og:image:secure_url":"https:\/\/genoks.com.tr\/wp-content\/uploads\/2025\/06\/genoks.svg","article:published_time":"2026-04-30T20:12:38+00:00","article:modified_time":"2026-04-30T20:12:38+00:00","article:publisher":"https:\/\/www.facebook.com\/GenoksGHTM","twitter:card":"summary_large_image","twitter:site":"@Genoks_GHTM","twitter:title":"\u041f\u043e\u043b\u0438\u0442\u0438\u043a\u0430 \u043a\u043e\u043d\u0444\u0438\u0434\u0435\u043d\u0446\u0438\u0430\u043b\u044c\u043d\u043e\u0441\u0442\u0438 - Genoks Genetics | NIPT, \u0421\u043a\u0440\u0438\u043d\u0438\u043d\u0433 \u041d\u043e\u0441\u0438\u0442\u0435\u043b\u0435\u0439, \u041e\u043d\u043a\u043e\u0433\u0435\u043d\u0435\u0442\u0438\u043a\u0430 \u0438 \u0423\u0441\u043b\u0443\u0433\u0438 WES","twitter:creator":"@Genoks_GHTM","twitter:image":"https:\/\/genoks.com.tr\/wp-content\/uploads\/2025\/06\/genoks.svg"},"aioseo_meta_data":{"post_id":"2886","title":null,"description":null,"keywords":null,"keyphrases":null,"primary_term":null,"canonical_url":null,"og_title":null,"og_description":null,"og_object_type":"default","og_image_type":"default","og_image_url":null,"og_image_width":null,"og_image_height":null,"og_image_custom_url":null,"og_image_custom_fields":null,"og_video":null,"og_custom_url":null,"og_article_section":null,"og_article_tags":null,"twitter_use_og":false,"twitter_card":"default","twitter_image_type":"default","twitter_image_url":null,"twitter_image_custom_url":null,"twitter_image_custom_fields":null,"twitter_title":null,"twitter_description":null,"schema":{"blockGraphs":[],"customGraphs":[],"default":{"data":{"Article":[],"Course":[],"Dataset":[],"FAQPage":[],"Movie":[],"Person":[],"Product":[],"ProductReview":[],"Car":[],"Recipe":[],"Service":[],"SoftwareApplication":[],"WebPage":[]},"graphName":"","isEnabled":true},"graphs":[]},"schema_type":"default","schema_type_options":null,"pillar_content":false,"robots_default":true,"robots_noindex":false,"robots_noarchive":false,"robots_nosnippet":false,"robots_nofollow":false,"robots_noimageindex":false,"robots_noodp":false,"robots_notranslate":false,"robots_max_snippet":null,"robots_max_videopreview":null,"robots_max_imagepreview":"large","priority":null,"frequency":null,"local_seo":null,"seo_analyzer_scan_date":"2026-04-30 21:27:16","breadcrumb_settings":null,"limit_modified_date":false,"reviewed_by":null,"open_ai":null,"ai":null,"created":"2026-04-30 20:12:38","updated":"2026-04-30 21:27:16"},"aioseo_breadcrumb":"<div class=\"aioseo-breadcrumbs\"><span class=\"aioseo-breadcrumb\">\n\t<a href=\"https:\/\/genoks.com.tr\/ru\/\" title=\"Home\">Home<\/a>\n<\/span><span class=\"aioseo-breadcrumb-separator\">&raquo;<\/span><span class=\"aioseo-breadcrumb\">\n\t\u041f\u043e\u043b\u0438\u0442\u0438\u043a\u0430 \u043a\u043e\u043d\u0444\u0438\u0434\u0435\u043d\u0446\u0438\u0430\u043b\u044c\u043d\u043e\u0441\u0442\u0438\n<\/span><\/div>","aioseo_breadcrumb_json":[{"label":"Home","link":"https:\/\/genoks.com.tr\/ru\/"},{"label":"\u041f\u043e\u043b\u0438\u0442\u0438\u043a\u0430 \u043a\u043e\u043d\u0444\u0438\u0434\u0435\u043d\u0446\u0438\u0430\u043b\u044c\u043d\u043e\u0441\u0442\u0438","link":"https:\/\/genoks.com.tr\/ru\/privacy-policy-ru\/"}],"_links":{"self":[{"href":"https:\/\/genoks.com.tr\/ru\/wp-json\/wp\/v2\/pages\/2886","targetHints":{"allow":["GET"]}}],"collection":[{"href":"https:\/\/genoks.com.tr\/ru\/wp-json\/wp\/v2\/pages"}],"about":[{"href":"https:\/\/genoks.com.tr\/ru\/wp-json\/wp\/v2\/types\/page"}],"author":[{"embeddable":true,"href":"https:\/\/genoks.com.tr\/ru\/wp-json\/wp\/v2\/users\/1"}],"replies":[{"embeddable":true,"href":"https:\/\/genoks.com.tr\/ru\/wp-json\/wp\/v2\/comments?post=2886"}],"version-history":[{"count":1,"href":"https:\/\/genoks.com.tr\/ru\/wp-json\/wp\/v2\/pages\/2886\/revisions"}],"predecessor-version":[{"id":2887,"href":"https:\/\/genoks.com.tr\/ru\/wp-json\/wp\/v2\/pages\/2886\/revisions\/2887"}],"wp:attachment":[{"href":"https:\/\/genoks.com.tr\/ru\/wp-json\/wp\/v2\/media?parent=2886"}],"curies":[{"name":"wp","href":"https:\/\/api.w.org\/{rel}","templated":true}]}}