{"id":1868,"date":"2025-10-08T16:42:16","date_gmt":"2025-10-08T16:42:16","guid":{"rendered":"https:\/\/genoks.com.tr\/%d1%99%d1%83%d0%b4%d1%81%d0%ba%d0%b8-%d1%80%d0%b5%d1%81%d1%83%d1%80%d1%81%d0%b8\/"},"modified":"2026-04-30T18:12:47","modified_gmt":"2026-04-30T18:12:47","slug":"%d1%99%d1%83%d0%b4%d1%81%d0%ba%d0%b8-%d1%80%d0%b5%d1%81%d1%83%d1%80%d1%81%d0%b8","status":"publish","type":"page","link":"https:\/\/genoks.com.tr\/sr\/%d1%99%d1%83%d0%b4%d1%81%d0%ba%d0%b8-%d1%80%d0%b5%d1%81%d1%83%d1%80%d1%81%d0%b8\/","title":{"rendered":"\u0409\u0443\u0434\u0441\u043a\u0438 \u0440\u0435\u0441\u0443\u0440\u0441\u0438"},"content":{"rendered":"","protected":false},"excerpt":{"rendered":"","protected":false},"author":1,"featured_media":0,"parent":0,"menu_order":0,"comment_status":"closed","ping_status":"closed","template":"","meta":{"footnotes":""},"class_list":["post-1868","page","type-page","status-publish","hentry"],"aioseo_notices":[],"aioseo_head":"\n\t\t<!-- All in One SEO Pro 4.9.5.2 - aioseo.com -->\n\t<meta name=\"description\" content=\"\u041f\u0440\u0438\u0458\u0430\u0432\u0438\u0442\u0435 \u0441\u0435 \u0437\u0430 \u043f\u043e\u0441\u0430\u043e \u0438\u043b\u0438 \u043f\u0440\u0430\u043a\u0441\u0443 \u043f\u0440\u0435\u043a\u043e \u0441\u0442\u0440\u0430\u043d\u0438\u0446\u0435 \u0409\u0443\u0434\u0441\u043a\u0438 \u0440\u0435\u0441\u0443\u0440\u0441\u0438. \u0417\u0430\u0443\u0437\u043c\u0438\u0442\u0435 \u0441\u0432\u043e\u0458\u0435 \u043c\u0435\u0441\u0442\u043e \u0443 \u0433\u0435\u043d\u0435\u0442\u0441\u043a\u043e\u043c \u0441\u0432\u0435\u0442\u0443 \u0431\u0443\u0434\u0443\u045b\u043d\u043e\u0441\u0442\u0438 \u0443\u0437 \u043d\u0430\u0443\u0447\u043d\u0443 \u0438\u0437\u0432\u0440\u0441\u043d\u043e\u0441\u0442 \u0438 \u043c\u043e\u0433\u0443\u045b\u043d\u043e\u0441\u0442\u0438 \u043a\u0430\u0440\u0438\u0458\u0435\u0440\u0435!\" \/>\n\t<meta name=\"robots\" content=\"max-image-preview:large\" \/>\n\t<link rel=\"canonical\" href=\"https:\/\/genoks.com.tr\/sr\/%d1%99%d1%83%d0%b4%d1%81%d0%ba%d0%b8-%d1%80%d0%b5%d1%81%d1%83%d1%80%d1%81%d0%b8\/\" \/>\n\t<meta name=\"generator\" content=\"All in One SEO Pro (AIOSEO) 4.9.5.2\" \/>\n\t\t<meta property=\"og:locale\" content=\"sr_RS\" \/>\n\t\t<meta property=\"og:site_name\" content=\"Genoks Genetics | NIPT, Skrining Nosilaca, Onkogenetika i WES Usluge - Bacamo Svetlost na Va\u0161e Gene!\" \/>\n\t\t<meta property=\"og:type\" content=\"article\" \/>\n\t\t<meta property=\"og:title\" content=\"\u0409\u0443\u0434\u0441\u043a\u0438 \u0440\u0435\u0441\u0443\u0440\u0441\u0438 | \u0424\u043e\u0440\u043c\u0443\u043b\u0430\u0440 \u0437\u0430 \u043f\u0440\u0438\u0458\u0430\u0432\u0443 \u0437\u0430 \u043f\u043e\u0441\u0430\u043e \u0438 \u043f\u0440\u0430\u043a\u0441\u0443\" \/>\n\t\t<meta property=\"og:description\" content=\"\u041f\u0440\u0438\u0458\u0430\u0432\u0438\u0442\u0435 \u0441\u0435 \u0437\u0430 \u043f\u043e\u0441\u0430\u043e \u0438\u043b\u0438 \u043f\u0440\u0430\u043a\u0441\u0443 \u043f\u0440\u0435\u043a\u043e \u0441\u0442\u0440\u0430\u043d\u0438\u0446\u0435 \u0409\u0443\u0434\u0441\u043a\u0438 \u0440\u0435\u0441\u0443\u0440\u0441\u0438. \u0417\u0430\u0443\u0437\u043c\u0438\u0442\u0435 \u0441\u0432\u043e\u0458\u0435 \u043c\u0435\u0441\u0442\u043e \u0443 \u0433\u0435\u043d\u0435\u0442\u0441\u043a\u043e\u043c \u0441\u0432\u0435\u0442\u0443 \u0431\u0443\u0434\u0443\u045b\u043d\u043e\u0441\u0442\u0438 \u0443\u0437 \u043d\u0430\u0443\u0447\u043d\u0443 \u0438\u0437\u0432\u0440\u0441\u043d\u043e\u0441\u0442 \u0438 \u043c\u043e\u0433\u0443\u045b\u043d\u043e\u0441\u0442\u0438 \u043a\u0430\u0440\u0438\u0458\u0435\u0440\u0435!\" \/>\n\t\t<meta property=\"og:url\" content=\"https:\/\/genoks.com.tr\/sr\/%d1%99%d1%83%d0%b4%d1%81%d0%ba%d0%b8-%d1%80%d0%b5%d1%81%d1%83%d1%80%d1%81%d0%b8\/\" \/>\n\t\t<meta property=\"og:image\" content=\"https:\/\/genoks.com.tr\/wp-content\/uploads\/2025\/06\/genoks.svg\" \/>\n\t\t<meta property=\"og:image:secure_url\" content=\"https:\/\/genoks.com.tr\/wp-content\/uploads\/2025\/06\/genoks.svg\" \/>\n\t\t<meta property=\"article:published_time\" content=\"2025-10-08T16:42:16+00:00\" \/>\n\t\t<meta property=\"article:modified_time\" content=\"2026-04-30T18:12:47+00:00\" \/>\n\t\t<meta property=\"article:publisher\" content=\"https:\/\/www.facebook.com\/GenoksGHTM\" \/>\n\t\t<meta name=\"twitter:card\" content=\"summary_large_image\" \/>\n\t\t<meta name=\"twitter:site\" content=\"@Genoks_GHTM\" \/>\n\t\t<meta name=\"twitter:title\" content=\"\u0409\u0443\u0434\u0441\u043a\u0438 \u0440\u0435\u0441\u0443\u0440\u0441\u0438 | \u0424\u043e\u0440\u043c\u0443\u043b\u0430\u0440 \u0437\u0430 \u043f\u0440\u0438\u0458\u0430\u0432\u0443 \u0437\u0430 \u043f\u043e\u0441\u0430\u043e \u0438 \u043f\u0440\u0430\u043a\u0441\u0443\" \/>\n\t\t<meta name=\"twitter:description\" content=\"\u041f\u0440\u0438\u0458\u0430\u0432\u0438\u0442\u0435 \u0441\u0435 \u0437\u0430 \u043f\u043e\u0441\u0430\u043e \u0438\u043b\u0438 \u043f\u0440\u0430\u043a\u0441\u0443 \u043f\u0440\u0435\u043a\u043e \u0441\u0442\u0440\u0430\u043d\u0438\u0446\u0435 \u0409\u0443\u0434\u0441\u043a\u0438 \u0440\u0435\u0441\u0443\u0440\u0441\u0438. \u0417\u0430\u0443\u0437\u043c\u0438\u0442\u0435 \u0441\u0432\u043e\u0458\u0435 \u043c\u0435\u0441\u0442\u043e \u0443 \u0433\u0435\u043d\u0435\u0442\u0441\u043a\u043e\u043c \u0441\u0432\u0435\u0442\u0443 \u0431\u0443\u0434\u0443\u045b\u043d\u043e\u0441\u0442\u0438 \u0443\u0437 \u043d\u0430\u0443\u0447\u043d\u0443 \u0438\u0437\u0432\u0440\u0441\u043d\u043e\u0441\u0442 \u0438 \u043c\u043e\u0433\u0443\u045b\u043d\u043e\u0441\u0442\u0438 \u043a\u0430\u0440\u0438\u0458\u0435\u0440\u0435!\" \/>\n\t\t<meta name=\"twitter:creator\" content=\"@Genoks_GHTM\" \/>\n\t\t<meta name=\"twitter:image\" content=\"https:\/\/genoks.com.tr\/wp-content\/uploads\/2025\/06\/genoks.svg\" \/>\n\t\t<script type=\"application\/ld+json\" class=\"aioseo-schema\">\n\t\t\t{\"@context\":\"https:\\\/\\\/schema.org\",\"@graph\":[{\"@type\":\"BreadcrumbList\",\"@id\":\"https:\\\/\\\/genoks.com.tr\\\/sr\\\/%d1%99%d1%83%d0%b4%d1%81%d0%ba%d0%b8-%d1%80%d0%b5%d1%81%d1%83%d1%80%d1%81%d0%b8\\\/#breadcrumblist\",\"itemListElement\":[{\"@type\":\"ListItem\",\"@id\":\"https:\\\/\\\/genoks.com.tr\\\/sr\\\/#listItem\",\"position\":1,\"name\":\"Home\",\"item\":\"https:\\\/\\\/genoks.com.tr\\\/sr\\\/\",\"nextItem\":{\"@type\":\"ListItem\",\"@id\":\"https:\\\/\\\/genoks.com.tr\\\/sr\\\/%d1%99%d1%83%d0%b4%d1%81%d0%ba%d0%b8-%d1%80%d0%b5%d1%81%d1%83%d1%80%d1%81%d0%b8\\\/#listItem\",\"name\":\"\\u0409\\u0443\\u0434\\u0441\\u043a\\u0438 \\u0440\\u0435\\u0441\\u0443\\u0440\\u0441\\u0438\"}},{\"@type\":\"ListItem\",\"@id\":\"https:\\\/\\\/genoks.com.tr\\\/sr\\\/%d1%99%d1%83%d0%b4%d1%81%d0%ba%d0%b8-%d1%80%d0%b5%d1%81%d1%83%d1%80%d1%81%d0%b8\\\/#listItem\",\"position\":2,\"name\":\"\\u0409\\u0443\\u0434\\u0441\\u043a\\u0438 \\u0440\\u0435\\u0441\\u0443\\u0440\\u0441\\u0438\",\"previousItem\":{\"@type\":\"ListItem\",\"@id\":\"https:\\\/\\\/genoks.com.tr\\\/sr\\\/#listItem\",\"name\":\"Home\"}}]},{\"@type\":\"Organization\",\"@id\":\"https:\\\/\\\/genoks.com.tr\\\/sr\\\/#organization\",\"name\":\"Genoks Genetics | NIPT, Skrining Nosilaca, Onkogenetika i WES Usluge\",\"description\":\"Bacamo Svetlost na Va\\u0161e Gene!\",\"url\":\"https:\\\/\\\/genoks.com.tr\\\/sr\\\/\",\"telephone\":\"+904448732\",\"foundingDate\":\"2014-12-01\",\"numberOfEmployees\":{\"@type\":\"QuantitativeValue\",\"value\":160},\"logo\":{\"@type\":\"ImageObject\",\"url\":\"https:\\\/\\\/genoks.com.tr\\\/wp-content\\\/uploads\\\/2025\\\/06\\\/genoks.svg\",\"@id\":\"https:\\\/\\\/genoks.com.tr\\\/sr\\\/%d1%99%d1%83%d0%b4%d1%81%d0%ba%d0%b8-%d1%80%d0%b5%d1%81%d1%83%d1%80%d1%81%d0%b8\\\/#organizationLogo\",\"caption\":\"RapidNIPT testi ile yap\\u0131lan NIPT taramas\\u0131 sayesinde gebelikte 90'dan fazla kromozomal hastal\\u0131k risksiz ve erken d\\u00f6nemde tespit edilir.\"},\"image\":{\"@id\":\"https:\\\/\\\/genoks.com.tr\\\/sr\\\/%d1%99%d1%83%d0%b4%d1%81%d0%ba%d0%b8-%d1%80%d0%b5%d1%81%d1%83%d1%80%d1%81%d0%b8\\\/#organizationLogo\"},\"sameAs\":[\"https:\\\/\\\/www.facebook.com\\\/GenoksGHTM\",\"https:\\\/\\\/x.com\\\/Genoks_GHTM\",\"https:\\\/\\\/www.instagram.com\\\/genoks_ghtm\\\/\",\"https:\\\/\\\/www.linkedin.com\\\/in\\\/genoks\\\/\"]},{\"@type\":\"WebPage\",\"@id\":\"https:\\\/\\\/genoks.com.tr\\\/sr\\\/%d1%99%d1%83%d0%b4%d1%81%d0%ba%d0%b8-%d1%80%d0%b5%d1%81%d1%83%d1%80%d1%81%d0%b8\\\/#webpage\",\"url\":\"https:\\\/\\\/genoks.com.tr\\\/sr\\\/%d1%99%d1%83%d0%b4%d1%81%d0%ba%d0%b8-%d1%80%d0%b5%d1%81%d1%83%d1%80%d1%81%d0%b8\\\/\",\"name\":\"\\u0409\\u0443\\u0434\\u0441\\u043a\\u0438 \\u0440\\u0435\\u0441\\u0443\\u0440\\u0441\\u0438 | \\u0424\\u043e\\u0440\\u043c\\u0443\\u043b\\u0430\\u0440 \\u0437\\u0430 \\u043f\\u0440\\u0438\\u0458\\u0430\\u0432\\u0443 \\u0437\\u0430 \\u043f\\u043e\\u0441\\u0430\\u043e \\u0438 \\u043f\\u0440\\u0430\\u043a\\u0441\\u0443\",\"description\":\"\\u041f\\u0440\\u0438\\u0458\\u0430\\u0432\\u0438\\u0442\\u0435 \\u0441\\u0435 \\u0437\\u0430 \\u043f\\u043e\\u0441\\u0430\\u043e \\u0438\\u043b\\u0438 \\u043f\\u0440\\u0430\\u043a\\u0441\\u0443 \\u043f\\u0440\\u0435\\u043a\\u043e \\u0441\\u0442\\u0440\\u0430\\u043d\\u0438\\u0446\\u0435 \\u0409\\u0443\\u0434\\u0441\\u043a\\u0438 \\u0440\\u0435\\u0441\\u0443\\u0440\\u0441\\u0438. \\u0417\\u0430\\u0443\\u0437\\u043c\\u0438\\u0442\\u0435 \\u0441\\u0432\\u043e\\u0458\\u0435 \\u043c\\u0435\\u0441\\u0442\\u043e \\u0443 \\u0433\\u0435\\u043d\\u0435\\u0442\\u0441\\u043a\\u043e\\u043c \\u0441\\u0432\\u0435\\u0442\\u0443 \\u0431\\u0443\\u0434\\u0443\\u045b\\u043d\\u043e\\u0441\\u0442\\u0438 \\u0443\\u0437 \\u043d\\u0430\\u0443\\u0447\\u043d\\u0443 \\u0438\\u0437\\u0432\\u0440\\u0441\\u043d\\u043e\\u0441\\u0442 \\u0438 \\u043c\\u043e\\u0433\\u0443\\u045b\\u043d\\u043e\\u0441\\u0442\\u0438 \\u043a\\u0430\\u0440\\u0438\\u0458\\u0435\\u0440\\u0435!\",\"inLanguage\":\"sr-RS\",\"isPartOf\":{\"@id\":\"https:\\\/\\\/genoks.com.tr\\\/sr\\\/#website\"},\"breadcrumb\":{\"@id\":\"https:\\\/\\\/genoks.com.tr\\\/sr\\\/%d1%99%d1%83%d0%b4%d1%81%d0%ba%d0%b8-%d1%80%d0%b5%d1%81%d1%83%d1%80%d1%81%d0%b8\\\/#breadcrumblist\"},\"datePublished\":\"2025-10-08T16:42:16+00:00\",\"dateModified\":\"2026-04-30T18:12:47+00:00\"},{\"@type\":\"WebSite\",\"@id\":\"https:\\\/\\\/genoks.com.tr\\\/sr\\\/#website\",\"url\":\"https:\\\/\\\/genoks.com.tr\\\/sr\\\/\",\"name\":\"Genoks Genetics | NIPT, Skrining Nosilaca, Onkogenetika i WES Usluge\",\"description\":\"Bacamo Svetlost na Va\\u0161e Gene!\",\"inLanguage\":\"sr-RS\",\"publisher\":{\"@id\":\"https:\\\/\\\/genoks.com.tr\\\/sr\\\/#organization\"}}]}\n\t\t<\/script>\n\t\t<!-- All in One SEO Pro -->\r\n\t\t<title>\u0409\u0443\u0434\u0441\u043a\u0438 \u0440\u0435\u0441\u0443\u0440\u0441\u0438 | \u0424\u043e\u0440\u043c\u0443\u043b\u0430\u0440 \u0437\u0430 \u043f\u0440\u0438\u0458\u0430\u0432\u0443 \u0437\u0430 \u043f\u043e\u0441\u0430\u043e \u0438 \u043f\u0440\u0430\u043a\u0441\u0443<\/title>\n\n","aioseo_head_json":{"title":"\u0409\u0443\u0434\u0441\u043a\u0438 \u0440\u0435\u0441\u0443\u0440\u0441\u0438 | \u0424\u043e\u0440\u043c\u0443\u043b\u0430\u0440 \u0437\u0430 \u043f\u0440\u0438\u0458\u0430\u0432\u0443 \u0437\u0430 \u043f\u043e\u0441\u0430\u043e \u0438 \u043f\u0440\u0430\u043a\u0441\u0443","description":"\u041f\u0440\u0438\u0458\u0430\u0432\u0438\u0442\u0435 \u0441\u0435 \u0437\u0430 \u043f\u043e\u0441\u0430\u043e \u0438\u043b\u0438 \u043f\u0440\u0430\u043a\u0441\u0443 \u043f\u0440\u0435\u043a\u043e \u0441\u0442\u0440\u0430\u043d\u0438\u0446\u0435 \u0409\u0443\u0434\u0441\u043a\u0438 \u0440\u0435\u0441\u0443\u0440\u0441\u0438. \u0417\u0430\u0443\u0437\u043c\u0438\u0442\u0435 \u0441\u0432\u043e\u0458\u0435 \u043c\u0435\u0441\u0442\u043e \u0443 \u0433\u0435\u043d\u0435\u0442\u0441\u043a\u043e\u043c \u0441\u0432\u0435\u0442\u0443 \u0431\u0443\u0434\u0443\u045b\u043d\u043e\u0441\u0442\u0438 \u0443\u0437 \u043d\u0430\u0443\u0447\u043d\u0443 \u0438\u0437\u0432\u0440\u0441\u043d\u043e\u0441\u0442 \u0438 \u043c\u043e\u0433\u0443\u045b\u043d\u043e\u0441\u0442\u0438 \u043a\u0430\u0440\u0438\u0458\u0435\u0440\u0435!","canonical_url":"https:\/\/genoks.com.tr\/sr\/%d1%99%d1%83%d0%b4%d1%81%d0%ba%d0%b8-%d1%80%d0%b5%d1%81%d1%83%d1%80%d1%81%d0%b8\/","robots":"max-image-preview:large","keywords":"","webmasterTools":{"miscellaneous":""},"schema":{"@context":"https:\/\/schema.org","@graph":[{"@type":"BreadcrumbList","@id":"https:\/\/genoks.com.tr\/sr\/%d1%99%d1%83%d0%b4%d1%81%d0%ba%d0%b8-%d1%80%d0%b5%d1%81%d1%83%d1%80%d1%81%d0%b8\/#breadcrumblist","itemListElement":[{"@type":"ListItem","@id":"https:\/\/genoks.com.tr\/sr\/#listItem","position":1,"name":"Home","item":"https:\/\/genoks.com.tr\/sr\/","nextItem":{"@type":"ListItem","@id":"https:\/\/genoks.com.tr\/sr\/%d1%99%d1%83%d0%b4%d1%81%d0%ba%d0%b8-%d1%80%d0%b5%d1%81%d1%83%d1%80%d1%81%d0%b8\/#listItem","name":"\u0409\u0443\u0434\u0441\u043a\u0438 \u0440\u0435\u0441\u0443\u0440\u0441\u0438"}},{"@type":"ListItem","@id":"https:\/\/genoks.com.tr\/sr\/%d1%99%d1%83%d0%b4%d1%81%d0%ba%d0%b8-%d1%80%d0%b5%d1%81%d1%83%d1%80%d1%81%d0%b8\/#listItem","position":2,"name":"\u0409\u0443\u0434\u0441\u043a\u0438 \u0440\u0435\u0441\u0443\u0440\u0441\u0438","previousItem":{"@type":"ListItem","@id":"https:\/\/genoks.com.tr\/sr\/#listItem","name":"Home"}}]},{"@type":"Organization","@id":"https:\/\/genoks.com.tr\/sr\/#organization","name":"Genoks Genetics | NIPT, Skrining Nosilaca, Onkogenetika i WES Usluge","description":"Bacamo Svetlost na Va\u0161e Gene!","url":"https:\/\/genoks.com.tr\/sr\/","telephone":"+904448732","foundingDate":"2014-12-01","numberOfEmployees":{"@type":"QuantitativeValue","value":160},"logo":{"@type":"ImageObject","url":"https:\/\/genoks.com.tr\/wp-content\/uploads\/2025\/06\/genoks.svg","@id":"https:\/\/genoks.com.tr\/sr\/%d1%99%d1%83%d0%b4%d1%81%d0%ba%d0%b8-%d1%80%d0%b5%d1%81%d1%83%d1%80%d1%81%d0%b8\/#organizationLogo","caption":"RapidNIPT testi ile yap\u0131lan NIPT taramas\u0131 sayesinde gebelikte 90'dan fazla kromozomal hastal\u0131k risksiz ve erken d\u00f6nemde tespit edilir."},"image":{"@id":"https:\/\/genoks.com.tr\/sr\/%d1%99%d1%83%d0%b4%d1%81%d0%ba%d0%b8-%d1%80%d0%b5%d1%81%d1%83%d1%80%d1%81%d0%b8\/#organizationLogo"},"sameAs":["https:\/\/www.facebook.com\/GenoksGHTM","https:\/\/x.com\/Genoks_GHTM","https:\/\/www.instagram.com\/genoks_ghtm\/","https:\/\/www.linkedin.com\/in\/genoks\/"]},{"@type":"WebPage","@id":"https:\/\/genoks.com.tr\/sr\/%d1%99%d1%83%d0%b4%d1%81%d0%ba%d0%b8-%d1%80%d0%b5%d1%81%d1%83%d1%80%d1%81%d0%b8\/#webpage","url":"https:\/\/genoks.com.tr\/sr\/%d1%99%d1%83%d0%b4%d1%81%d0%ba%d0%b8-%d1%80%d0%b5%d1%81%d1%83%d1%80%d1%81%d0%b8\/","name":"\u0409\u0443\u0434\u0441\u043a\u0438 \u0440\u0435\u0441\u0443\u0440\u0441\u0438 | \u0424\u043e\u0440\u043c\u0443\u043b\u0430\u0440 \u0437\u0430 \u043f\u0440\u0438\u0458\u0430\u0432\u0443 \u0437\u0430 \u043f\u043e\u0441\u0430\u043e \u0438 \u043f\u0440\u0430\u043a\u0441\u0443","description":"\u041f\u0440\u0438\u0458\u0430\u0432\u0438\u0442\u0435 \u0441\u0435 \u0437\u0430 \u043f\u043e\u0441\u0430\u043e \u0438\u043b\u0438 \u043f\u0440\u0430\u043a\u0441\u0443 \u043f\u0440\u0435\u043a\u043e \u0441\u0442\u0440\u0430\u043d\u0438\u0446\u0435 \u0409\u0443\u0434\u0441\u043a\u0438 \u0440\u0435\u0441\u0443\u0440\u0441\u0438. \u0417\u0430\u0443\u0437\u043c\u0438\u0442\u0435 \u0441\u0432\u043e\u0458\u0435 \u043c\u0435\u0441\u0442\u043e \u0443 \u0433\u0435\u043d\u0435\u0442\u0441\u043a\u043e\u043c \u0441\u0432\u0435\u0442\u0443 \u0431\u0443\u0434\u0443\u045b\u043d\u043e\u0441\u0442\u0438 \u0443\u0437 \u043d\u0430\u0443\u0447\u043d\u0443 \u0438\u0437\u0432\u0440\u0441\u043d\u043e\u0441\u0442 \u0438 \u043c\u043e\u0433\u0443\u045b\u043d\u043e\u0441\u0442\u0438 \u043a\u0430\u0440\u0438\u0458\u0435\u0440\u0435!","inLanguage":"sr-RS","isPartOf":{"@id":"https:\/\/genoks.com.tr\/sr\/#website"},"breadcrumb":{"@id":"https:\/\/genoks.com.tr\/sr\/%d1%99%d1%83%d0%b4%d1%81%d0%ba%d0%b8-%d1%80%d0%b5%d1%81%d1%83%d1%80%d1%81%d0%b8\/#breadcrumblist"},"datePublished":"2025-10-08T16:42:16+00:00","dateModified":"2026-04-30T18:12:47+00:00"},{"@type":"WebSite","@id":"https:\/\/genoks.com.tr\/sr\/#website","url":"https:\/\/genoks.com.tr\/sr\/","name":"Genoks Genetics | NIPT, Skrining Nosilaca, Onkogenetika i WES Usluge","description":"Bacamo Svetlost na Va\u0161e Gene!","inLanguage":"sr-RS","publisher":{"@id":"https:\/\/genoks.com.tr\/sr\/#organization"}}]},"og:locale":"sr_RS","og:site_name":"Genoks Genetics | NIPT, Skrining Nosilaca, Onkogenetika i WES Usluge - Bacamo Svetlost na Va\u0161e Gene!","og:type":"article","og:title":"\u0409\u0443\u0434\u0441\u043a\u0438 \u0440\u0435\u0441\u0443\u0440\u0441\u0438 | \u0424\u043e\u0440\u043c\u0443\u043b\u0430\u0440 \u0437\u0430 \u043f\u0440\u0438\u0458\u0430\u0432\u0443 \u0437\u0430 \u043f\u043e\u0441\u0430\u043e \u0438 \u043f\u0440\u0430\u043a\u0441\u0443","og:description":"\u041f\u0440\u0438\u0458\u0430\u0432\u0438\u0442\u0435 \u0441\u0435 \u0437\u0430 \u043f\u043e\u0441\u0430\u043e \u0438\u043b\u0438 \u043f\u0440\u0430\u043a\u0441\u0443 \u043f\u0440\u0435\u043a\u043e \u0441\u0442\u0440\u0430\u043d\u0438\u0446\u0435 \u0409\u0443\u0434\u0441\u043a\u0438 \u0440\u0435\u0441\u0443\u0440\u0441\u0438. \u0417\u0430\u0443\u0437\u043c\u0438\u0442\u0435 \u0441\u0432\u043e\u0458\u0435 \u043c\u0435\u0441\u0442\u043e \u0443 \u0433\u0435\u043d\u0435\u0442\u0441\u043a\u043e\u043c \u0441\u0432\u0435\u0442\u0443 \u0431\u0443\u0434\u0443\u045b\u043d\u043e\u0441\u0442\u0438 \u0443\u0437 \u043d\u0430\u0443\u0447\u043d\u0443 \u0438\u0437\u0432\u0440\u0441\u043d\u043e\u0441\u0442 \u0438 \u043c\u043e\u0433\u0443\u045b\u043d\u043e\u0441\u0442\u0438 \u043a\u0430\u0440\u0438\u0458\u0435\u0440\u0435!","og:url":"https:\/\/genoks.com.tr\/sr\/%d1%99%d1%83%d0%b4%d1%81%d0%ba%d0%b8-%d1%80%d0%b5%d1%81%d1%83%d1%80%d1%81%d0%b8\/","og:image":"https:\/\/genoks.com.tr\/wp-content\/uploads\/2025\/06\/genoks.svg","og:image:secure_url":"https:\/\/genoks.com.tr\/wp-content\/uploads\/2025\/06\/genoks.svg","article:published_time":"2025-10-08T16:42:16+00:00","article:modified_time":"2026-04-30T18:12:47+00:00","article:publisher":"https:\/\/www.facebook.com\/GenoksGHTM","twitter:card":"summary_large_image","twitter:site":"@Genoks_GHTM","twitter:title":"\u0409\u0443\u0434\u0441\u043a\u0438 \u0440\u0435\u0441\u0443\u0440\u0441\u0438 | \u0424\u043e\u0440\u043c\u0443\u043b\u0430\u0440 \u0437\u0430 \u043f\u0440\u0438\u0458\u0430\u0432\u0443 \u0437\u0430 \u043f\u043e\u0441\u0430\u043e \u0438 \u043f\u0440\u0430\u043a\u0441\u0443","twitter:description":"\u041f\u0440\u0438\u0458\u0430\u0432\u0438\u0442\u0435 \u0441\u0435 \u0437\u0430 \u043f\u043e\u0441\u0430\u043e \u0438\u043b\u0438 \u043f\u0440\u0430\u043a\u0441\u0443 \u043f\u0440\u0435\u043a\u043e \u0441\u0442\u0440\u0430\u043d\u0438\u0446\u0435 \u0409\u0443\u0434\u0441\u043a\u0438 \u0440\u0435\u0441\u0443\u0440\u0441\u0438. \u0417\u0430\u0443\u0437\u043c\u0438\u0442\u0435 \u0441\u0432\u043e\u0458\u0435 \u043c\u0435\u0441\u0442\u043e \u0443 \u0433\u0435\u043d\u0435\u0442\u0441\u043a\u043e\u043c \u0441\u0432\u0435\u0442\u0443 \u0431\u0443\u0434\u0443\u045b\u043d\u043e\u0441\u0442\u0438 \u0443\u0437 \u043d\u0430\u0443\u0447\u043d\u0443 \u0438\u0437\u0432\u0440\u0441\u043d\u043e\u0441\u0442 \u0438 \u043c\u043e\u0433\u0443\u045b\u043d\u043e\u0441\u0442\u0438 \u043a\u0430\u0440\u0438\u0458\u0435\u0440\u0435!","twitter:creator":"@Genoks_GHTM","twitter:image":"https:\/\/genoks.com.tr\/wp-content\/uploads\/2025\/06\/genoks.svg"},"aioseo_meta_data":{"post_id":"1868","title":"\u0409\u0443\u0434\u0441\u043a\u0438 \u0440\u0435\u0441\u0443\u0440\u0441\u0438 | \u0424\u043e\u0440\u043c\u0443\u043b\u0430\u0440 \u0437\u0430 \u043f\u0440\u0438\u0458\u0430\u0432\u0443 \u0437\u0430 \u043f\u043e\u0441\u0430\u043e \u0438 \u043f\u0440\u0430\u043a\u0441\u0443","description":"\u041f\u0440\u0438\u0458\u0430\u0432\u0438\u0442\u0435 \u0441\u0435 \u0437\u0430 \u043f\u043e\u0441\u0430\u043e \u0438\u043b\u0438 \u043f\u0440\u0430\u043a\u0441\u0443 \u043f\u0440\u0435\u043a\u043e \u0441\u0442\u0440\u0430\u043d\u0438\u0446\u0435 \u0409\u0443\u0434\u0441\u043a\u0438 \u0440\u0435\u0441\u0443\u0440\u0441\u0438. \u0417\u0430\u0443\u0437\u043c\u0438\u0442\u0435 \u0441\u0432\u043e\u0458\u0435 \u043c\u0435\u0441\u0442\u043e \u0443 \u0433\u0435\u043d\u0435\u0442\u0441\u043a\u043e\u043c \u0441\u0432\u0435\u0442\u0443 \u0431\u0443\u0434\u0443\u045b\u043d\u043e\u0441\u0442\u0438 \u0443\u0437 \u043d\u0430\u0443\u0447\u043d\u0443 \u0438\u0437\u0432\u0440\u0441\u043d\u043e\u0441\u0442 \u0438 \u043c\u043e\u0433\u0443\u045b\u043d\u043e\u0441\u0442\u0438 \u043a\u0430\u0440\u0438\u0458\u0435\u0440\u0435!","keywords":null,"keyphrases":{"focus":{"keyphrase":"\u0130nsan Kaynaklar\u0131","score":100,"analysis":{"keyphraseInTitle":{"score":9,"maxScore":9,"error":0},"keyphraseInDescription":{"score":9,"maxScore":9,"error":0},"keyphraseLength":{"score":9,"maxScore":9,"error":0,"length":2},"keyphraseInURL":{"score":5,"maxScore":5,"error":0}}},"additional":[{"keyphrase":"genoks i\u015f ba\u015fvurusu","score":67,"analysis":{"keyphraseInDescription":{"score":3,"maxScore":9,"error":1},"keyphraseLength":{"score":9,"maxScore":9,"error":0,"length":4}}},{"keyphrase":"genoks staj ba\u015fvurusu","score":67,"analysis":{"keyphraseInDescription":{"score":3,"maxScore":9,"error":1},"keyphraseLength":{"score":9,"maxScore":9,"error":0,"length":4}}},{"keyphrase":"genetik laboratuvar kariyer","score":67,"analysis":{"keyphraseInDescription":{"score":3,"maxScore":9,"error":1},"keyphraseLength":{"score":9,"maxScore":9,"error":0,"length":3}}},{"keyphrase":"insan kaynaklar\u0131 ba\u015fvuru formu","score":50,"analysis":{"keyphraseInDescription":{"score":3,"maxScore":9,"error":1},"keyphraseLength":{"score":6,"maxScore":9,"error":1,"length":5}}},{"keyphrase":"genetik test merkezi i\u015f ilan\u0131","score":50,"analysis":{"keyphraseInDescription":{"score":3,"maxScore":9,"error":1},"keyphraseLength":{"score":6,"maxScore":9,"error":1,"length":5}}},{"keyphrase":"genetik staj program\u0131","score":67,"analysis":{"keyphraseInDescription":{"score":3,"maxScore":9,"error":1},"keyphraseLength":{"score":9,"maxScore":9,"error":0,"length":3}}},{"keyphrase":"genoks kariyer","score":67,"analysis":{"keyphraseInDescription":{"score":3,"maxScore":9,"error":1},"keyphraseLength":{"score":9,"maxScore":9,"error":0,"length":2}}},{"keyphrase":"i\u015f ve staj ba\u015fvurusu genoks","score":50,"analysis":{"keyphraseInDescription":{"score":3,"maxScore":9,"error":1},"keyphraseLength":{"score":6,"maxScore":9,"error":1,"length":6}}}]},"primary_term":null,"canonical_url":null,"og_title":null,"og_description":null,"og_object_type":"default","og_image_type":"default","og_image_url":null,"og_image_width":null,"og_image_height":null,"og_image_custom_url":null,"og_image_custom_fields":null,"og_video":"","og_custom_url":null,"og_article_section":null,"og_article_tags":null,"twitter_use_og":false,"twitter_card":"default","twitter_image_type":"default","twitter_image_url":null,"twitter_image_custom_url":null,"twitter_image_custom_fields":null,"twitter_title":null,"twitter_description":null,"schema":{"blockGraphs":[],"customGraphs":[],"default":{"data":{"Article":[],"Course":[],"Dataset":[],"FAQPage":[],"Movie":[],"Person":[],"Product":[],"ProductReview":[],"Car":[],"Recipe":[],"Service":[],"SoftwareApplication":[],"WebPage":[]},"graphName":"WebPage","isEnabled":true},"graphs":[]},"schema_type":"default","schema_type_options":null,"pillar_content":false,"robots_default":true,"robots_noindex":false,"robots_noarchive":false,"robots_nosnippet":false,"robots_nofollow":false,"robots_noimageindex":false,"robots_noodp":false,"robots_notranslate":false,"robots_max_snippet":"-1","robots_max_videopreview":"-1","robots_max_imagepreview":"large","priority":null,"frequency":"default","local_seo":null,"seo_analyzer_scan_date":"2026-04-30 19:10:29","breadcrumb_settings":null,"limit_modified_date":false,"reviewed_by":"0","open_ai":null,"ai":{"faqs":[],"keyPoints":[],"titles":[],"descriptions":[],"socialPosts":{"email":[],"linkedin":[],"twitter":[],"facebook":[],"instagram":[]}},"created":"2025-12-13 15:53:41","updated":"2026-04-30 20:20:56"},"aioseo_breadcrumb":"<div class=\"aioseo-breadcrumbs\"><span class=\"aioseo-breadcrumb\">\n\t<a href=\"https:\/\/genoks.com.tr\/sr\/\" title=\"Home\">Home<\/a>\n<\/span><span class=\"aioseo-breadcrumb-separator\">&raquo;<\/span><span class=\"aioseo-breadcrumb\">\n\t\u0409\u0443\u0434\u0441\u043a\u0438 \u0440\u0435\u0441\u0443\u0440\u0441\u0438\n<\/span><\/div>","aioseo_breadcrumb_json":[{"label":"Home","link":"https:\/\/genoks.com.tr\/sr\/"},{"label":"\u0409\u0443\u0434\u0441\u043a\u0438 \u0440\u0435\u0441\u0443\u0440\u0441\u0438","link":"https:\/\/genoks.com.tr\/sr\/%d1%99%d1%83%d0%b4%d1%81%d0%ba%d0%b8-%d1%80%d0%b5%d1%81%d1%83%d1%80%d1%81%d0%b8\/"}],"_links":{"self":[{"href":"https:\/\/genoks.com.tr\/sr\/wp-json\/wp\/v2\/pages\/1868","targetHints":{"allow":["GET"]}}],"collection":[{"href":"https:\/\/genoks.com.tr\/sr\/wp-json\/wp\/v2\/pages"}],"about":[{"href":"https:\/\/genoks.com.tr\/sr\/wp-json\/wp\/v2\/types\/page"}],"author":[{"embeddable":true,"href":"https:\/\/genoks.com.tr\/sr\/wp-json\/wp\/v2\/users\/1"}],"replies":[{"embeddable":true,"href":"https:\/\/genoks.com.tr\/sr\/wp-json\/wp\/v2\/comments?post=1868"}],"version-history":[{"count":1,"href":"https:\/\/genoks.com.tr\/sr\/wp-json\/wp\/v2\/pages\/1868\/revisions"}],"predecessor-version":[{"id":2645,"href":"https:\/\/genoks.com.tr\/sr\/wp-json\/wp\/v2\/pages\/1868\/revisions\/2645"}],"wp:attachment":[{"href":"https:\/\/genoks.com.tr\/sr\/wp-json\/wp\/v2\/media?parent=1868"}],"curies":[{"name":"wp","href":"https:\/\/api.w.org\/{rel}","templated":true}]}}